{"id":101,"date":"2024-08-13T01:13:44","date_gmt":"2024-08-13T01:13:54","guid":{"rendered":"https:\/\/app.chicagonurse.org\/?page_id=101"},"modified":"2024-10-04T20:02:58","modified_gmt":"2024-10-04T20:02:58","slug":"review","status":"publish","type":"page","link":"https:\/\/app.chicagobilingualnurse.org\/br\/steps\/options\/review\/","title":{"rendered":"Iniciar um curso de revis\u00e3o para o NCLEX"},"content":{"rendered":"\n<p>O curso de revis\u00e3o NCLEX \u00e9 necess\u00e1rio para fazer o exame NCLEX. Os cursos podem durar entre 2\u20137 semanas, dependendo de onde voc\u00ea os fizer.<\/p>\n\n\n\n<p>Temos parceria com a <strong>CBNCLEX<\/strong>, que pode ser contatada pelo telefone <strong>(331) 472-9641<\/strong>. Eles oferecem cursos pela manh\u00e3 (9h \u00e0s 12h) e a tarde\/noite (16h \u00e0s 19h).<\/p>\n\n\n\n<ul class=\"wp-block-list\">\n<li>O Programa Abrangente (Voltando ao B\u00e1sico) \u00e9 um programa de 7 semanas, quatro vezes por semana, e custa US$ <strong>1.500<\/strong>.<\/li>\n\n\n\n<li>O programa Fast Track (Repeti\u00e7\u00e3o de tudo em uma base destacada) \u00e9 um programa de 2 semanas e custa US$ <strong>500<\/strong>.<\/li>\n<\/ul>\n\n\n\n<p>O CBNCLEX oferece planos de pagamento: US$ 500 no registro e US$ 500 a cada duas semanas at\u00e9 que o pagamento integral seja recebido.<\/p>\n\n\n\n<p>Cursos de revis\u00e3o tamb\u00e9m s\u00e3o oferecidos on-line pela <a href=\"https:\/\/www.kaptest.com\/nclex\/courses\/nclex-courses\">Kaplan<\/a>,&nbsp;<a href=\"https:\/\/nursing.uworld.com\/nclex-rn\/\">U-World<\/a>,&nbsp;<a href=\"https:\/\/study.remarnurse.com\/vit\/\">Remar<\/a>, e&nbsp;<a href=\"https:\/\/simplenursing.com\/nclex\/\">Simple Nursing NCLEX-RN<\/a>.<\/p>\n\n\n\n<h3 class=\"wp-block-heading\">Outras maneiras de se preparar para o exame NCLEX<\/h3>\n\n\n\n<ul class=\"wp-block-list\">\n<li><a href=\"https:\/\/ncsbn.qualtrics.com\/jfe\/form\/SV_3vCOaqQakTbaOwu\">Baixe o pacote de amostra do NCLEX<\/a>.<\/li>\n\n\n\n<li><a href=\"https:\/\/ncsbn.qualtrics.com\/jfe\/form\/SV_8dDCtk2JFOKpjCu\">Baixe uma pr\u00e9via do exame<\/a>.<\/li>\n\n\n\n<li>Revise os requisitos do <a href=\"https:\/\/www.nclex.com\/acceptable-id.page\">NCLEX para identifica\u00e7\u00e3o pessoal<\/a>.<\/li>\n\n\n\n<li>Aprenda sobre <a href=\"https:\/\/www.nclex.com\/computerized-adaptive-testing.page\">Testes Adaptativos por Computador<\/a> e as Regras de Aprova\u00e7\u00e3o\/Reprova\u00e7\u00e3o do NCLEX.<\/li>\n<\/ul>\n","protected":false},"excerpt":{"rendered":"<p>O curso de revis\u00e3o NCLEX \u00e9 necess\u00e1rio para fazer o exame NCLEX. Os cursos podem durar entre 2\u20137 semanas, dependendo de onde voc\u00ea os fizer. Temos parceria com a CBNCLEX, que pode ser contatada pelo telefone (331) 472-9641. Eles oferecem cursos pela manh\u00e3 (9h \u00e0s 12h) e a tarde\/noite (16h \u00e0s 19h). O CBNCLEX oferece [&hellip;]<\/p>\n","protected":false},"author":7,"featured_media":0,"parent":111,"menu_order":0,"comment_status":"closed","ping_status":"closed","template":"","meta":{"_acf_changed":false,"footnotes":""},"class_list":["post-101","page","type-page","status-publish","hentry"],"translation":{"provider":"WPGlobus","version":"3.0.0","language":"br","enabled_languages":["en","mx","br"],"languages":{"en":{"title":true,"content":true,"excerpt":false},"mx":{"title":true,"content":true,"excerpt":false},"br":{"title":true,"content":true,"excerpt":false}}},"acf":[],"jetpack_sharing_enabled":true,"_links":{"self":[{"href":"https:\/\/app.chicagobilingualnurse.org\/br\/wp-json\/wp\/v2\/pages\/101","targetHints":{"allow":["GET"]}}],"collection":[{"href":"https:\/\/app.chicagobilingualnurse.org\/br\/wp-json\/wp\/v2\/pages"}],"about":[{"href":"https:\/\/app.chicagobilingualnurse.org\/br\/wp-json\/wp\/v2\/types\/page"}],"author":[{"embeddable":true,"href":"https:\/\/app.chicagobilingualnurse.org\/br\/wp-json\/wp\/v2\/users\/7"}],"replies":[{"embeddable":true,"href":"https:\/\/app.chicagobilingualnurse.org\/br\/wp-json\/wp\/v2\/comments?post=101"}],"version-history":[{"count":23,"href":"https:\/\/app.chicagobilingualnurse.org\/br\/wp-json\/wp\/v2\/pages\/101\/revisions"}],"predecessor-version":[{"id":784,"href":"https:\/\/app.chicagobilingualnurse.org\/br\/wp-json\/wp\/v2\/pages\/101\/revisions\/784"}],"up":[{"embeddable":true,"href":"https:\/\/app.chicagobilingualnurse.org\/br\/wp-json\/wp\/v2\/pages\/111"}],"wp:attachment":[{"href":"https:\/\/app.chicagobilingualnurse.org\/br\/wp-json\/wp\/v2\/media?parent=101"}],"curies":[{"name":"wp","href":"https:\/\/api.w.org\/{rel}","templated":true}]}}