{"id":103,"date":"2024-08-13T01:14:44","date_gmt":"2024-08-13T01:14:06","guid":{"rendered":"https:\/\/app.chicagonurse.org\/?page_id=103"},"modified":"2024-10-04T19:48:11","modified_gmt":"2024-10-04T19:48:11","slug":"nclex","status":"publish","type":"page","link":"https:\/\/app.chicagobilingualnurse.org\/br\/steps\/options\/nclex\/","title":{"rendered":"Fazer o exame NCLEX"},"content":{"rendered":"\n<p>A inscri\u00e7\u00e3o para o Exame de Enfermeiro Profissional Registrado (RN) ou Enfermeiro Pr\u00e1tico Licenciado (LPN) \u00e9 um processo duplo. Todos os candidatos devem se inscrever tanto na Continental Testing Services, Inc. (CTS) quanto na Pearson Vue Professional Testing.<\/p>\n","protected":false},"excerpt":{"rendered":"<p>A inscri\u00e7\u00e3o para o Exame de Enfermeiro Profissional Registrado (RN) ou Enfermeiro Pr\u00e1tico Licenciado (LPN) \u00e9 um processo duplo. Todos os candidatos devem se inscrever tanto na Continental Testing Services, Inc. (CTS) quanto na Pearson Vue Professional Testing.<\/p>\n","protected":false},"author":7,"featured_media":0,"parent":111,"menu_order":1,"comment_status":"closed","ping_status":"closed","template":"","meta":{"_acf_changed":false,"footnotes":""},"class_list":["post-103","page","type-page","status-publish","hentry"],"translation":{"provider":"WPGlobus","version":"3.0.0","language":"br","enabled_languages":["en","mx","br"],"languages":{"en":{"title":true,"content":true,"excerpt":false},"mx":{"title":true,"content":true,"excerpt":false},"br":{"title":true,"content":true,"excerpt":false}}},"acf":[],"jetpack_sharing_enabled":true,"_links":{"self":[{"href":"https:\/\/app.chicagobilingualnurse.org\/br\/wp-json\/wp\/v2\/pages\/103","targetHints":{"allow":["GET"]}}],"collection":[{"href":"https:\/\/app.chicagobilingualnurse.org\/br\/wp-json\/wp\/v2\/pages"}],"about":[{"href":"https:\/\/app.chicagobilingualnurse.org\/br\/wp-json\/wp\/v2\/types\/page"}],"author":[{"embeddable":true,"href":"https:\/\/app.chicagobilingualnurse.org\/br\/wp-json\/wp\/v2\/users\/7"}],"replies":[{"embeddable":true,"href":"https:\/\/app.chicagobilingualnurse.org\/br\/wp-json\/wp\/v2\/comments?post=103"}],"version-history":[{"count":10,"href":"https:\/\/app.chicagobilingualnurse.org\/br\/wp-json\/wp\/v2\/pages\/103\/revisions"}],"predecessor-version":[{"id":765,"href":"https:\/\/app.chicagobilingualnurse.org\/br\/wp-json\/wp\/v2\/pages\/103\/revisions\/765"}],"up":[{"embeddable":true,"href":"https:\/\/app.chicagobilingualnurse.org\/br\/wp-json\/wp\/v2\/pages\/111"}],"wp:attachment":[{"href":"https:\/\/app.chicagobilingualnurse.org\/br\/wp-json\/wp\/v2\/media?parent=103"}],"curies":[{"name":"wp","href":"https:\/\/api.w.org\/{rel}","templated":true}]}}