{"id":105,"date":"2024-08-13T01:30:44","date_gmt":"2024-08-13T01:30:44","guid":{"rendered":"https:\/\/app.chicagonurse.org\/?page_id=105"},"modified":"2024-10-08T00:40:25","modified_gmt":"2024-10-08T00:40:25","slug":"begin","status":"publish","type":"page","link":"https:\/\/app.chicagobilingualnurse.org\/br\/begin\/","title":{"rendered":"Aplicativo de enfermagem"},"content":{"rendered":"\n<p>Esta ferramenta ir\u00e1 ajud\u00e1-lo a se tornar enfermeiro(a) em Illinois, explicando e simplificando o processo de obten\u00e7\u00e3o da licen\u00e7a de RN. Assim que voc\u00ea concluir suas tarefas, poder\u00e1 retornar ao mesmo navegador e ele lembrar\u00e1 seu progresso. Este aplicativo n\u00e3o armazenar\u00e1 nenhuma informa\u00e7\u00e3o pessoal sua diretamente, exceto para passar seu nome, e-mail, n\u00famero de telefone, idioma e pa\u00eds de origem para nosso escrit\u00f3rio. Vamos come\u00e7ar verificando seu primeiro idioma:<\/p>\n","protected":false},"excerpt":{"rendered":"<p>Esta ferramenta ir\u00e1 ajud\u00e1-lo a se tornar enfermeiro(a) em Illinois, explicando e simplificando o processo de obten\u00e7\u00e3o da licen\u00e7a de RN. Assim que voc\u00ea concluir suas tarefas, poder\u00e1 retornar ao mesmo navegador e ele lembrar\u00e1 seu progresso. Este aplicativo n\u00e3o armazenar\u00e1 nenhuma informa\u00e7\u00e3o pessoal sua diretamente, exceto para passar seu nome, e-mail, n\u00famero de telefone, [&hellip;]<\/p>\n","protected":false},"author":7,"featured_media":0,"parent":0,"menu_order":4,"comment_status":"closed","ping_status":"closed","template":"","meta":{"_acf_changed":false,"footnotes":""},"class_list":["post-105","page","type-page","status-publish","hentry"],"translation":{"provider":"WPGlobus","version":"3.0.0","language":"br","enabled_languages":["en","mx","br"],"languages":{"en":{"title":true,"content":true,"excerpt":false},"mx":{"title":true,"content":true,"excerpt":false},"br":{"title":true,"content":true,"excerpt":false}}},"acf":[],"jetpack_sharing_enabled":true,"_links":{"self":[{"href":"https:\/\/app.chicagobilingualnurse.org\/br\/wp-json\/wp\/v2\/pages\/105","targetHints":{"allow":["GET"]}}],"collection":[{"href":"https:\/\/app.chicagobilingualnurse.org\/br\/wp-json\/wp\/v2\/pages"}],"about":[{"href":"https:\/\/app.chicagobilingualnurse.org\/br\/wp-json\/wp\/v2\/types\/page"}],"author":[{"embeddable":true,"href":"https:\/\/app.chicagobilingualnurse.org\/br\/wp-json\/wp\/v2\/users\/7"}],"replies":[{"embeddable":true,"href":"https:\/\/app.chicagobilingualnurse.org\/br\/wp-json\/wp\/v2\/comments?post=105"}],"version-history":[{"count":13,"href":"https:\/\/app.chicagobilingualnurse.org\/br\/wp-json\/wp\/v2\/pages\/105\/revisions"}],"predecessor-version":[{"id":801,"href":"https:\/\/app.chicagobilingualnurse.org\/br\/wp-json\/wp\/v2\/pages\/105\/revisions\/801"}],"wp:attachment":[{"href":"https:\/\/app.chicagobilingualnurse.org\/br\/wp-json\/wp\/v2\/media?parent=105"}],"curies":[{"name":"wp","href":"https:\/\/api.w.org\/{rel}","templated":true}]}}