{"id":111,"date":"2024-08-13T16:50:44","date_gmt":"2024-08-13T16:50:09","guid":{"rendered":"https:\/\/app.chicagonurse.org\/?page_id=111"},"modified":"2024-10-04T20:01:28","modified_gmt":"2024-10-04T20:01:28","slug":"options","status":"publish","type":"page","link":"https:\/\/app.chicagobilingualnurse.org\/br\/steps\/options\/","title":{"rendered":"Tornar-se Enfermeiro(a) Registrado(a)"},"content":{"rendered":"\n<p>Agora que voc\u00ea concluiu o processo com o CGFNS e realizou o exame de profici\u00eancia em ingl\u00eas, voc\u00ea pode fazer o exame NCLEX para se tornar um RN. Enquanto isso, voc\u00ea tamb\u00e9m pode seguir um caminho para se tornar um assistente de enfermagem certificado (CNA).<\/p>\n","protected":false},"excerpt":{"rendered":"<p>Agora que voc\u00ea concluiu o processo com o CGFNS e realizou o exame de profici\u00eancia em ingl\u00eas, voc\u00ea pode fazer o exame NCLEX para se tornar um RN. Enquanto isso, voc\u00ea tamb\u00e9m pode seguir um caminho para se tornar um assistente de enfermagem certificado (CNA).<\/p>\n","protected":false},"author":7,"featured_media":0,"parent":91,"menu_order":4,"comment_status":"closed","ping_status":"closed","template":"","meta":{"_acf_changed":false,"footnotes":""},"class_list":["post-111","page","type-page","status-publish","hentry"],"translation":{"provider":"WPGlobus","version":"3.0.0","language":"br","enabled_languages":["en","mx","br"],"languages":{"en":{"title":true,"content":true,"excerpt":false},"mx":{"title":true,"content":true,"excerpt":false},"br":{"title":true,"content":true,"excerpt":false}}},"acf":[],"jetpack_sharing_enabled":true,"_links":{"self":[{"href":"https:\/\/app.chicagobilingualnurse.org\/br\/wp-json\/wp\/v2\/pages\/111","targetHints":{"allow":["GET"]}}],"collection":[{"href":"https:\/\/app.chicagobilingualnurse.org\/br\/wp-json\/wp\/v2\/pages"}],"about":[{"href":"https:\/\/app.chicagobilingualnurse.org\/br\/wp-json\/wp\/v2\/types\/page"}],"author":[{"embeddable":true,"href":"https:\/\/app.chicagobilingualnurse.org\/br\/wp-json\/wp\/v2\/users\/7"}],"replies":[{"embeddable":true,"href":"https:\/\/app.chicagobilingualnurse.org\/br\/wp-json\/wp\/v2\/comments?post=111"}],"version-history":[{"count":10,"href":"https:\/\/app.chicagobilingualnurse.org\/br\/wp-json\/wp\/v2\/pages\/111\/revisions"}],"predecessor-version":[{"id":782,"href":"https:\/\/app.chicagobilingualnurse.org\/br\/wp-json\/wp\/v2\/pages\/111\/revisions\/782"}],"up":[{"embeddable":true,"href":"https:\/\/app.chicagobilingualnurse.org\/br\/wp-json\/wp\/v2\/pages\/91"}],"wp:attachment":[{"href":"https:\/\/app.chicagobilingualnurse.org\/br\/wp-json\/wp\/v2\/media?parent=111"}],"curies":[{"name":"wp","href":"https:\/\/api.w.org\/{rel}","templated":true}]}}