{"id":182,"date":"2024-08-13T23:59:44","date_gmt":"2024-08-13T23:59:31","guid":{"rendered":"https:\/\/app.chicagonurse.org\/?page_id=182"},"modified":"2024-10-04T20:03:54","modified_gmt":"2024-10-04T20:03:54","slug":"pearson","status":"publish","type":"page","link":"https:\/\/app.chicagobilingualnurse.org\/br\/steps\/options\/nclex\/pearson\/","title":{"rendered":"Inscreva-se atrav\u00e9s da Pearson Vue"},"content":{"rendered":"\n<p>Voc\u00ea deve <a href=\"https:\/\/wsr.pearsonvue.com\/testtaker\/profile\/create\/SignUp\/NCLEXTESTING\">registrar uma conta com a Pearson Vue<\/a>. O processo de registro pede informa\u00e7\u00f5es bem b\u00e1sicas:<\/p>\n\n\n\n<ul class=\"wp-block-list\">\n<li><strong>Nome<\/strong> e <strong>Sobrenome<\/strong>, <strong>endere\u00e7o<\/strong> residencial, n\u00famero de <strong>telefone<\/strong><\/li>\n\n\n\n<li>Data de nascimento, sexo<\/li>\n\n\n\n<li><strong>N\u00famero da Seguran\u00e7a Social<\/strong><\/li>\n\n\n\n<li>Seu nome de solteira, se houver, e o nome de solteira de sua m\u00e3e<\/li>\n\n\n\n<li>Seu nome anterior, se voc\u00ea tinha um, e a data em que voc\u00ea o alterou<\/li>\n\n\n\n<li>Seu <strong>idioma principal<\/strong> (ingl\u00eas, outro idioma ou ingl\u00eas e outro idioma)<\/li>\n<\/ul>\n","protected":false},"excerpt":{"rendered":"<p>Voc\u00ea deve registrar uma conta com a Pearson Vue. O processo de registro pede informa\u00e7\u00f5es bem b\u00e1sicas:<\/p>\n","protected":false},"author":7,"featured_media":406,"parent":103,"menu_order":4,"comment_status":"closed","ping_status":"closed","template":"","meta":{"_acf_changed":false,"footnotes":""},"class_list":["post-182","page","type-page","status-publish","has-post-thumbnail","hentry"],"translation":{"provider":"WPGlobus","version":"3.0.0","language":"br","enabled_languages":["en","mx","br"],"languages":{"en":{"title":true,"content":true,"excerpt":false},"mx":{"title":true,"content":true,"excerpt":false},"br":{"title":true,"content":true,"excerpt":false}}},"acf":[],"jetpack_sharing_enabled":true,"_links":{"self":[{"href":"https:\/\/app.chicagobilingualnurse.org\/br\/wp-json\/wp\/v2\/pages\/182","targetHints":{"allow":["GET"]}}],"collection":[{"href":"https:\/\/app.chicagobilingualnurse.org\/br\/wp-json\/wp\/v2\/pages"}],"about":[{"href":"https:\/\/app.chicagobilingualnurse.org\/br\/wp-json\/wp\/v2\/types\/page"}],"author":[{"embeddable":true,"href":"https:\/\/app.chicagobilingualnurse.org\/br\/wp-json\/wp\/v2\/users\/7"}],"replies":[{"embeddable":true,"href":"https:\/\/app.chicagobilingualnurse.org\/br\/wp-json\/wp\/v2\/comments?post=182"}],"version-history":[{"count":16,"href":"https:\/\/app.chicagobilingualnurse.org\/br\/wp-json\/wp\/v2\/pages\/182\/revisions"}],"predecessor-version":[{"id":785,"href":"https:\/\/app.chicagobilingualnurse.org\/br\/wp-json\/wp\/v2\/pages\/182\/revisions\/785"}],"up":[{"embeddable":true,"href":"https:\/\/app.chicagobilingualnurse.org\/br\/wp-json\/wp\/v2\/pages\/103"}],"wp:featuredmedia":[{"embeddable":true,"href":"https:\/\/app.chicagobilingualnurse.org\/br\/wp-json\/wp\/v2\/media\/406"}],"wp:attachment":[{"href":"https:\/\/app.chicagobilingualnurse.org\/br\/wp-json\/wp\/v2\/media?parent=182"}],"curies":[{"name":"wp","href":"https:\/\/api.w.org\/{rel}","templated":true}]}}