{"id":193,"date":"2024-08-14T00:51:44","date_gmt":"2024-08-14T00:51:04","guid":{"rendered":"https:\/\/app.chicagonurse.org\/?page_id=193"},"modified":"2024-09-11T21:10:24","modified_gmt":"2024-09-11T21:10:24","slug":"authorize","status":"publish","type":"page","link":"https:\/\/app.chicagobilingualnurse.org\/br\/steps\/options\/nclex\/authorize\/","title":{"rendered":"Autorizar CBNC com IDFPR"},"content":{"rendered":"\n<p>Voc\u00ea vai querer dar \u00e0 CBNC sua procura\u00e7\u00e3o com o Illinois Department of Financial and Professional Regulation. Isso nos permitir\u00e1 advogar efetivamente em seu nome com o estado.<\/p>\n\n\n\n<p>Conclua o preenchimento do formul\u00e1rio abaixo.<\/p>\n\n\n\n<div data-wp-interactive=\"core\/file\" class=\"wp-block-file\"><object data-wp-bind--hidden=\"!state.hasPdfPreview\" hidden class=\"wp-block-file__embed\" data=\"\/assets\/idfpr.pdf\" type=\"application\/pdf\" style=\"width:100%;height:600px\" aria-label=\"Incorporar PDF\"><\/object><\/div>\n\n\n\n<p>Voc\u00ea precisar\u00e1 imprimi-lo e t\u00ea-lo assinado por um <a href=\"https:\/\/www.findanotary.com\/\">tabeli\u00e3o p\u00fablico<\/a>. Depois de autenticado, escaneie ou fotografe o documento e <a href=\"mailto:FPR.ThirdPartyAuth@illinois.gov\">envie-o por e-mail para FPR.ThirdPartyAuth@illinois.gov<\/a>, ou envie-o para o endere\u00e7o abaixo:<\/p>\n\n\n\n<p><strong>IDFPR<\/strong><br>320 W. Washington St.<br>Springfield, IL 62786<\/p>\n","protected":false},"excerpt":{"rendered":"<p>Voc\u00ea vai querer dar \u00e0 CBNC sua procura\u00e7\u00e3o com o Illinois Department of Financial and Professional Regulation. Isso nos permitir\u00e1 advogar efetivamente em seu nome com o estado. Conclua o preenchimento do formul\u00e1rio abaixo. Voc\u00ea precisar\u00e1 imprimi-lo e t\u00ea-lo assinado por um tabeli\u00e3o p\u00fablico. Depois de autenticado, escaneie ou fotografe o documento e envie-o por [&hellip;]<\/p>\n","protected":false},"author":7,"featured_media":0,"parent":103,"menu_order":1,"comment_status":"closed","ping_status":"closed","template":"","meta":{"_acf_changed":false,"footnotes":""},"class_list":["post-193","page","type-page","status-publish","hentry"],"translation":{"provider":"WPGlobus","version":"3.0.0","language":"br","enabled_languages":["en","mx","br"],"languages":{"en":{"title":true,"content":true,"excerpt":false},"mx":{"title":true,"content":true,"excerpt":false},"br":{"title":true,"content":true,"excerpt":false}}},"acf":[],"jetpack_sharing_enabled":true,"_links":{"self":[{"href":"https:\/\/app.chicagobilingualnurse.org\/br\/wp-json\/wp\/v2\/pages\/193","targetHints":{"allow":["GET"]}}],"collection":[{"href":"https:\/\/app.chicagobilingualnurse.org\/br\/wp-json\/wp\/v2\/pages"}],"about":[{"href":"https:\/\/app.chicagobilingualnurse.org\/br\/wp-json\/wp\/v2\/types\/page"}],"author":[{"embeddable":true,"href":"https:\/\/app.chicagobilingualnurse.org\/br\/wp-json\/wp\/v2\/users\/7"}],"replies":[{"embeddable":true,"href":"https:\/\/app.chicagobilingualnurse.org\/br\/wp-json\/wp\/v2\/comments?post=193"}],"version-history":[{"count":7,"href":"https:\/\/app.chicagobilingualnurse.org\/br\/wp-json\/wp\/v2\/pages\/193\/revisions"}],"predecessor-version":[{"id":687,"href":"https:\/\/app.chicagobilingualnurse.org\/br\/wp-json\/wp\/v2\/pages\/193\/revisions\/687"}],"up":[{"embeddable":true,"href":"https:\/\/app.chicagobilingualnurse.org\/br\/wp-json\/wp\/v2\/pages\/103"}],"wp:attachment":[{"href":"https:\/\/app.chicagobilingualnurse.org\/br\/wp-json\/wp\/v2\/media?parent=193"}],"curies":[{"name":"wp","href":"https:\/\/api.w.org\/{rel}","templated":true}]}}