{"id":212,"date":"2024-08-14T01:01:44","date_gmt":"2024-08-14T01:01:39","guid":{"rendered":"https:\/\/app.chicagonurse.org\/?page_id=212"},"modified":"2024-10-04T20:04:14","modified_gmt":"2024-10-04T20:04:14","slug":"continental","status":"publish","type":"page","link":"https:\/\/app.chicagobilingualnurse.org\/br\/steps\/options\/nclex\/continental\/","title":{"rendered":"Inscreva-se atrav\u00e9s da Continental"},"content":{"rendered":"\n<p>A Continental verifica sua elegibilidade para fazer o exame. Assim que a Continental receber sua aplica\u00e7\u00e3o, eles ir\u00e3o analisar e podem pedir documenta\u00e7\u00e3o adicional se alguma n\u00e3o for fornecida.<\/p>\n\n\n\n<p>Se a inscri\u00e7\u00e3o for aprovada, a Continental entrar\u00e1 em contato com a Pearson Vue para aprova\u00e7\u00e3o. Se voc\u00ea tamb\u00e9m se inscreveu na Pearson Vue e sua inscri\u00e7\u00e3o foi aceita, a Pearson enviar\u00e1 a aprova\u00e7\u00e3o por e-mail e voc\u00ea estar\u00e1 pronto para agendar seu exame.<\/p>\n\n\n\n<ul class=\"wp-block-list\">\n<li><a href=\"https:\/\/www.continentaltesting.net\/Application\/Index\/10\">Inscreva-se on-line<\/a> para fazer o exame. Para se inscrever, voc\u00ea precisar\u00e1 fornecer as seguintes informa\u00e7\u00f5es:\n<ul class=\"wp-block-list\">\n<li><strong>Primeiro<\/strong> e <strong>\u00faltimo nome<\/strong>, e \u2018<strong>given surname<\/strong>\u2018 (provavelmente o mesmo que seu sobrenome)<\/li>\n\n\n\n<li><strong>N\u00famero da Seguran\u00e7a Social<\/strong><\/li>\n\n\n\n<li><strong>Endere\u00e7o<\/strong> para correspond\u00eancia<\/li>\n\n\n\n<li><strong>Data<\/strong> e <strong>local de nascimento<\/strong><\/li>\n\n\n\n<li><strong>Idade<\/strong> e <strong>g\u00eanero<\/strong><\/li>\n\n\n\n<li>Pelo menos um n\u00famero de <strong>telefone<\/strong><\/li>\n<\/ul>\n<\/li>\n\n\n\n<li>Voc\u00ea tamb\u00e9m precisar\u00e1 inserir muitas informa\u00e7\u00f5es que j\u00e1 inseriu no CGFNS, como:\n<ul class=\"wp-block-list\">\n<li>Hist\u00f3ria da <strong>educa\u00e7\u00e3o<\/strong><\/li>\n\n\n\n<li><strong>Especialidades<\/strong><\/li>\n\n\n\n<li>Registros de <strong>licen\u00e7a<\/strong> e <strong>exames<\/strong><\/li>\n<\/ul>\n<\/li>\n\n\n\n<li>A Continental tamb\u00e9m perguntar\u00e1 sobre seu hist\u00f3rico <strong>militar<\/strong>, <strong>de sa\u00fade<\/strong> e <strong>criminal<\/strong>, incluindo condena\u00e7\u00f5es criminais anteriores.<\/li>\n\n\n\n<li>Voc\u00ea ser\u00e1 solicitado a verificar se n\u00e3o est\u00e1 em atraso com o <strong>imposto de renda<\/strong> ou com o <strong>pagamento de pens\u00e3o aliment\u00edcia<\/strong>.<\/li>\n<\/ul>\n\n\n\n<p>Este requerimento custar\u00e1 <strong>$107<\/strong>. Ap\u00f3s enviar seu requerimento, voc\u00ea tem <strong>60 dias<\/strong> para se submeter a uma verifica\u00e7\u00e3o de antecedentes do Departamento de Pol\u00edcia de Illinois. Por esse motivo, voc\u00ea deve obter suas impress\u00f5es digitais o mais r\u00e1pido poss\u00edvel.<\/p>\n","protected":false},"excerpt":{"rendered":"<p>A Continental verifica sua elegibilidade para fazer o exame. Assim que a Continental receber sua aplica\u00e7\u00e3o, eles ir\u00e3o analisar e podem pedir documenta\u00e7\u00e3o adicional se alguma n\u00e3o for fornecida. Se a inscri\u00e7\u00e3o for aprovada, a Continental entrar\u00e1 em contato com a Pearson Vue para aprova\u00e7\u00e3o. Se voc\u00ea tamb\u00e9m se inscreveu na Pearson Vue e sua [&hellip;]<\/p>\n","protected":false},"author":7,"featured_media":412,"parent":103,"menu_order":5,"comment_status":"closed","ping_status":"closed","template":"","meta":{"_acf_changed":false,"footnotes":""},"class_list":["post-212","page","type-page","status-publish","has-post-thumbnail","hentry"],"translation":{"provider":"WPGlobus","version":"3.0.0","language":"br","enabled_languages":["en","mx","br"],"languages":{"en":{"title":true,"content":true,"excerpt":false},"mx":{"title":true,"content":true,"excerpt":false},"br":{"title":true,"content":true,"excerpt":false}}},"acf":[],"jetpack_sharing_enabled":true,"_links":{"self":[{"href":"https:\/\/app.chicagobilingualnurse.org\/br\/wp-json\/wp\/v2\/pages\/212","targetHints":{"allow":["GET"]}}],"collection":[{"href":"https:\/\/app.chicagobilingualnurse.org\/br\/wp-json\/wp\/v2\/pages"}],"about":[{"href":"https:\/\/app.chicagobilingualnurse.org\/br\/wp-json\/wp\/v2\/types\/page"}],"author":[{"embeddable":true,"href":"https:\/\/app.chicagobilingualnurse.org\/br\/wp-json\/wp\/v2\/users\/7"}],"replies":[{"embeddable":true,"href":"https:\/\/app.chicagobilingualnurse.org\/br\/wp-json\/wp\/v2\/comments?post=212"}],"version-history":[{"count":17,"href":"https:\/\/app.chicagobilingualnurse.org\/br\/wp-json\/wp\/v2\/pages\/212\/revisions"}],"predecessor-version":[{"id":786,"href":"https:\/\/app.chicagobilingualnurse.org\/br\/wp-json\/wp\/v2\/pages\/212\/revisions\/786"}],"up":[{"embeddable":true,"href":"https:\/\/app.chicagobilingualnurse.org\/br\/wp-json\/wp\/v2\/pages\/103"}],"wp:featuredmedia":[{"embeddable":true,"href":"https:\/\/app.chicagobilingualnurse.org\/br\/wp-json\/wp\/v2\/media\/412"}],"wp:attachment":[{"href":"https:\/\/app.chicagobilingualnurse.org\/br\/wp-json\/wp\/v2\/media?parent=212"}],"curies":[{"name":"wp","href":"https:\/\/api.w.org\/{rel}","templated":true}]}}