{"id":217,"date":"2024-08-14T01:07:44","date_gmt":"2024-08-14T01:07:08","guid":{"rendered":"https:\/\/app.chicagonurse.org\/?page_id=217"},"modified":"2024-09-11T21:49:26","modified_gmt":"2024-09-11T21:49:26","slug":"results","status":"publish","type":"page","link":"https:\/\/app.chicagobilingualnurse.org\/br\/steps\/options\/nclex\/results\/","title":{"rendered":"Aguarde os resultados"},"content":{"rendered":"\n<p>Depois que voc\u00ea fizer o exame, a Pearson Vue fornecer\u00e1 os resultados para a Continental Testing Services (CTS). Se voc\u00ea passar no exame, a CTS enviar\u00e1 seus resultados para o IDFPR e enviar\u00e1 a voc\u00ea uma carta de aprova\u00e7\u00e3o.<\/p>\n\n\n\n<ul class=\"wp-block-list\">\n<li>Se voc\u00ea for reprovado no exame, dever\u00e1 se inscrever novamente na <a href=\"https:\/\/app.chicagobilingualnurse.org\/#continental\">Continental<\/a> e na <a href=\"https:\/\/app.chicagobilingualnurse.org\/#pearson\">Pearson Vue<\/a>.<\/li>\n\n\n\n<li>Se voc\u00ea passar no exame, o CTS enviar\u00e1 automaticamente sua aprova\u00e7\u00e3o ao IDFPR, e eles lhe enviar\u00e3o por e-mail instru\u00e7\u00f5es para consultar e imprimir sua licen\u00e7a de RN.<\/li>\n<\/ul>\n","protected":false},"excerpt":{"rendered":"<p>Depois que voc\u00ea fizer o exame, a Pearson Vue fornecer\u00e1 os resultados para a Continental Testing Services (CTS). Se voc\u00ea passar no exame, a CTS enviar\u00e1 seus resultados para o IDFPR e enviar\u00e1 a voc\u00ea uma carta de aprova\u00e7\u00e3o.<\/p>\n","protected":false},"author":7,"featured_media":0,"parent":103,"menu_order":8,"comment_status":"closed","ping_status":"closed","template":"","meta":{"_acf_changed":false,"footnotes":""},"class_list":["post-217","page","type-page","status-publish","hentry"],"translation":{"provider":"WPGlobus","version":"3.0.0","language":"br","enabled_languages":["en","mx","br"],"languages":{"en":{"title":true,"content":true,"excerpt":false},"mx":{"title":true,"content":true,"excerpt":false},"br":{"title":true,"content":true,"excerpt":false}}},"acf":[],"jetpack_sharing_enabled":true,"_links":{"self":[{"href":"https:\/\/app.chicagobilingualnurse.org\/br\/wp-json\/wp\/v2\/pages\/217","targetHints":{"allow":["GET"]}}],"collection":[{"href":"https:\/\/app.chicagobilingualnurse.org\/br\/wp-json\/wp\/v2\/pages"}],"about":[{"href":"https:\/\/app.chicagobilingualnurse.org\/br\/wp-json\/wp\/v2\/types\/page"}],"author":[{"embeddable":true,"href":"https:\/\/app.chicagobilingualnurse.org\/br\/wp-json\/wp\/v2\/users\/7"}],"replies":[{"embeddable":true,"href":"https:\/\/app.chicagobilingualnurse.org\/br\/wp-json\/wp\/v2\/comments?post=217"}],"version-history":[{"count":7,"href":"https:\/\/app.chicagobilingualnurse.org\/br\/wp-json\/wp\/v2\/pages\/217\/revisions"}],"predecessor-version":[{"id":717,"href":"https:\/\/app.chicagobilingualnurse.org\/br\/wp-json\/wp\/v2\/pages\/217\/revisions\/717"}],"up":[{"embeddable":true,"href":"https:\/\/app.chicagobilingualnurse.org\/br\/wp-json\/wp\/v2\/pages\/103"}],"wp:attachment":[{"href":"https:\/\/app.chicagobilingualnurse.org\/br\/wp-json\/wp\/v2\/media?parent=217"}],"curies":[{"name":"wp","href":"https:\/\/api.w.org\/{rel}","templated":true}]}}