{"id":229,"date":"2024-08-14T01:27:44","date_gmt":"2024-08-14T01:27:21","guid":{"rendered":"https:\/\/app.chicagonurse.org\/?page_id=229"},"modified":"2024-09-11T21:16:07","modified_gmt":"2024-09-11T21:16:07","slug":"proof2","status":"publish","type":"page","link":"https:\/\/app.chicagobilingualnurse.org\/br\/steps\/options\/nclex\/proof2\/","title":{"rendered":"Enviar comprovante de educa\u00e7\u00e3o para o IDFPR"},"content":{"rendered":"\n<p>Antes de se inscrever para fazer o exame NCLEX, voc\u00ea precisar\u00e1 obter as seguintes informa\u00e7\u00f5es:<\/p>\n\n\n\n<ul class=\"wp-block-list\">\n<li><a href=\"https:\/\/app.chicagobilingualnurse.org\/assets\/ED_NUR.pdf\">Baixe o formul\u00e1rio ED-NUR<\/a> e preencha a primeira se\u00e7\u00e3o, em \u2018applicant\u2019.<\/li>\n\n\n\n<li>Envie o formul\u00e1rio para sua escola, seguindo o mesmo processo usado anteriormente para enviar o ED-NUR ao CGFNS.<\/li>\n\n\n\n<li>A escola deve ent\u00e3o preencher o restante do formul\u00e1rio, assin\u00e1-lo e envi\u00e1-lo ao IDFPR no seguinte endere\u00e7o:<br><br><strong>Illinois Department of Financial and Professional Regulation<br><\/strong>320 West Washington Street, 3rd Floor<br>Springfield, Illinois 62786<br><br>Como antes, voc\u00ea pode preencher previamente um envelope endere\u00e7ado ao IDFPR, incluindo o endere\u00e7o de retorno da escola e a postagem, e incluir este envelope dentro daquele que voc\u00ea enviar a eles.<\/li>\n<\/ul>\n\n\n\n<p>Simultaneamente, o CGFNS enviar\u00e1 seu relat\u00f3rio de avalia\u00e7\u00e3o do CES diretamente ao IDFPR.<\/p>\n","protected":false},"excerpt":{"rendered":"<p>Antes de se inscrever para fazer o exame NCLEX, voc\u00ea precisar\u00e1 obter as seguintes informa\u00e7\u00f5es: Simultaneamente, o CGFNS enviar\u00e1 seu relat\u00f3rio de avalia\u00e7\u00e3o do CES diretamente ao IDFPR.<\/p>\n","protected":false},"author":7,"featured_media":0,"parent":103,"menu_order":2,"comment_status":"closed","ping_status":"closed","template":"","meta":{"_acf_changed":false,"footnotes":""},"class_list":["post-229","page","type-page","status-publish","hentry"],"translation":{"provider":"WPGlobus","version":"3.0.0","language":"br","enabled_languages":["en","mx","br"],"languages":{"en":{"title":true,"content":true,"excerpt":false},"mx":{"title":true,"content":true,"excerpt":false},"br":{"title":true,"content":true,"excerpt":false}}},"acf":[],"jetpack_sharing_enabled":true,"_links":{"self":[{"href":"https:\/\/app.chicagobilingualnurse.org\/br\/wp-json\/wp\/v2\/pages\/229","targetHints":{"allow":["GET"]}}],"collection":[{"href":"https:\/\/app.chicagobilingualnurse.org\/br\/wp-json\/wp\/v2\/pages"}],"about":[{"href":"https:\/\/app.chicagobilingualnurse.org\/br\/wp-json\/wp\/v2\/types\/page"}],"author":[{"embeddable":true,"href":"https:\/\/app.chicagobilingualnurse.org\/br\/wp-json\/wp\/v2\/users\/7"}],"replies":[{"embeddable":true,"href":"https:\/\/app.chicagobilingualnurse.org\/br\/wp-json\/wp\/v2\/comments?post=229"}],"version-history":[{"count":12,"href":"https:\/\/app.chicagobilingualnurse.org\/br\/wp-json\/wp\/v2\/pages\/229\/revisions"}],"predecessor-version":[{"id":691,"href":"https:\/\/app.chicagobilingualnurse.org\/br\/wp-json\/wp\/v2\/pages\/229\/revisions\/691"}],"up":[{"embeddable":true,"href":"https:\/\/app.chicagobilingualnurse.org\/br\/wp-json\/wp\/v2\/pages\/103"}],"wp:attachment":[{"href":"https:\/\/app.chicagobilingualnurse.org\/br\/wp-json\/wp\/v2\/media?parent=229"}],"curies":[{"name":"wp","href":"https:\/\/api.w.org\/{rel}","templated":true}]}}