{"id":231,"date":"2024-08-14T01:28:29","date_gmt":"2024-08-14T01:28:29","guid":{"rendered":"https:\/\/app.chicagonurse.org\/?page_id=231"},"modified":"2024-09-11T21:42:05","modified_gmt":"2024-09-11T21:42:05","slug":"fingerprints","status":"publish","type":"page","link":"https:\/\/app.chicagobilingualnurse.org\/br\/steps\/options\/nclex\/fingerprints\/","title":{"rendered":"Obter impress\u00f5es digitais"},"content":{"rendered":"\n<p>Os candidatos a RPN precisar\u00e3o obter prova de impress\u00e3o digital por um <a href=\"https:\/\/idfprapps.illinois.gov\/licenselookup\/fingerprintlist.asp\">Illinois Live Scan Fingerprint Vendor<\/a> licenciado. Depois que voc\u00ea tirar sua impress\u00e3o digital, o fornecedor lhe dar\u00e1 um recibo com um n\u00famero de controle de transa\u00e7\u00e3o (TCN). Al\u00e9m disso, eles transferir\u00e3o suas impress\u00f5es digitais para a Pol\u00edcia Estadual de Illinois para realizar a verifica\u00e7\u00e3o de antecedentes. Depois que a pol\u00edcia estadual concluir sua verifica\u00e7\u00e3o, eles enviar\u00e3o os resultados para o IDFPR.<\/p>\n\n\n\n<p><strong>Guarde seu recibo<\/strong> para o caso de haver uma falha no processo por parte do fornecedor, da pol\u00edcia e, depois, do IDFPR.<\/p>\n","protected":false},"excerpt":{"rendered":"<p>Os candidatos a RPN precisar\u00e3o obter prova de impress\u00e3o digital por um Illinois Live Scan Fingerprint Vendor licenciado. Depois que voc\u00ea tirar sua impress\u00e3o digital, o fornecedor lhe dar\u00e1 um recibo com um n\u00famero de controle de transa\u00e7\u00e3o (TCN). Al\u00e9m disso, eles transferir\u00e3o suas impress\u00f5es digitais para a Pol\u00edcia Estadual de Illinois para realizar a [&hellip;]<\/p>\n","protected":false},"author":7,"featured_media":0,"parent":103,"menu_order":6,"comment_status":"closed","ping_status":"closed","template":"","meta":{"_acf_changed":false,"footnotes":""},"class_list":["post-231","page","type-page","status-publish","hentry"],"translation":{"provider":"WPGlobus","version":"3.0.0","language":"br","enabled_languages":["en","mx","br"],"languages":{"en":{"title":true,"content":true,"excerpt":false},"mx":{"title":true,"content":true,"excerpt":false},"br":{"title":true,"content":true,"excerpt":false}}},"acf":[],"jetpack_sharing_enabled":true,"_links":{"self":[{"href":"https:\/\/app.chicagobilingualnurse.org\/br\/wp-json\/wp\/v2\/pages\/231","targetHints":{"allow":["GET"]}}],"collection":[{"href":"https:\/\/app.chicagobilingualnurse.org\/br\/wp-json\/wp\/v2\/pages"}],"about":[{"href":"https:\/\/app.chicagobilingualnurse.org\/br\/wp-json\/wp\/v2\/types\/page"}],"author":[{"embeddable":true,"href":"https:\/\/app.chicagobilingualnurse.org\/br\/wp-json\/wp\/v2\/users\/7"}],"replies":[{"embeddable":true,"href":"https:\/\/app.chicagobilingualnurse.org\/br\/wp-json\/wp\/v2\/comments?post=231"}],"version-history":[{"count":15,"href":"https:\/\/app.chicagobilingualnurse.org\/br\/wp-json\/wp\/v2\/pages\/231\/revisions"}],"predecessor-version":[{"id":708,"href":"https:\/\/app.chicagobilingualnurse.org\/br\/wp-json\/wp\/v2\/pages\/231\/revisions\/708"}],"up":[{"embeddable":true,"href":"https:\/\/app.chicagobilingualnurse.org\/br\/wp-json\/wp\/v2\/pages\/103"}],"wp:attachment":[{"href":"https:\/\/app.chicagobilingualnurse.org\/br\/wp-json\/wp\/v2\/media?parent=231"}],"curies":[{"name":"wp","href":"https:\/\/api.w.org\/{rel}","templated":true}]}}