{"id":319,"date":"2024-08-15T01:10:16","date_gmt":"2024-08-15T01:10:16","guid":{"rendered":"https:\/\/app.chicagonurse.org\/?page_id=319"},"modified":"2024-10-04T19:59:12","modified_gmt":"2024-10-04T19:59:12","slug":"competency","status":"publish","type":"page","link":"https:\/\/app.chicagobilingualnurse.org\/br\/steps\/or\/competency\/","title":{"rendered":"Fa\u00e7a o exame de compet\u00eancia de auxiliar de enfermagem"},"content":{"rendered":"\n<p>Depois de receber um e-mail de aprova\u00e7\u00e3o do Departamento de Sa\u00fade de Illinois, voc\u00ea precisar\u00e1 concluir o seguinte:<\/p>\n\n\n\n<ul class=\"wp-block-list\">\n<li><a href=\"https:\/\/inace.nurseaidetesting.com\/core\/profile\/verify_eligibility\/\">Verifique sua elegibilidade para se registrar<\/a> informando seu n\u00famero de seguro social e data de nascimento.<\/li>\n\n\n\n<li>Continue criando seu nome de usu\u00e1rio e senha.<\/li>\n\n\n\n<li>Depois de se registrar, voc\u00ea pode fazer <a href=\"https:\/\/inace.nurseaidetesting.com\/core\/\">login<\/a> e come\u00e7ar a fazer o exame.<\/li>\n<\/ul>\n\n\n\n<p>Voc\u00ea pode fazer este exame online, ou pessoalmente, seguindo os passos no site da SIU. Voc\u00ea receber\u00e1 uma resposta por e-mail em cerca de uma semana, e a Southern Illinois University enviar\u00e1 sua aprova\u00e7\u00e3o ao Illinois Department of Public Health para receber sua certifica\u00e7\u00e3o CNA.<\/p>\n","protected":false},"excerpt":{"rendered":"<p>Depois de receber um e-mail de aprova\u00e7\u00e3o do Departamento de Sa\u00fade de Illinois, voc\u00ea precisar\u00e1 concluir o seguinte: Voc\u00ea pode fazer este exame online, ou pessoalmente, seguindo os passos no site da SIU. Voc\u00ea receber\u00e1 uma resposta por e-mail em cerca de uma semana, e a Southern Illinois University enviar\u00e1 sua aprova\u00e7\u00e3o ao Illinois Department [&hellip;]<\/p>\n","protected":false},"author":7,"featured_media":396,"parent":113,"menu_order":1,"comment_status":"closed","ping_status":"closed","template":"","meta":{"_acf_changed":false,"footnotes":""},"class_list":["post-319","page","type-page","status-publish","has-post-thumbnail","hentry"],"translation":{"provider":"WPGlobus","version":"3.0.0","language":"br","enabled_languages":["en","mx","br"],"languages":{"en":{"title":true,"content":true,"excerpt":false},"mx":{"title":true,"content":true,"excerpt":false},"br":{"title":true,"content":true,"excerpt":false}}},"acf":[],"jetpack_sharing_enabled":true,"_links":{"self":[{"href":"https:\/\/app.chicagobilingualnurse.org\/br\/wp-json\/wp\/v2\/pages\/319","targetHints":{"allow":["GET"]}}],"collection":[{"href":"https:\/\/app.chicagobilingualnurse.org\/br\/wp-json\/wp\/v2\/pages"}],"about":[{"href":"https:\/\/app.chicagobilingualnurse.org\/br\/wp-json\/wp\/v2\/types\/page"}],"author":[{"embeddable":true,"href":"https:\/\/app.chicagobilingualnurse.org\/br\/wp-json\/wp\/v2\/users\/7"}],"replies":[{"embeddable":true,"href":"https:\/\/app.chicagobilingualnurse.org\/br\/wp-json\/wp\/v2\/comments?post=319"}],"version-history":[{"count":10,"href":"https:\/\/app.chicagobilingualnurse.org\/br\/wp-json\/wp\/v2\/pages\/319\/revisions"}],"predecessor-version":[{"id":778,"href":"https:\/\/app.chicagobilingualnurse.org\/br\/wp-json\/wp\/v2\/pages\/319\/revisions\/778"}],"up":[{"embeddable":true,"href":"https:\/\/app.chicagobilingualnurse.org\/br\/wp-json\/wp\/v2\/pages\/113"}],"wp:featuredmedia":[{"embeddable":true,"href":"https:\/\/app.chicagobilingualnurse.org\/br\/wp-json\/wp\/v2\/media\/396"}],"wp:attachment":[{"href":"https:\/\/app.chicagobilingualnurse.org\/br\/wp-json\/wp\/v2\/media?parent=319"}],"curies":[{"name":"wp","href":"https:\/\/api.w.org\/{rel}","templated":true}]}}