{"id":325,"date":"2024-08-15T01:34:11","date_gmt":"2024-08-15T01:34:11","guid":{"rendered":"https:\/\/app.chicagonurse.org\/?page_id=325"},"modified":"2024-09-11T21:46:05","modified_gmt":"2024-09-11T21:46:05","slug":"locate","status":"publish","type":"page","link":"https:\/\/app.chicagobilingualnurse.org\/br\/steps\/options\/nclex\/locate\/","title":{"rendered":"Agende seu exame"},"content":{"rendered":"\n<p>Para agendar seu exame NCLEX, siga estas etapas:<\/p>\n\n\n\n<ul class=\"wp-block-list\">\n<li><a href=\"https:\/\/wsr.pearsonvue.com\/testtaker\/signin\/SignInPage\/NCLEXTESTING\">Efetue login novamente no Pearson Vue<\/a>.<\/li>\n\n\n\n<li><a href=\"https:\/\/wsr.pearsonvue.com\/testtaker\/registration\/SelectTestCenterProximity\/NCLEXTESTING?conversationId=118755\">Pesquise por sua \u00e1rea<\/a> por um local de teste. Escolha \u2018RN\u2019 como o exame, \u2018United States\u2019 como o pa\u00eds e \u2018Illinois\u2019 como o estado. Para cidade, voc\u00ea pode escolher a mais pr\u00f3xima de voc\u00ea.<\/li>\n\n\n\n<li>Ao clicar em \u2018Search\u2019, voc\u00ea obter\u00e1 uma lista de resultados. Selecione o exame em que deseja fazer o teste.<\/li>\n<\/ul>\n\n\n\n<p>Voc\u00ea precisar\u00e1 trazer um <strong>documento de identifica\u00e7\u00e3o v\u00e1lido emitido pelo governo<\/strong> e deve chegar pelo menos <strong>30 minutos<\/strong> antes do teste. Este exame custar\u00e1 <strong>$200.<\/strong><\/p>\n","protected":false},"excerpt":{"rendered":"<p>Para agendar seu exame NCLEX, siga estas etapas: Voc\u00ea precisar\u00e1 trazer um documento de identifica\u00e7\u00e3o v\u00e1lido emitido pelo governo e deve chegar pelo menos 30 minutos antes do teste. Este exame custar\u00e1 $200.<\/p>\n","protected":false},"author":7,"featured_media":411,"parent":103,"menu_order":7,"comment_status":"closed","ping_status":"closed","template":"","meta":{"_acf_changed":false,"footnotes":""},"class_list":["post-325","page","type-page","status-publish","has-post-thumbnail","hentry"],"translation":{"provider":"WPGlobus","version":"3.0.0","language":"br","enabled_languages":["en","mx","br"],"languages":{"en":{"title":true,"content":true,"excerpt":false},"mx":{"title":true,"content":true,"excerpt":false},"br":{"title":true,"content":true,"excerpt":false}}},"acf":[],"jetpack_sharing_enabled":true,"_links":{"self":[{"href":"https:\/\/app.chicagobilingualnurse.org\/br\/wp-json\/wp\/v2\/pages\/325","targetHints":{"allow":["GET"]}}],"collection":[{"href":"https:\/\/app.chicagobilingualnurse.org\/br\/wp-json\/wp\/v2\/pages"}],"about":[{"href":"https:\/\/app.chicagobilingualnurse.org\/br\/wp-json\/wp\/v2\/types\/page"}],"author":[{"embeddable":true,"href":"https:\/\/app.chicagobilingualnurse.org\/br\/wp-json\/wp\/v2\/users\/7"}],"replies":[{"embeddable":true,"href":"https:\/\/app.chicagobilingualnurse.org\/br\/wp-json\/wp\/v2\/comments?post=325"}],"version-history":[{"count":10,"href":"https:\/\/app.chicagobilingualnurse.org\/br\/wp-json\/wp\/v2\/pages\/325\/revisions"}],"predecessor-version":[{"id":713,"href":"https:\/\/app.chicagobilingualnurse.org\/br\/wp-json\/wp\/v2\/pages\/325\/revisions\/713"}],"up":[{"embeddable":true,"href":"https:\/\/app.chicagobilingualnurse.org\/br\/wp-json\/wp\/v2\/pages\/103"}],"wp:featuredmedia":[{"embeddable":true,"href":"https:\/\/app.chicagobilingualnurse.org\/br\/wp-json\/wp\/v2\/media\/411"}],"wp:attachment":[{"href":"https:\/\/app.chicagobilingualnurse.org\/br\/wp-json\/wp\/v2\/media?parent=325"}],"curies":[{"name":"wp","href":"https:\/\/api.w.org\/{rel}","templated":true}]}}