{"id":327,"date":"2024-08-15T12:08:00","date_gmt":"2024-08-15T12:08:00","guid":{"rendered":"https:\/\/app.chicagonurse.org\/?page_id=327"},"modified":"2024-10-04T19:44:05","modified_gmt":"2024-10-04T19:44:05","slug":"prep","status":"publish","type":"page","link":"https:\/\/app.chicagobilingualnurse.org\/br\/prep\/","title":{"rendered":"Prepara\u00e7\u00e3o"},"content":{"rendered":"\n<p>Antes de iniciar este processo, esteja ciente de que voc\u00ea precisar\u00e1 de muitos itens e informa\u00e7\u00f5es diferentes para conclu\u00ed-lo. Certifique-se de ter o seguinte em m\u00e3os, se poss\u00edvel, antes de come\u00e7ar.<\/p>\n\n\n\n<ul class=\"wp-block-list\">\n<li>Voc\u00ea precisar\u00e1 ter acesso a um <strong>cart\u00e3o de cr\u00e9dito<\/strong>. A maioria desses servi\u00e7os oferece alguma op\u00e7\u00e3o para enviar um pagamento pelo correio, mas isso ir\u00e1 atrasar significativamente o processo. Como alternativa, voc\u00ea pode usar um cart\u00e3o de d\u00e9bito ou comprar um cart\u00e3o-presente pr\u00e9-pago em diversas lojas de varejo. Observe que esse processo provavelmente custar\u00e1 mais de <strong>US$ 2.000,00<\/strong> no total.<\/li>\n\n\n\n<li>Voc\u00ea precisar\u00e1 de <strong>envelopes<\/strong> e <strong>selos<\/strong> para enviar a documenta\u00e7\u00e3o para o exterior. Voc\u00ea pode comprar selos <a href=\"https:\/\/store.usps.com\/store\/stamps\">online<\/a> ou em qualquer ag\u00eancia dos correios.<\/li>\n\n\n\n<li>Voc\u00ea precisar\u00e1 inserir <strong>informa\u00e7\u00f5es pessoais<\/strong> detalhadas sobre a documenta\u00e7\u00e3o possui, incluindo os n\u00fameros do seu cart\u00e3o de Seguro Social (Social Security Card\/SSN) e Passaporte, os detalhes de suas certifica\u00e7\u00f5es e licen\u00e7as profissionais, juntamente com as datas de conclus\u00e3o e informa\u00e7\u00f5es de contato de diversas institui\u00e7\u00f5es, como universidade e ag\u00eancias governamentais. Voc\u00ea avan\u00e7ar e ler as etapas neste aplicativo para ajudar a reunir essas informa\u00e7\u00f5es.<\/li>\n\n\n\n<li>Voc\u00ea ter\u00e1 que entrar em contato com sua escola para universidade para solicitar <strong>c\u00f3pias oficiais do hist\u00f3rico escolar, v\u00e1rias vezes<\/strong>. Voc\u00ea precisar\u00e1 obter esses documentos para si mesmo, caso ainda n\u00e3o os tenha, e tamb\u00e9m precisar\u00e1 que eles sejam enviados diretamente para v\u00e1rias ag\u00eancias.<\/li>\n\n\n\n<li>Voc\u00ea deve falar, ler e escrever ingl\u00eas fluentemente. Se o ingl\u00eas n\u00e3o for sua l\u00edngua nativa, voc\u00ea deve ter um n\u00edvel 7-8 em aulas de ESL (Ingl\u00eas Como Segunda L\u00edngua). Voc\u00ea pode se <a href=\"https:\/\/ccc.edu\/\">registrar para aulas de ESL com o City Colleges of Chicago<\/a>.<\/li>\n\n\n\n<li>Voc\u00ea precisar\u00e1 de acesso a uma <strong>impressora<\/strong> e um <strong>scanner<\/strong>. Observe que iPhones podem escanear pelo aplicativo de notas e que muitos celulares Android tamb\u00e9m possuem essa funcionalidade.<\/li>\n<\/ul>\n\n\n\n<figure class=\"wp-block-image size-full\"><img loading=\"lazy\" decoding=\"async\" width=\"394\" height=\"700\" src=\"\/assets\/ios_scan1.jpg\" alt=\"\" class=\"wp-image-345\"\/><img loading=\"lazy\" decoding=\"async\" width=\"394\" height=\"700\" src=\"\/assets\/ios_scan2.jpg\" alt=\"\" class=\"wp-image-346\"\/><figcaption>um telefone iOS pode digitalizar documentos com o aplicativo Notas.<\/figcaption><\/figure>\n\n\n\n<figure class=\"wp-block-image size-full\"><img loading=\"lazy\" decoding=\"async\" width=\"721\" height=\"1437\" src=\"\/assets\/android_scan1.jpg\" alt=\"\" class=\"wp-image-343\"\/><img loading=\"lazy\" decoding=\"async\" width=\"721\" height=\"1437\" src=\"\/assets\/android_scan2.jpg\" alt=\"\" class=\"wp-image-344\"\/><figcaption>Muitos telefones Android t\u00eam uma fun\u00e7\u00e3o de digitaliza\u00e7\u00e3o nas configura\u00e7\u00f5es da c\u00e2mera.<\/figcaption><\/figure>\n\n\n\n<p>Depois de ter esses itens, voc\u00ea pode prosseguir.<\/p>\n","protected":false},"excerpt":{"rendered":"<p>Antes de iniciar este processo, esteja ciente de que voc\u00ea precisar\u00e1 de muitos itens e informa\u00e7\u00f5es diferentes para conclu\u00ed-lo. Certifique-se de ter o seguinte em m\u00e3os, se poss\u00edvel, antes de come\u00e7ar. um telefone iOS pode digitalizar documentos com o aplicativo Notas. Muitos telefones Android t\u00eam uma fun\u00e7\u00e3o de digitaliza\u00e7\u00e3o nas configura\u00e7\u00f5es da c\u00e2mera. Depois de [&hellip;]<\/p>\n","protected":false},"author":7,"featured_media":0,"parent":0,"menu_order":2,"comment_status":"closed","ping_status":"closed","template":"","meta":{"_acf_changed":false,"footnotes":""},"class_list":["post-327","page","type-page","status-publish","hentry"],"translation":{"provider":"WPGlobus","version":"3.0.0","language":"br","enabled_languages":["en","mx","br"],"languages":{"en":{"title":true,"content":true,"excerpt":false},"mx":{"title":true,"content":true,"excerpt":false},"br":{"title":true,"content":true,"excerpt":false}}},"acf":[],"jetpack_sharing_enabled":true,"_links":{"self":[{"href":"https:\/\/app.chicagobilingualnurse.org\/br\/wp-json\/wp\/v2\/pages\/327","targetHints":{"allow":["GET"]}}],"collection":[{"href":"https:\/\/app.chicagobilingualnurse.org\/br\/wp-json\/wp\/v2\/pages"}],"about":[{"href":"https:\/\/app.chicagobilingualnurse.org\/br\/wp-json\/wp\/v2\/types\/page"}],"author":[{"embeddable":true,"href":"https:\/\/app.chicagobilingualnurse.org\/br\/wp-json\/wp\/v2\/users\/7"}],"replies":[{"embeddable":true,"href":"https:\/\/app.chicagobilingualnurse.org\/br\/wp-json\/wp\/v2\/comments?post=327"}],"version-history":[{"count":33,"href":"https:\/\/app.chicagobilingualnurse.org\/br\/wp-json\/wp\/v2\/pages\/327\/revisions"}],"predecessor-version":[{"id":756,"href":"https:\/\/app.chicagobilingualnurse.org\/br\/wp-json\/wp\/v2\/pages\/327\/revisions\/756"}],"wp:attachment":[{"href":"https:\/\/app.chicagobilingualnurse.org\/br\/wp-json\/wp\/v2\/media?parent=327"}],"curies":[{"name":"wp","href":"https:\/\/api.w.org\/{rel}","templated":true}]}}