{"id":338,"date":"2024-08-15T17:53:07","date_gmt":"2024-08-15T17:53:07","guid":{"rendered":"https:\/\/app.chicagonurse.org\/?page_id=338"},"modified":"2024-09-11T18:23:56","modified_gmt":"2024-09-11T18:23:56","slug":"register","status":"publish","type":"page","link":"https:\/\/app.chicagobilingualnurse.org\/br\/steps\/evaluate\/register\/","title":{"rendered":"Registre-se no CGFNS"},"content":{"rendered":"\n<p>Voc\u00ea precisar\u00e1 <a href=\"https:\/\/applicants.cgfns.org\/portal\/view\/login?ref=start_app_create\">criar uma conta<\/a> para continuar. Aqui est\u00e1 o que voc\u00ea precisar\u00e1 para terminar esta se\u00e7\u00e3o:<\/p>\n\n\n\n<ul class=\"wp-block-list\">\n<li><strong>Informa\u00e7\u00f5es b\u00e1sicas<\/strong> (nome e sobrenome, data de nascimento);<\/li>\n\n\n\n<li>Ele pedir\u00e1 o <strong>n\u00famero do seu passaporte<\/strong> e o pa\u00eds de onde ele foi emitido. Isso \u00e9 opcional, mas voc\u00ea passar\u00e1 pelo processo mais r\u00e1pido se tiver essas informa\u00e7\u00f5es agora.<\/li>\n\n\n\n<li>Ele tamb\u00e9m solicitar\u00e1 uma Licen\u00e7a de <strong>Profiss\u00e3o de Sa\u00fade atualizada<\/strong>.<\/li>\n\n\n\n<li>Ele vai perguntar sobre seu <strong>hist\u00f3rico educacional<\/strong>. Esteja preparado com o nome da sua faculdade ou universidade e o ano em que voc\u00ea se formou<\/li>\n<\/ul>\n","protected":false},"excerpt":{"rendered":"<p>Voc\u00ea precisar\u00e1 criar uma conta para continuar. Aqui est\u00e1 o que voc\u00ea precisar\u00e1 para terminar esta se\u00e7\u00e3o:<\/p>\n","protected":false},"author":7,"featured_media":369,"parent":93,"menu_order":0,"comment_status":"closed","ping_status":"closed","template":"","meta":{"_acf_changed":false,"footnotes":""},"class_list":["post-338","page","type-page","status-publish","has-post-thumbnail","hentry"],"translation":{"provider":"WPGlobus","version":"3.0.0","language":"br","enabled_languages":["en","mx","br"],"languages":{"en":{"title":true,"content":true,"excerpt":false},"mx":{"title":true,"content":true,"excerpt":false},"br":{"title":true,"content":true,"excerpt":false}}},"acf":[],"jetpack_sharing_enabled":true,"_links":{"self":[{"href":"https:\/\/app.chicagobilingualnurse.org\/br\/wp-json\/wp\/v2\/pages\/338","targetHints":{"allow":["GET"]}}],"collection":[{"href":"https:\/\/app.chicagobilingualnurse.org\/br\/wp-json\/wp\/v2\/pages"}],"about":[{"href":"https:\/\/app.chicagobilingualnurse.org\/br\/wp-json\/wp\/v2\/types\/page"}],"author":[{"embeddable":true,"href":"https:\/\/app.chicagobilingualnurse.org\/br\/wp-json\/wp\/v2\/users\/7"}],"replies":[{"embeddable":true,"href":"https:\/\/app.chicagobilingualnurse.org\/br\/wp-json\/wp\/v2\/comments?post=338"}],"version-history":[{"count":9,"href":"https:\/\/app.chicagobilingualnurse.org\/br\/wp-json\/wp\/v2\/pages\/338\/revisions"}],"predecessor-version":[{"id":612,"href":"https:\/\/app.chicagobilingualnurse.org\/br\/wp-json\/wp\/v2\/pages\/338\/revisions\/612"}],"up":[{"embeddable":true,"href":"https:\/\/app.chicagobilingualnurse.org\/br\/wp-json\/wp\/v2\/pages\/93"}],"wp:featuredmedia":[{"embeddable":true,"href":"https:\/\/app.chicagobilingualnurse.org\/br\/wp-json\/wp\/v2\/media\/369"}],"wp:attachment":[{"href":"https:\/\/app.chicagobilingualnurse.org\/br\/wp-json\/wp\/v2\/media?parent=338"}],"curies":[{"name":"wp","href":"https:\/\/api.w.org\/{rel}","templated":true}]}}