{"id":557,"date":"2024-09-09T22:10:02","date_gmt":"2024-09-09T22:10:02","guid":{"rendered":"https:\/\/app.chicagobilingualnurse.org\/?page_id=557"},"modified":"2024-09-16T16:00:19","modified_gmt":"2024-09-16T16:00:19","slug":"background","status":"publish","type":"page","link":"https:\/\/app.chicagobilingualnurse.org\/br\/steps\/or\/background\/","title":{"rendered":"Submeter-se a uma verifica\u00e7\u00e3o de antecedentes"},"content":{"rendered":"\n<p>Os candidatos a CNA precisar\u00e3o obter Prova de Impress\u00e3o Digital por um Fornecedor de Impress\u00e3o Digital <a href=\"https:\/\/idfprapps.illinois.gov\/licenselookup\/fingerprintlist.asp\">Live Scan licenciado de Illinois<\/a>. Depois que voc\u00ea tirar sua impress\u00e3o digital, o fornecedor lhe dar\u00e1 um recibo com um n\u00famero de controle de transa\u00e7\u00e3o (TCN). Al\u00e9m disso, eles transferir\u00e3o suas impress\u00f5es digitais para a Pol\u00edcia Estadual de Illinois para realizar a verifica\u00e7\u00e3o de antecedentes. Depois que a pol\u00edcia estadual concluir sua verifica\u00e7\u00e3o, eles enviar\u00e3o os resultados para o IDPH.<\/p>\n\n\n\n<p><strong>Guarde seu recibo<\/strong> para o caso de haver uma falha no processo por parte do fornecedor, da pol\u00edcia e, depois, do IDPH.<\/p>\n","protected":false},"excerpt":{"rendered":"<p>Os candidatos a CNA precisar\u00e3o obter Prova de Impress\u00e3o Digital por um Fornecedor de Impress\u00e3o Digital Live Scan licenciado de Illinois. Depois que voc\u00ea tirar sua impress\u00e3o digital, o fornecedor lhe dar\u00e1 um recibo com um n\u00famero de controle de transa\u00e7\u00e3o (TCN). Al\u00e9m disso, eles transferir\u00e3o suas impress\u00f5es digitais para a Pol\u00edcia Estadual de Illinois [&hellip;]<\/p>\n","protected":false},"author":7,"featured_media":0,"parent":113,"menu_order":2,"comment_status":"closed","ping_status":"closed","template":"","meta":{"_acf_changed":false,"footnotes":""},"class_list":["post-557","page","type-page","status-publish","hentry"],"translation":{"provider":"WPGlobus","version":"3.0.0","language":"br","enabled_languages":["en","mx","br"],"languages":{"en":{"title":true,"content":true,"excerpt":false},"mx":{"title":true,"content":true,"excerpt":false},"br":{"title":true,"content":true,"excerpt":false}}},"acf":[],"jetpack_sharing_enabled":true,"_links":{"self":[{"href":"https:\/\/app.chicagobilingualnurse.org\/br\/wp-json\/wp\/v2\/pages\/557","targetHints":{"allow":["GET"]}}],"collection":[{"href":"https:\/\/app.chicagobilingualnurse.org\/br\/wp-json\/wp\/v2\/pages"}],"about":[{"href":"https:\/\/app.chicagobilingualnurse.org\/br\/wp-json\/wp\/v2\/types\/page"}],"author":[{"embeddable":true,"href":"https:\/\/app.chicagobilingualnurse.org\/br\/wp-json\/wp\/v2\/users\/7"}],"replies":[{"embeddable":true,"href":"https:\/\/app.chicagobilingualnurse.org\/br\/wp-json\/wp\/v2\/comments?post=557"}],"version-history":[{"count":5,"href":"https:\/\/app.chicagobilingualnurse.org\/br\/wp-json\/wp\/v2\/pages\/557\/revisions"}],"predecessor-version":[{"id":741,"href":"https:\/\/app.chicagobilingualnurse.org\/br\/wp-json\/wp\/v2\/pages\/557\/revisions\/741"}],"up":[{"embeddable":true,"href":"https:\/\/app.chicagobilingualnurse.org\/br\/wp-json\/wp\/v2\/pages\/113"}],"wp:attachment":[{"href":"https:\/\/app.chicagobilingualnurse.org\/br\/wp-json\/wp\/v2\/media?parent=557"}],"curies":[{"name":"wp","href":"https:\/\/api.w.org\/{rel}","templated":true}]}}