{"id":64,"date":"2024-08-13T00:48:44","date_gmt":"2024-08-13T00:48:50","guid":{"rendered":"https:\/\/app.chicagonurse.org\/?page_id=64"},"modified":"2024-10-04T19:50:13","modified_gmt":"2024-10-04T19:50:13","slug":"profile","status":"publish","type":"page","link":"https:\/\/app.chicagobilingualnurse.org\/br\/steps\/evaluate\/profile\/","title":{"rendered":"Complete seu perfil"},"content":{"rendered":"\n<p>Depois que sua conta for criada, voc\u00ea precisar\u00e1 digitar seu endere\u00e7o e n\u00famero de telefone. Certifique-se de estar <a href=\"https:\/\/applicants.cgfns.org\/portal\/view\/login\">logado<\/a> e ent\u00e3o <a href=\"https:\/\/applicants.cgfns.org\/portal\/multipage\/page=1\">continue para a p\u00e1gina 1 do seu perfil<\/a>.<\/p>\n\n\n\n<ul class=\"wp-block-list\">\n<li>Aqui voc\u00ea precisar\u00e1 adicionar <strong>sexo<\/strong>, <strong>estado civil<\/strong> e se voc\u00ea tem um <strong>n\u00famero do Cart\u00e3o de Seguro Social (SSN)<\/strong>.<\/li>\n\n\n\n<li>Se voc\u00ea j\u00e1 passou por uma verifica\u00e7\u00e3o de antecedentes, precisar\u00e1 do <strong>nome da ag\u00eancia<\/strong> que a realizou e do <strong>ano em que foi realizada.<\/strong><\/li>\n\n\n\n<li>Insira seu <strong>pa\u00eds de nascimento<\/strong> e uma lista de pa\u00edses dos quais voc\u00ea tem cidadania.<\/li>\n\n\n\n<li>Sua <strong>primeira l\u00edngua<\/strong> e uma lista de idiomas que voc\u00ea fala e escreve fluentemente.<\/li>\n\n\n\n<li>Uma lista de <strong>profiss\u00f5es<\/strong> para as quais voc\u00ea recebeu educa\u00e7\u00e3o formal.<\/li>\n<\/ul>\n","protected":false},"excerpt":{"rendered":"<p>Depois que sua conta for criada, voc\u00ea precisar\u00e1 digitar seu endere\u00e7o e n\u00famero de telefone. Certifique-se de estar logado e ent\u00e3o continue para a p\u00e1gina 1 do seu perfil.<\/p>\n","protected":false},"author":7,"featured_media":371,"parent":93,"menu_order":1,"comment_status":"closed","ping_status":"closed","template":"","meta":{"_acf_changed":false,"footnotes":""},"class_list":["post-64","page","type-page","status-publish","has-post-thumbnail","hentry"],"translation":{"provider":"WPGlobus","version":"3.0.0","language":"br","enabled_languages":["en","mx","br"],"languages":{"en":{"title":true,"content":true,"excerpt":false},"mx":{"title":true,"content":true,"excerpt":false},"br":{"title":true,"content":true,"excerpt":false}}},"acf":[],"jetpack_sharing_enabled":true,"_links":{"self":[{"href":"https:\/\/app.chicagobilingualnurse.org\/br\/wp-json\/wp\/v2\/pages\/64","targetHints":{"allow":["GET"]}}],"collection":[{"href":"https:\/\/app.chicagobilingualnurse.org\/br\/wp-json\/wp\/v2\/pages"}],"about":[{"href":"https:\/\/app.chicagobilingualnurse.org\/br\/wp-json\/wp\/v2\/types\/page"}],"author":[{"embeddable":true,"href":"https:\/\/app.chicagobilingualnurse.org\/br\/wp-json\/wp\/v2\/users\/7"}],"replies":[{"embeddable":true,"href":"https:\/\/app.chicagobilingualnurse.org\/br\/wp-json\/wp\/v2\/comments?post=64"}],"version-history":[{"count":8,"href":"https:\/\/app.chicagobilingualnurse.org\/br\/wp-json\/wp\/v2\/pages\/64\/revisions"}],"predecessor-version":[{"id":767,"href":"https:\/\/app.chicagobilingualnurse.org\/br\/wp-json\/wp\/v2\/pages\/64\/revisions\/767"}],"up":[{"embeddable":true,"href":"https:\/\/app.chicagobilingualnurse.org\/br\/wp-json\/wp\/v2\/pages\/93"}],"wp:featuredmedia":[{"embeddable":true,"href":"https:\/\/app.chicagobilingualnurse.org\/br\/wp-json\/wp\/v2\/media\/371"}],"wp:attachment":[{"href":"https:\/\/app.chicagobilingualnurse.org\/br\/wp-json\/wp\/v2\/media?parent=64"}],"curies":[{"name":"wp","href":"https:\/\/api.w.org\/{rel}","templated":true}]}}