{"id":66,"date":"2024-08-13T00:48:44","date_gmt":"2024-08-13T00:48:21","guid":{"rendered":"https:\/\/app.chicagonurse.org\/?page_id=66"},"modified":"2024-10-04T19:51:21","modified_gmt":"2024-10-04T19:51:21","slug":"photo","status":"publish","type":"page","link":"https:\/\/app.chicagobilingualnurse.org\/br\/steps\/evaluate\/photo\/","title":{"rendered":"Carregue sua foto"},"content":{"rendered":"\n<p>Supondo que voc\u00ea ainda esteja <a href=\"https:\/\/applicants.cgfns.org\/portal\/view\/login\">logado no CGFNS<\/a>, agora voc\u00ea precisar\u00e1 <a href=\"https:\/\/applicants.cgfns.org\/portal\/view\/uploadPhoto\">enviar uma foto sua estilo passaporte<\/a>. A foto deve ser:<\/p>\n\n\n\n<ul class=\"wp-block-list\">\n<li><strong>Quadrada<\/strong>, com pelo menos 350px \u00d7 350px;<\/li>\n\n\n\n<li><strong>Sem assinatura<\/strong> e em <strong>cores<\/strong>;<\/li>\n\n\n\n<li>Tirada nos \u00faltimos <strong>6 meses<\/strong>;<\/li>\n\n\n\n<li>Em frente a um fundo <strong>branco liso<\/strong> (ou off-white);<\/li>\n\n\n\n<li>Tirada em <strong>vista frontal<\/strong>, diretamente de frente para a c\u00e2mera, sozinha (n\u00e3o cortada de uma foto de grupo), de modo que a cabe\u00e7a e os ombros ocupem a maior parte da foto;<\/li>\n\n\n\n<li>Com uma <strong>express\u00e3o neutra<\/strong>, com sua <strong>roupa cotidiana<\/strong>, com os dois olhos abertos;<\/li>\n\n\n\n<li>N\u00e3o use coberturas de cabe\u00e7a que escondam o cabelo, a menos que seja para fins religiosos.<\/li>\n\n\n\n<li>Se voc\u00ea normalmente usa <strong>\u00f3culos<\/strong> ou <strong>aparelhos auditivos<\/strong>, use-os na foto. Certifique-se de que os \u00f3culos n\u00e3o sejam coloridos e que n\u00e3o reflitam o brilho na foto.<\/li>\n<\/ul>\n","protected":false},"excerpt":{"rendered":"<p>Supondo que voc\u00ea ainda esteja logado no CGFNS, agora voc\u00ea precisar\u00e1 enviar uma foto sua estilo passaporte. A foto deve ser:<\/p>\n","protected":false},"author":7,"featured_media":40,"parent":93,"menu_order":2,"comment_status":"closed","ping_status":"closed","template":"","meta":{"_acf_changed":false,"footnotes":""},"class_list":["post-66","page","type-page","status-publish","has-post-thumbnail","hentry"],"translation":{"provider":"WPGlobus","version":"3.0.0","language":"br","enabled_languages":["en","mx","br"],"languages":{"en":{"title":true,"content":true,"excerpt":false},"mx":{"title":true,"content":true,"excerpt":false},"br":{"title":true,"content":true,"excerpt":false}}},"acf":[],"jetpack_sharing_enabled":true,"_links":{"self":[{"href":"https:\/\/app.chicagobilingualnurse.org\/br\/wp-json\/wp\/v2\/pages\/66","targetHints":{"allow":["GET"]}}],"collection":[{"href":"https:\/\/app.chicagobilingualnurse.org\/br\/wp-json\/wp\/v2\/pages"}],"about":[{"href":"https:\/\/app.chicagobilingualnurse.org\/br\/wp-json\/wp\/v2\/types\/page"}],"author":[{"embeddable":true,"href":"https:\/\/app.chicagobilingualnurse.org\/br\/wp-json\/wp\/v2\/users\/7"}],"replies":[{"embeddable":true,"href":"https:\/\/app.chicagobilingualnurse.org\/br\/wp-json\/wp\/v2\/comments?post=66"}],"version-history":[{"count":10,"href":"https:\/\/app.chicagobilingualnurse.org\/br\/wp-json\/wp\/v2\/pages\/66\/revisions"}],"predecessor-version":[{"id":768,"href":"https:\/\/app.chicagobilingualnurse.org\/br\/wp-json\/wp\/v2\/pages\/66\/revisions\/768"}],"up":[{"embeddable":true,"href":"https:\/\/app.chicagobilingualnurse.org\/br\/wp-json\/wp\/v2\/pages\/93"}],"wp:featuredmedia":[{"embeddable":true,"href":"https:\/\/app.chicagobilingualnurse.org\/br\/wp-json\/wp\/v2\/media\/40"}],"wp:attachment":[{"href":"https:\/\/app.chicagobilingualnurse.org\/br\/wp-json\/wp\/v2\/media?parent=66"}],"curies":[{"name":"wp","href":"https:\/\/api.w.org\/{rel}","templated":true}]}}