{"id":68,"date":"2024-08-13T00:49:44","date_gmt":"2024-08-13T00:49:05","guid":{"rendered":"https:\/\/app.chicagonurse.org\/?page_id=68"},"modified":"2024-10-04T19:52:41","modified_gmt":"2024-10-04T19:52:41","slug":"agent","status":"publish","type":"page","link":"https:\/\/app.chicagobilingualnurse.org\/br\/steps\/evaluate\/agent\/","title":{"rendered":"Adicione CBNC \u00e0 sua conta"},"content":{"rendered":"\n<p>Os pr\u00f3ximos dois passos exigir\u00e3o que voc\u00ea adicione o CBNC como seu agente e representante autorizado com o CGFNS. Fa\u00e7a <a href=\"https:\/\/applicants.cgfns.org\/portal\/view\/login\">login<\/a> se ainda n\u00e3o o fez e <a href=\"https:\/\/applicants.cgfns.org\/portal\/view\/sponsor\/viewSponsorAdvocate\">continue na se\u00e7\u00e3o de patrocinador<\/a>.<\/p>\n\n\n\n<ul class=\"wp-block-list\">\n<li>Voc\u00ea precisar\u00e1 adicionar o <strong>CBNC como seu agente autorizado<\/strong>:\n<ul class=\"wp-block-list\">\n<li>Em \u2018Authorized Agent Search Type\u2019, marque \u2018Authorized Agent ID or Name Search\u2019<\/li>\n\n\n\n<li>Em \u2018Authorized Agent ID or Name\u2019, insira \u2018<strong>Chicago Bilingual Nurse Consortium<\/strong>\u2019<\/li>\n\n\n\n<li>Marque a caixa que come\u00e7a com \u2018\u2018I authorize CGFNS\u2026\u2019\u2019<\/li>\n<\/ul>\n<\/li>\n\n\n\n<li>Voc\u00ea vai adicionar <strong>Neyda Mucha como sua representante autorizada<\/strong>:\n<ul class=\"wp-block-list\">\n<li>Neyda Mucha<\/li>\n\n\n\n<li>2800 S. Western Avenue, #1202, Chicago, Illinois, United States of America<\/li>\n\n\n\n<li>cbnc247@gmail.com<\/li>\n\n\n\n<li>1-773-838-1870<\/li>\n<\/ul>\n<\/li>\n<\/ul>\n","protected":false},"excerpt":{"rendered":"<p>Os pr\u00f3ximos dois passos exigir\u00e3o que voc\u00ea adicione o CBNC como seu agente e representante autorizado com o CGFNS. Fa\u00e7a login se ainda n\u00e3o o fez e continue na se\u00e7\u00e3o de patrocinador.<\/p>\n","protected":false},"author":7,"featured_media":372,"parent":93,"menu_order":3,"comment_status":"closed","ping_status":"closed","template":"","meta":{"_acf_changed":false,"footnotes":""},"class_list":["post-68","page","type-page","status-publish","has-post-thumbnail","hentry"],"translation":{"provider":"WPGlobus","version":"3.0.0","language":"br","enabled_languages":["en","mx","br"],"languages":{"en":{"title":true,"content":true,"excerpt":false},"mx":{"title":true,"content":true,"excerpt":false},"br":{"title":true,"content":true,"excerpt":false}}},"acf":[],"jetpack_sharing_enabled":true,"_links":{"self":[{"href":"https:\/\/app.chicagobilingualnurse.org\/br\/wp-json\/wp\/v2\/pages\/68","targetHints":{"allow":["GET"]}}],"collection":[{"href":"https:\/\/app.chicagobilingualnurse.org\/br\/wp-json\/wp\/v2\/pages"}],"about":[{"href":"https:\/\/app.chicagobilingualnurse.org\/br\/wp-json\/wp\/v2\/types\/page"}],"author":[{"embeddable":true,"href":"https:\/\/app.chicagobilingualnurse.org\/br\/wp-json\/wp\/v2\/users\/7"}],"replies":[{"embeddable":true,"href":"https:\/\/app.chicagobilingualnurse.org\/br\/wp-json\/wp\/v2\/comments?post=68"}],"version-history":[{"count":10,"href":"https:\/\/app.chicagobilingualnurse.org\/br\/wp-json\/wp\/v2\/pages\/68\/revisions"}],"predecessor-version":[{"id":770,"href":"https:\/\/app.chicagobilingualnurse.org\/br\/wp-json\/wp\/v2\/pages\/68\/revisions\/770"}],"up":[{"embeddable":true,"href":"https:\/\/app.chicagobilingualnurse.org\/br\/wp-json\/wp\/v2\/pages\/93"}],"wp:featuredmedia":[{"embeddable":true,"href":"https:\/\/app.chicagobilingualnurse.org\/br\/wp-json\/wp\/v2\/media\/372"}],"wp:attachment":[{"href":"https:\/\/app.chicagobilingualnurse.org\/br\/wp-json\/wp\/v2\/media?parent=68"}],"curies":[{"name":"wp","href":"https:\/\/api.w.org\/{rel}","templated":true}]}}