{"id":70,"date":"2024-08-13T00:50:45","date_gmt":"2024-08-13T00:50:45","guid":{"rendered":"https:\/\/app.chicagonurse.org\/?page_id=70"},"modified":"2024-09-11T19:18:34","modified_gmt":"2024-09-11T19:18:34","slug":"employment","status":"publish","type":"page","link":"https:\/\/app.chicagobilingualnurse.org\/br\/steps\/evaluate\/employment\/","title":{"rendered":"Emprego"},"content":{"rendered":"\n<p>Insira suas informa\u00e7\u00f5es de emprego na <a href=\"https:\/\/applicants.cgfns.org\/portal\/view\/personalProfile\/page=3\">p\u00e1gina tr\u00eas do seu perfil<\/a>. <a href=\"https:\/\/applicants.cgfns.org\/portal\/view\/login\">Entre no CGFNS<\/a> se ainda n\u00e3o estiver, e insira:<\/p>\n\n\n\n<ul class=\"wp-block-list\">\n<li>O nome da <strong>organiza\u00e7\u00e3o<\/strong>;<\/li>\n\n\n\n<li>Seu <strong>cargo<\/strong>;<\/li>\n\n\n\n<li>O nome e o cargo\/posi\u00e7\u00e3o do seu <strong>supervisor<\/strong>;<\/li>\n\n\n\n<li>A <strong>localiza\u00e7\u00e3o<\/strong> do empregador: pa\u00eds, endere\u00e7o, estado e c\u00f3digo postal;<\/li>\n\n\n\n<li>A <strong>data<\/strong> de in\u00edcio do emprego;<\/li>\n\n\n\n<li>Se voc\u00ea <strong>ainda est\u00e1 empregado<\/strong> aqui e se \u00e9 relacionado \u00e0 sa\u00fade;<\/li>\n\n\n\n<li>O <strong>idioma falado<\/strong> l\u00e1. Se voc\u00ea n\u00e3o tiver os detalhes deste registro, precisar\u00e1 explicar o porqu\u00ea clicando no bot\u00e3o que diz \u201cAdd Explanation\u201d<\/li>\n<\/ul>\n","protected":false},"excerpt":{"rendered":"<p>Insira suas informa\u00e7\u00f5es de emprego na p\u00e1gina tr\u00eas do seu perfil. Entre no CGFNS se ainda n\u00e3o estiver, e insira:<\/p>\n","protected":false},"author":7,"featured_media":373,"parent":93,"menu_order":4,"comment_status":"closed","ping_status":"closed","template":"","meta":{"_acf_changed":false,"footnotes":""},"class_list":["post-70","page","type-page","status-publish","has-post-thumbnail","hentry"],"translation":{"provider":"WPGlobus","version":"3.0.0","language":"br","enabled_languages":["en","mx","br"],"languages":{"en":{"title":true,"content":true,"excerpt":false},"mx":{"title":true,"content":true,"excerpt":false},"br":{"title":true,"content":true,"excerpt":false}}},"acf":[],"jetpack_sharing_enabled":true,"_links":{"self":[{"href":"https:\/\/app.chicagobilingualnurse.org\/br\/wp-json\/wp\/v2\/pages\/70","targetHints":{"allow":["GET"]}}],"collection":[{"href":"https:\/\/app.chicagobilingualnurse.org\/br\/wp-json\/wp\/v2\/pages"}],"about":[{"href":"https:\/\/app.chicagobilingualnurse.org\/br\/wp-json\/wp\/v2\/types\/page"}],"author":[{"embeddable":true,"href":"https:\/\/app.chicagobilingualnurse.org\/br\/wp-json\/wp\/v2\/users\/7"}],"replies":[{"embeddable":true,"href":"https:\/\/app.chicagobilingualnurse.org\/br\/wp-json\/wp\/v2\/comments?post=70"}],"version-history":[{"count":6,"href":"https:\/\/app.chicagobilingualnurse.org\/br\/wp-json\/wp\/v2\/pages\/70\/revisions"}],"predecessor-version":[{"id":635,"href":"https:\/\/app.chicagobilingualnurse.org\/br\/wp-json\/wp\/v2\/pages\/70\/revisions\/635"}],"up":[{"embeddable":true,"href":"https:\/\/app.chicagobilingualnurse.org\/br\/wp-json\/wp\/v2\/pages\/93"}],"wp:featuredmedia":[{"embeddable":true,"href":"https:\/\/app.chicagobilingualnurse.org\/br\/wp-json\/wp\/v2\/media\/373"}],"wp:attachment":[{"href":"https:\/\/app.chicagobilingualnurse.org\/br\/wp-json\/wp\/v2\/media?parent=70"}],"curies":[{"name":"wp","href":"https:\/\/api.w.org\/{rel}","templated":true}]}}