{"id":72,"date":"2024-08-13T00:50:36","date_gmt":"2024-08-13T00:50:36","guid":{"rendered":"https:\/\/app.chicagonurse.org\/?page_id=72"},"modified":"2024-10-04T19:53:11","modified_gmt":"2024-10-04T19:53:11","slug":"specialties","status":"publish","type":"page","link":"https:\/\/app.chicagobilingualnurse.org\/br\/steps\/evaluate\/specialties\/","title":{"rendered":"Especialidades"},"content":{"rendered":"\n<p><a href=\"https:\/\/applicants.cgfns.org\/portal\/view\/personalProfile\/page=4\">Continue para a p\u00e1gina quatro do seu perfil CGFNS<\/a> e adicione suas especialidades. Fa\u00e7a <a href=\"https:\/\/applicants.cgfns.org\/portal\/view\/login\">login<\/a> se necess\u00e1rio e insira:<\/p>\n\n\n\n<ul class=\"wp-block-list\">\n<li>O nome da <strong>institui\u00e7\u00e3o<\/strong> ou <strong>organiza\u00e7\u00e3o<\/strong>,<\/li>\n\n\n\n<li><strong>tipo<\/strong> de certifica\u00e7\u00e3o de especialidade,<\/li>\n\n\n\n<li><strong>nome<\/strong> da certifica\u00e7\u00e3o da especialidade,<\/li>\n\n\n\n<li>data de <strong>validade<\/strong> da certifica\u00e7\u00e3o (se aplic\u00e1vel),<\/li>\n\n\n\n<li>data de <strong>emiss\u00e3o<\/strong> e<\/li>\n\n\n\n<li><strong>endere\u00e7o<\/strong> da organiza\u00e7\u00e3o.<\/li>\n<\/ul>\n","protected":false},"excerpt":{"rendered":"<p>Continue para a p\u00e1gina quatro do seu perfil CGFNS e adicione suas especialidades. Fa\u00e7a login se necess\u00e1rio e insira:<\/p>\n","protected":false},"author":7,"featured_media":374,"parent":93,"menu_order":5,"comment_status":"closed","ping_status":"closed","template":"","meta":{"_acf_changed":false,"footnotes":""},"class_list":["post-72","page","type-page","status-publish","has-post-thumbnail","hentry"],"translation":{"provider":"WPGlobus","version":"3.0.0","language":"br","enabled_languages":["en","mx","br"],"languages":{"en":{"title":true,"content":true,"excerpt":false},"mx":{"title":true,"content":true,"excerpt":false},"br":{"title":true,"content":true,"excerpt":false}}},"acf":[],"jetpack_sharing_enabled":true,"_links":{"self":[{"href":"https:\/\/app.chicagobilingualnurse.org\/br\/wp-json\/wp\/v2\/pages\/72","targetHints":{"allow":["GET"]}}],"collection":[{"href":"https:\/\/app.chicagobilingualnurse.org\/br\/wp-json\/wp\/v2\/pages"}],"about":[{"href":"https:\/\/app.chicagobilingualnurse.org\/br\/wp-json\/wp\/v2\/types\/page"}],"author":[{"embeddable":true,"href":"https:\/\/app.chicagobilingualnurse.org\/br\/wp-json\/wp\/v2\/users\/7"}],"replies":[{"embeddable":true,"href":"https:\/\/app.chicagobilingualnurse.org\/br\/wp-json\/wp\/v2\/comments?post=72"}],"version-history":[{"count":9,"href":"https:\/\/app.chicagobilingualnurse.org\/br\/wp-json\/wp\/v2\/pages\/72\/revisions"}],"predecessor-version":[{"id":771,"href":"https:\/\/app.chicagobilingualnurse.org\/br\/wp-json\/wp\/v2\/pages\/72\/revisions\/771"}],"up":[{"embeddable":true,"href":"https:\/\/app.chicagobilingualnurse.org\/br\/wp-json\/wp\/v2\/pages\/93"}],"wp:featuredmedia":[{"embeddable":true,"href":"https:\/\/app.chicagobilingualnurse.org\/br\/wp-json\/wp\/v2\/media\/374"}],"wp:attachment":[{"href":"https:\/\/app.chicagobilingualnurse.org\/br\/wp-json\/wp\/v2\/media?parent=72"}],"curies":[{"name":"wp","href":"https:\/\/api.w.org\/{rel}","templated":true}]}}