{"id":74,"date":"2024-08-13T00:57:44","date_gmt":"2024-08-13T00:57:54","guid":{"rendered":"https:\/\/app.chicagonurse.org\/?page_id=74"},"modified":"2024-10-04T19:54:40","modified_gmt":"2024-10-04T19:54:40","slug":"licensure","status":"publish","type":"page","link":"https:\/\/app.chicagobilingualnurse.org\/br\/steps\/evaluate\/licensure\/","title":{"rendered":"Informa\u00e7\u00f5es sobre licenciamento\/registro"},"content":{"rendered":"\n<p>Insira quaisquer licen\u00e7as que voc\u00ea tenha atualmente na <a href=\"https:\/\/applicants.cgfns.org\/portal\/view\/personalProfile\/page=6\">p\u00e1gina seis<\/a> do seu perfil CGFNS. Fa\u00e7a <a href=\"https:\/\/applicants.cgfns.org\/portal\/view\/login\">login se precisar<\/a> e insira:<\/p>\n\n\n\n<ul class=\"wp-block-list\">\n<li>O <strong>pa\u00eds<\/strong> e o <strong>estado<\/strong> onde voc\u00ea obteve sua licen\u00e7a profissional;<\/li>\n\n\n\n<li>O <strong>endere\u00e7o<\/strong> do \u00f3rg\u00e3o respons\u00e1vel por emitir a licen\u00e7a;<\/li>\n\n\n\n<li>Suas <strong>profiss\u00f5es<\/strong>;<\/li>\n\n\n\n<li>Seu <strong>t\u00edtulo<\/strong>, em ingl\u00eas e no idioma original;<\/li>\n\n\n\n<li>O <strong>endere\u00e7o<\/strong> do licenciador;<\/li>\n\n\n\n<li>A <strong>data<\/strong> em que a licen\u00e7a foi emitida ou renovada;<\/li>\n\n\n\n<li>O <strong>n\u00famero da licen\u00e7a<\/strong>;<\/li>\n\n\n\n<li>O <strong>m\u00e9todo<\/strong> de licenciamento (exame, renova\u00e7\u00e3o ou outro);<\/li>\n\n\n\n<li>O <strong>status<\/strong> da licen\u00e7a (ativa, expirada, restrita, suspensa\/revogada, inativa, nunca emitida);<\/li>\n\n\n\n<li>O <strong>motivo<\/strong> pelo qual sua licen\u00e7a foi revogada ou suspensa, se aplic\u00e1vel<\/li>\n<\/ul>\n","protected":false},"excerpt":{"rendered":"<p>Insira quaisquer licen\u00e7as que voc\u00ea tenha atualmente na p\u00e1gina seis do seu perfil CGFNS. Fa\u00e7a login se precisar e insira:<\/p>\n","protected":false},"author":7,"featured_media":375,"parent":93,"menu_order":6,"comment_status":"closed","ping_status":"closed","template":"","meta":{"_acf_changed":false,"footnotes":""},"class_list":["post-74","page","type-page","status-publish","has-post-thumbnail","hentry"],"translation":{"provider":"WPGlobus","version":"3.0.0","language":"br","enabled_languages":["en","mx","br"],"languages":{"en":{"title":true,"content":true,"excerpt":false},"mx":{"title":true,"content":true,"excerpt":false},"br":{"title":true,"content":true,"excerpt":false}}},"acf":[],"jetpack_sharing_enabled":true,"_links":{"self":[{"href":"https:\/\/app.chicagobilingualnurse.org\/br\/wp-json\/wp\/v2\/pages\/74","targetHints":{"allow":["GET"]}}],"collection":[{"href":"https:\/\/app.chicagobilingualnurse.org\/br\/wp-json\/wp\/v2\/pages"}],"about":[{"href":"https:\/\/app.chicagobilingualnurse.org\/br\/wp-json\/wp\/v2\/types\/page"}],"author":[{"embeddable":true,"href":"https:\/\/app.chicagobilingualnurse.org\/br\/wp-json\/wp\/v2\/users\/7"}],"replies":[{"embeddable":true,"href":"https:\/\/app.chicagobilingualnurse.org\/br\/wp-json\/wp\/v2\/comments?post=74"}],"version-history":[{"count":11,"href":"https:\/\/app.chicagobilingualnurse.org\/br\/wp-json\/wp\/v2\/pages\/74\/revisions"}],"predecessor-version":[{"id":773,"href":"https:\/\/app.chicagobilingualnurse.org\/br\/wp-json\/wp\/v2\/pages\/74\/revisions\/773"}],"up":[{"embeddable":true,"href":"https:\/\/app.chicagobilingualnurse.org\/br\/wp-json\/wp\/v2\/pages\/93"}],"wp:featuredmedia":[{"embeddable":true,"href":"https:\/\/app.chicagobilingualnurse.org\/br\/wp-json\/wp\/v2\/media\/375"}],"wp:attachment":[{"href":"https:\/\/app.chicagobilingualnurse.org\/br\/wp-json\/wp\/v2\/media?parent=74"}],"curies":[{"name":"wp","href":"https:\/\/api.w.org\/{rel}","templated":true}]}}