{"id":76,"date":"2024-08-13T00:58:44","date_gmt":"2024-08-13T00:58:24","guid":{"rendered":"https:\/\/app.chicagonurse.org\/?page_id=76"},"modified":"2024-09-11T20:11:34","modified_gmt":"2024-09-11T20:11:34","slug":"record","status":"publish","type":"page","link":"https:\/\/app.chicagobilingualnurse.org\/br\/steps\/evaluate\/record\/","title":{"rendered":"Registro de exame de licenciamento\/registro"},"content":{"rendered":"\n<p>Insira os detalhes de quaisquer exames que voc\u00ea fez para obter sua(s) licen\u00e7a(s) na <a href=\"https:\/\/applicants.cgfns.org\/portal\/view\/personalProfile\/page=7\">p\u00e1gina sete<\/a>. Se voc\u00ea ainda n\u00e3o fez, fa\u00e7a <a href=\"https:\/\/applicants.cgfns.org\/portal\/view\/login\">login no CGFNS<\/a> e insira:<\/p>\n\n\n\n<ul class=\"wp-block-list\">\n<li>Sua <strong>profiss\u00e3o<\/strong>;<\/li>\n\n\n\n<li>O <strong>estado<\/strong> e o <strong>pa\u00eds<\/strong> onde voc\u00ea fez o exame;<\/li>\n\n\n\n<li>O <strong>nome<\/strong> formal do exame;<\/li>\n\n\n\n<li>Seu <strong>n\u00famero de identifica\u00e7\u00e3o de candidato do NCLEX<\/strong>, se voc\u00ea tiver um;<\/li>\n\n\n\n<li>A autoridade do exame;<\/li>\n\n\n\n<li>O endere\u00e7o do centro de exames; e<\/li>\n\n\n\n<li><strong>Quantas vezes<\/strong> voc\u00ea fez o exame, se foi aprovado e quando.<\/li>\n<\/ul>\n","protected":false},"excerpt":{"rendered":"<p>Insira os detalhes de quaisquer exames que voc\u00ea fez para obter sua(s) licen\u00e7a(s) na p\u00e1gina sete. Se voc\u00ea ainda n\u00e3o fez, fa\u00e7a login no CGFNS e insira:<\/p>\n","protected":false},"author":7,"featured_media":376,"parent":93,"menu_order":7,"comment_status":"closed","ping_status":"closed","template":"","meta":{"_acf_changed":false,"footnotes":""},"class_list":["post-76","page","type-page","status-publish","has-post-thumbnail","hentry"],"translation":{"provider":"WPGlobus","version":"3.0.0","language":"br","enabled_languages":["en","mx","br"],"languages":{"en":{"title":true,"content":true,"excerpt":false},"mx":{"title":true,"content":true,"excerpt":false},"br":{"title":true,"content":true,"excerpt":false}}},"acf":[],"jetpack_sharing_enabled":true,"_links":{"self":[{"href":"https:\/\/app.chicagobilingualnurse.org\/br\/wp-json\/wp\/v2\/pages\/76","targetHints":{"allow":["GET"]}}],"collection":[{"href":"https:\/\/app.chicagobilingualnurse.org\/br\/wp-json\/wp\/v2\/pages"}],"about":[{"href":"https:\/\/app.chicagobilingualnurse.org\/br\/wp-json\/wp\/v2\/types\/page"}],"author":[{"embeddable":true,"href":"https:\/\/app.chicagobilingualnurse.org\/br\/wp-json\/wp\/v2\/users\/7"}],"replies":[{"embeddable":true,"href":"https:\/\/app.chicagobilingualnurse.org\/br\/wp-json\/wp\/v2\/comments?post=76"}],"version-history":[{"count":9,"href":"https:\/\/app.chicagobilingualnurse.org\/br\/wp-json\/wp\/v2\/pages\/76\/revisions"}],"predecessor-version":[{"id":652,"href":"https:\/\/app.chicagobilingualnurse.org\/br\/wp-json\/wp\/v2\/pages\/76\/revisions\/652"}],"up":[{"embeddable":true,"href":"https:\/\/app.chicagobilingualnurse.org\/br\/wp-json\/wp\/v2\/pages\/93"}],"wp:featuredmedia":[{"embeddable":true,"href":"https:\/\/app.chicagobilingualnurse.org\/br\/wp-json\/wp\/v2\/media\/376"}],"wp:attachment":[{"href":"https:\/\/app.chicagobilingualnurse.org\/br\/wp-json\/wp\/v2\/media?parent=76"}],"curies":[{"name":"wp","href":"https:\/\/api.w.org\/{rel}","templated":true}]}}