{"id":78,"date":"2024-08-13T00:58:44","date_gmt":"2024-08-13T00:58:43","guid":{"rendered":"https:\/\/app.chicagonurse.org\/?page_id=78"},"modified":"2024-10-04T19:56:15","modified_gmt":"2024-10-04T19:56:15","slug":"education","status":"publish","type":"page","link":"https:\/\/app.chicagobilingualnurse.org\/br\/steps\/evaluate\/education\/","title":{"rendered":"Informa\u00e7\u00f5es educacionais"},"content":{"rendered":"\n<p>Insira seu hist\u00f3rico educacional nas p\u00e1ginas <a href=\"https:\/\/applicants.cgfns.org\/portal\/multipage\/page=8\">oito<\/a> e <a href=\"https:\/\/applicants.cgfns.org\/portal\/multipage\/page=9\">nove<\/a> do seu perfil CGFNS (fa\u00e7a <a href=\"https:\/\/applicants.cgfns.org\/portal\/view\/login\">login<\/a> se necess\u00e1rio):<\/p>\n\n\n\n<h3 class=\"wp-block-heading\">Informa\u00e7\u00f5es sobre ensino superior<\/h3>\n\n\n\n<ul class=\"wp-block-list\">\n<li><strong>N\u00edvel<\/strong> e <strong>tipo<\/strong> de educa\u00e7\u00e3o<\/li>\n\n\n\n<li>Pa\u00eds e estado<\/li>\n\n\n\n<li>Nome da faculdade\/universidade<\/li>\n\n\n\n<li>Data de <strong>conclus\u00e3o<\/strong><\/li>\n\n\n\n<li>Nome do <strong>diploma<\/strong>, em ingl\u00eas e na l\u00edngua original<\/li>\n\n\n\n<li>Data de <strong>admiss\u00e3o<\/strong> e <strong>conclus\u00e3o<\/strong><\/li>\n\n\n\n<li>Se a escola fechou ou se fundiu com outra escola (e o nome da escola com a qual se fundiu)<\/li>\n\n\n\n<li>O endere\u00e7o da escola frequentada (provavelmente ser\u00e1 preenchido automaticamente)<\/li>\n<\/ul>\n\n\n\n<h3 class=\"wp-block-heading\">Informa\u00e7\u00f5es sobre educa\u00e7\u00e3o prim\u00e1ria<\/h3>\n\n\n\n<ul class=\"wp-block-list\">\n<li><strong>N\u00edvel<\/strong> de educa\u00e7\u00e3o<\/li>\n\n\n\n<li>Pa\u00eds e estado<\/li>\n\n\n\n<li>Nome da escola<\/li>\n\n\n\n<li>Nome do <strong>diploma<\/strong>, em ingl\u00eas e na l\u00edngua materna<\/li>\n\n\n\n<li>Nome do <strong>exame<\/strong> necess\u00e1rio para ter acesso ao ensino superior (opcional), com o nome do <strong>\u00f3rg\u00e3o examinador<\/strong> e o nome do <strong>certificado<\/strong> concedido<\/li>\n\n\n\n<li>Data de <strong>emiss\u00e3o<\/strong><\/li>\n\n\n\n<li>Datas de <strong>admiss\u00e3o<\/strong> e <strong>conclus\u00e3o<\/strong><\/li>\n\n\n\n<li>Se a escola fechou ou se fundiu com outra escola (e o nome da escola com a qual se fundiu)<\/li>\n<\/ul>\n","protected":false},"excerpt":{"rendered":"<p>Insira seu hist\u00f3rico educacional nas p\u00e1ginas oito e nove do seu perfil CGFNS (fa\u00e7a login se necess\u00e1rio): Informa\u00e7\u00f5es sobre ensino superior Informa\u00e7\u00f5es sobre educa\u00e7\u00e3o prim\u00e1ria<\/p>\n","protected":false},"author":7,"featured_media":377,"parent":93,"menu_order":8,"comment_status":"closed","ping_status":"closed","template":"","meta":{"_acf_changed":false,"footnotes":""},"class_list":["post-78","page","type-page","status-publish","has-post-thumbnail","hentry"],"translation":{"provider":"WPGlobus","version":"3.0.0","language":"br","enabled_languages":["en","mx","br"],"languages":{"en":{"title":true,"content":true,"excerpt":false},"mx":{"title":true,"content":true,"excerpt":false},"br":{"title":true,"content":true,"excerpt":false}}},"acf":[],"jetpack_sharing_enabled":true,"_links":{"self":[{"href":"https:\/\/app.chicagobilingualnurse.org\/br\/wp-json\/wp\/v2\/pages\/78","targetHints":{"allow":["GET"]}}],"collection":[{"href":"https:\/\/app.chicagobilingualnurse.org\/br\/wp-json\/wp\/v2\/pages"}],"about":[{"href":"https:\/\/app.chicagobilingualnurse.org\/br\/wp-json\/wp\/v2\/types\/page"}],"author":[{"embeddable":true,"href":"https:\/\/app.chicagobilingualnurse.org\/br\/wp-json\/wp\/v2\/users\/7"}],"replies":[{"embeddable":true,"href":"https:\/\/app.chicagobilingualnurse.org\/br\/wp-json\/wp\/v2\/comments?post=78"}],"version-history":[{"count":10,"href":"https:\/\/app.chicagobilingualnurse.org\/br\/wp-json\/wp\/v2\/pages\/78\/revisions"}],"predecessor-version":[{"id":775,"href":"https:\/\/app.chicagobilingualnurse.org\/br\/wp-json\/wp\/v2\/pages\/78\/revisions\/775"}],"up":[{"embeddable":true,"href":"https:\/\/app.chicagobilingualnurse.org\/br\/wp-json\/wp\/v2\/pages\/93"}],"wp:featuredmedia":[{"embeddable":true,"href":"https:\/\/app.chicagobilingualnurse.org\/br\/wp-json\/wp\/v2\/media\/377"}],"wp:attachment":[{"href":"https:\/\/app.chicagobilingualnurse.org\/br\/wp-json\/wp\/v2\/media?parent=78"}],"curies":[{"name":"wp","href":"https:\/\/api.w.org\/{rel}","templated":true}]}}