{"id":82,"date":"2024-08-13T00:59:44","date_gmt":"2024-08-13T00:59:07","guid":{"rendered":"https:\/\/app.chicagonurse.org\/?page_id=82"},"modified":"2024-10-04T20:01:09","modified_gmt":"2024-10-04T20:01:09","slug":"english","status":"publish","type":"page","link":"https:\/\/app.chicagobilingualnurse.org\/br\/steps\/english\/","title":{"rendered":"Enviar a prova de profici\u00eancia em ingl\u00eas para a CGFNS"},"content":{"rendered":"\n<p>Assim que o ETS enviar os resultados do seu teste Toefl por e-mail, voc\u00ea precisar\u00e1 pedir que eles enviem os resultados para o CGFNS. Enquanto isso, fa\u00e7a login <a href=\"https:\/\/applicants.cgfns.org\/portal\/view\/login\">novamente no CGFNS<\/a> e <a href=\"https:\/\/applicants.cgfns.org\/portal\/multipage\/page=10\">navegue at\u00e9 a p\u00e1gina 10<\/a> e digite:<\/p>\n\n\n\n<ol class=\"wp-block-list\">\n<li>O <strong>nome<\/strong> do teste que voc\u00ea fez;<\/li>\n\n\n\n<li>A <strong>data<\/strong> do teste;<\/li>\n\n\n\n<li>Seu <strong>c\u00f3digo<\/strong> de registro e agendamento; e<\/li>\n\n\n\n<li>Liste a <strong>ETS<\/strong> como a Ag\u00eancia de Testes, juntamente com a data em que voc\u00ea solicitou que eles enviassem os resultados dos seus testes para o CGFNS.<\/li>\n<\/ol>\n","protected":false},"excerpt":{"rendered":"<p>Assim que o ETS enviar os resultados do seu teste Toefl por e-mail, voc\u00ea precisar\u00e1 pedir que eles enviem os resultados para o CGFNS. Enquanto isso, fa\u00e7a login novamente no CGFNS e navegue at\u00e9 a p\u00e1gina 10 e digite:<\/p>\n","protected":false},"author":7,"featured_media":380,"parent":91,"menu_order":3,"comment_status":"closed","ping_status":"closed","template":"","meta":{"_acf_changed":false,"footnotes":""},"class_list":["post-82","page","type-page","status-publish","has-post-thumbnail","hentry"],"translation":{"provider":"WPGlobus","version":"3.0.0","language":"br","enabled_languages":["en","mx","br"],"languages":{"en":{"title":true,"content":true,"excerpt":false},"mx":{"title":true,"content":true,"excerpt":false},"br":{"title":true,"content":true,"excerpt":false}}},"acf":[],"jetpack_sharing_enabled":true,"_links":{"self":[{"href":"https:\/\/app.chicagobilingualnurse.org\/br\/wp-json\/wp\/v2\/pages\/82","targetHints":{"allow":["GET"]}}],"collection":[{"href":"https:\/\/app.chicagobilingualnurse.org\/br\/wp-json\/wp\/v2\/pages"}],"about":[{"href":"https:\/\/app.chicagobilingualnurse.org\/br\/wp-json\/wp\/v2\/types\/page"}],"author":[{"embeddable":true,"href":"https:\/\/app.chicagobilingualnurse.org\/br\/wp-json\/wp\/v2\/users\/7"}],"replies":[{"embeddable":true,"href":"https:\/\/app.chicagobilingualnurse.org\/br\/wp-json\/wp\/v2\/comments?post=82"}],"version-history":[{"count":13,"href":"https:\/\/app.chicagobilingualnurse.org\/br\/wp-json\/wp\/v2\/pages\/82\/revisions"}],"predecessor-version":[{"id":781,"href":"https:\/\/app.chicagobilingualnurse.org\/br\/wp-json\/wp\/v2\/pages\/82\/revisions\/781"}],"up":[{"embeddable":true,"href":"https:\/\/app.chicagobilingualnurse.org\/br\/wp-json\/wp\/v2\/pages\/91"}],"wp:featuredmedia":[{"embeddable":true,"href":"https:\/\/app.chicagobilingualnurse.org\/br\/wp-json\/wp\/v2\/media\/380"}],"wp:attachment":[{"href":"https:\/\/app.chicagobilingualnurse.org\/br\/wp-json\/wp\/v2\/media?parent=82"}],"curies":[{"name":"wp","href":"https:\/\/api.w.org\/{rel}","templated":true}]}}