{"id":89,"date":"2024-08-13T01:10:44","date_gmt":"2024-08-13T01:10:35","guid":{"rendered":"https:\/\/app.chicagonurse.org\/?page_id=89"},"modified":"2024-10-04T19:32:35","modified_gmt":"2024-10-04T19:32:35","slug":"general","status":"publish","type":"page","link":"https:\/\/app.chicagobilingualnurse.org\/br\/general\/","title":{"rendered":"Informa\u00e7\u00f5es gerais:"},"content":{"rendered":"\n<p>Por favor, preencha suas informa\u00e7\u00f5es de contato para que possamos registrar sua conta.<\/p>\n\n\n<form method=\"post\" class=\"acfe-form\" data-cid=\"69e1254c9e4e8\">\t<div id=\"acf-form-data\" class=\"acf-hidden\">\n\t\t<input type=\"hidden\" id=\"_acf_screen\" name=\"_acf_screen\" value=\"acfe_form\"\/><input type=\"hidden\" id=\"_acf_post_id\" name=\"_acf_post_id\" value=\"89\"\/><input type=\"hidden\" id=\"_acf_validation\" name=\"_acf_validation\" value=\"1\"\/><input type=\"hidden\" id=\"_acf_form\" name=\"_acf_form\" value=\"eDM0L1JrRndQWVowMjljRG0vR3FFalF4ZVBsZ29jaW51R0FqYlFMeEttL2ZlVGZWenpSSGI4STc0c3cwWFBMZFJuRGxzdGRnb0FUeWRJNmlPMlBOdWN0dHUyZEZ0UlNuWGlmUHBrZk10Y0NnaDc1eXcxNU1RZzd0U0RoUElXL1dtYThQNTBmaXdtWDUwV05BZklYclFqZ1M5L2lqc0JJbGRlbnlIeGU3S0xsdDBVcWdMV2FHb0Uram1UZ3dlWko1MXdnT25aT0FxWGY3Q0dHYlB6eDdQb1dBRmJRT3V3alVnRVVHM05UZXMxa1NsRXBLa1NSUVRtSmJCNngyVDYyZTIxQ1pLTXdDU0VZblVTRkp1VjNKc0NxWXN3VHhSTmdwRktLRTBNM0cxRExhdkQ2L0k4L2pFVUtFZ1lRdEh2Zy9XdkFidVMwQ3k2dXp4YldmOTZ0ZTl6ZEFjdVRPcDhvcWRhUGRCL1dMdFVwUUlkY1dLTXJYT3dSMnRDVmFxSVRRQ21GQ0ViQ2orMmw4V2p6N1JmNnVuR0JyYmRWa0FUeS9jWHZJZUZEV0c4M2IvSWovTElEdml2N3V1WXJkZkE0VCs5VVcralk3bngwdUNzSjVPZGVENThyVDd1cWhPL0xDSXo1RG5lS2QrM2ZUZ2prdWxTYURqODRDVjZIVEtJRkh4a0xZSU9oTElQdjA1VktZajlOS1pPZG1BVHRjaXpBdU5EK2lWVGZTVlZIYlhseVF5VDBUUVRMY3o4T2UxY1lCUTAzZnEydnBURmNCWnArOFV5UTJzZW9IbExzcWJOSVo0M0ZxSTNJUXN4V1ZSUjNWcWxHYlBnWGhKaXcxTHBSVjFMajlRdlVvYWJHWUxTRlFTK0xYS0RaVVZKbnBkbVJrN2w2djJoQmRRak5WbElkbGFYTDdCbDdmcmVJaHVTa0g1czVuTDNpQjh5dXlsSzhSYndtb0U4cDBhbHg0WnMxeGEydnUxZS8reWU2aWtZNmE4ZXR2MDIycm5RbUUzVkM5TkYyckEwY3l1QW1wMytRNkpRL0hrMksyVk11REhVaU5nNXQvS1kxVnhud0piNWFHaDVjWVBRNlJRWnJXdWZ1SmVxN2U2OFpybjVmeGVSOVpxaTI2UnRBOUtqdTFFY3RFeHUxS0RkVE5WV3htZWc1UXIwNDFPcitDcEoyeW5VQ1BFeGR0UEpvYjFzTTdDaTltMWJJZm5JaC9KVkU5bjlaSy9JWFpBZmpNQ2FsVnBPSCt0QjlGMFBKQTh6UkxhOTRxNEdLR3MxZS9XMzJxVlRwS0d3Y3JuOENJUFUySFlLUW1Ma0dtbGt1R3ZyOVIrYWUreHlleDN6cjZBeUdDL3FsZklzbm9VQyt0VTRkVm1hNzVEVUd1OTJ0citha1pmT3BuSDVGOVM3YVlQbEJocG9QcEJUcW5SNjc2VGd3VlBPWWtOMXk0eERSWUNZeHMwNjZwRjB4d1dVTGIraUoxQi9jcW9SazA5MUg0N2hzcklFVFZ0S3BoeGtyQXlJdFI2cm05VXE2NElFOG5CSEFpM1JTdm8wRWFiRmRvcVNRMmF4cHRZZ0ZUMGtXbUxxR0F1ZlJkVTZDb2pWNitRb2R1RWUrS3pjeWVYM0JMNmJhOGRyeDRrMG9QczBPcUNCNnpjQVQ5ODQxempDL3NjZGlOckxYeWRDUDdzb1VxY1VpNG5rT05IYjNuL3BFN1FjMkZuWFJnN1Fpbk1lZ2VKcnlmL1Qva3h5SCtYNEdTWE5ENE5QeXdleE9BZWI1M3hGd3IyT21MZkEvRk55QjRGMWNVN3RuUG5vcnlEM2kyR3dPdmZmV2x3NlFIWWRFbFNPYWVFd0pNZUl5S2hXN3k0YVNqSUo4cElpbXN1UUVBamhpRHo0SUNsdC84WmJHK1ZvbW5NYW1sdjh5VE9nSU1SVFh4aTJ6aElWNEZrc0NleGJ3cndjdlBMUVJ0M2JZdlVpZDJaMUIyRFpQVnRoUVpPRkdxY1BzelJidlF0RW5rQmh3OUdNZzVteDhLM1RnQ3V5aE0zYVhyN3BJMmhGd000VFNBdGtZVVViQmdlTEJpaXlhNDNJb2ZHNEQ5NXc2UDJOZmVLcGtsTzJhK2hsTHcramE2OUFMTTVadkpsbDlhVkYwNVZEeThTaDc1M1pQNzJvVUg3amcycmtZVDlDK1cycGs5WHBxRzM1Y1g0T0J0SDBPVlpCYmZWZUlmV2Q2Q0lETVRya01aWElmT3FBZTFLV3VHRGJEQzJ3Q0V0ZGFsZjlDNGZIc0xhMHJMbDF1WE1tYkNYMXdwdDBTYTZkcWt1ZTZNNkk5L3lnRlNWMlZNS1JxbEk1bURwUXJMeWZuL1huWWtXODZJeTNaZ3VudVo5a0Y5OE9zR2RuWUtUWmU4dlNZYVBaQmVrbkV6d1o0UzVhNVhwZ2VaSHJMM2EvUkswYXRpSVAzcVVwUytCWG44NDBBZWhKQ2J4bU8xbFFYVnRPQmkzTUJ4dklCTGlTb0xremtXRXZOUWkvK3hVRGwrTzVzcGZzSjg1M3lmeFZVWVIwaXJpQXpZZENsY2ZyZERMSlVnQ2EwZ0VzN2cxczFhS0U2b2JCQ2hLbXA1NDNQN0RuN1dCVW1iWG4zenErRVBvWmJqbTNkbWlJUmpmbU5xY3ViTlJxWDc1UTVENWF0OUdiaVVUeUdIbTJoSDRnWDhaRWdHV3J6eHhMV2tiTmttYU5BRDVLMkhEZ01ZcFNwSUpucGk3UjFZTG0rMXNQN1RiYldwb3Z2VXVMcGdoRXdGZFlnZWxlK1dsZU4zODZ0WTZPOWQ5ZW9GTHp3ZmRFcGJEanZnekdhV2VWVWk1TkJpdEhaOFVyZWtWV1hneXV2cGszY0l0NG5adHpsd0lUM2NBeS9ZY3puY0lpVngzNlF6K0R3Qk9vV1hTUFdSNmU0NDYwcVJZU3BXRTNvQjdaTHNoc2tXZm5CS2pPWm1DK2FaODNkZlBGTzU0aUxpQklka0VMR1NIVlYxd0E3ejF4NndSa1c1OHNJdmZ5Uk5BeXZJM1ZrSDl3NFFHY3pkUys0Rk1TSDBSd3h0ckxOUjVrY0ZIQUZRWFQ3TkVSVldRMVYzR2pWb05JVkErWXpGbE4wQ2oxNDBqYjlXL3puSTBnalFMNlJsQkpFLzFiQzgwY0hXdU81N3RnMUEyaDdLb1NZOUVLaE5pdEJTM25JS2xjS3p0WmRCUkd3Q3pCYTdUbHo0bm8yNmt3Z2kzem5KeVFPTW1vSElDd296NHRCN2M0anVSVFhxNXNOakMwejJMWmo0cEgvOU90UjhvWWZRdzVwMXFUQnVXbitlaWx0REhNdlRidUQ1OFNuSUcyZTlBUnNCeDR1Q0FwbjFWR0FDbzhqWWZZcE1sdEIyNXRmdE5wS2xRQW80b21CbEg4S0d3dk9HRTFvL0M2Z1ZtQ0NlU3ljUkVrY2FrNGh5NzdVMmc0cGtEL2lpaExiM0FNdTJkdm5pcUxyN0hQNzJ5QjEwVlRSejhMSkhQWSswZzh2M28xNU00L045MXZGT2JoQllyVWM2Q3FWZlE1SUVhSGdscWJXT3gwMTlucGU4K3ZxN2lIMGIxeHYwalJBRUF1NHZlRUxEc0FqUFR2UXl3MlRVbE55RWZPUHVQT2lOUEJnZ0NubXZwemVQZVRlOUQ0QmVzZ3FjdU40dUM3ZGhCTzNJSFBhWm95OXRmaDQ1NEJpRWxGc2tQOTQ4MFRPc0RvQkZaTUVJZGFHclplOURUVnMwNXhTcHFzRWpySjJRbUdudDJPTmFwNWJOQUxpcDVOMEZrQ2xBSVdVSktlZlBMR0JJN1ZJVUVHc2E1L2dpenlvemFXb2lzSmdpRFFzb3BZYUpYSTZWMXVKK09JYmV5L3dxNUgrQzlXK210M0xmdXBuMk9hWGp2c2N3Rmo4bCs4Rnp0endYNUhDcTlRRGxhd2xITkc1bWhIUXFVNkdGQTVqNStQU3hPMnF0OWxsM0xYRVBRRFVqNVVrM1d0REhSVnQvMG8rVjY0M3NEUDYvbXJuOVM3YUN0QWxobmJKVmtMazNpazJxZGhMNjdlMzhrYUIwazJ5R3Z6eDcrdW5uVkFXbm5BYXM1Y3BGMTBMWjdXMWRtVzZiWk5PdFlpYklsOHpCSklXTmtkS2xoSm1Oc29IM3haMjE5RDlhNS85Mkw2K2UxTWxKK0R2S2dsbk5ZdmhrbWhFN0pVYTAvRW11enA0SlRaSVQ3K2t4b055bmQyVTFON1MzWnk5WDJWUlhST0VLUWlGU3VHVmJ3NjFQT0EvVm5CTXdwellXb1JheFR3cE9nbWRCeCtHTyt1QytjU1RGMUcrUFZWRDRCWnBIdTk4U0xSbTZuM1FHcE1iVXB5Zi93NHFZcit3UUN2b0M0ZkttQUlqdUtHYVA3UUdVZnpaNzdXeURPQ0JJNTdYZXBUTVROeTRmUUdsbXVKcHRQWHVpUENyNURNQm1yN2pLcHRaSXVTdm1BK0twWGxFUUFRTmN2L0VTMVpPVmFyUXRydnAySWJvYUxJbWdvbU1yMGczUk1SeXRvZnRKUnN6UlhwQmVGd0pVUzNNc0F5dVI1aU53QXpNWFhtUXlOWGw4RklLejRvdDk1RURZY1EzUjdjNElzNzYwTGVub0R6Nnp2Y0FxZmFTM0c4WlNPRHNoR1VOVUdzbXpkNU9INVowREc3cnByRzNWUmwxRXNQUTdWbDI5UGtUelVQQUNMWEFub2YxMmUwWUVnSUdWM3FScWRvTDNHZjJNb1pPK3p2OE1uSmVSRXQ1blVmR2ZtVnZIdS9ySE9HZndISHBrWTVKOXVnVy8vKzJFNEE1dWlIU3V1Qm8remRVM1hieFp1c0w0dStRNDd6NVVMaFdlSmhFNzNRZkowa255b2ZJcXJWcVo0bldwNU9RSHdGSzd5RU9TWmdkYUxpRHFxSXdFL3JIVXQzTmFHSno0UUd0Z0RUTXo3RVBMOHA1dkh5TEwra2tvT2FyZ0JZSFdEV2xlOVZSV1ZHTk5Fc0NzaCszZG9vbGY1ZjlsT2I0MjIvWlJtdDU2Y0xrbFpwVVBmYmZXQU82cXdNVDk1dUd1b21xaEFYQWxjQ3d1NHpxSjRnc0lCb2V1VWJvbzd6OFdOZ24wMEoxbzJ6SG9CZEhDU1pHL0ljcWh0ZVJNM0VDUjIxdFlZOCtZL0hpWXJac2Z2YWE0YkY4TDl0YnFpYmFmNVAzMzNOQ2JEby9aTXcvcWVTQWFOcUY4VXY2UjAxL3pKZU1IT2Q4NEdObUJyekxmK29sUmRMNG9Uek5FR05hakJtdkQyZVJzQVJpdXFHZVd4M0hHc1lzUHd3TzFnOW5DZjBzREtZZGFQSldlU2tpK2Fmd2hRb2FXY2VxNG44TDFJcytqSkZjb3VsRUN3cUdGMStlRkVvamhFQWdqZ2lrNGxaaFRTS0UrN0NnM2xFbnhWS1NjNTMvM0hiVjhQbnppZ1Fhc0lOelp4WXFuSUtmL2NQWmVoVXF6Z3ppMHcyMlE0QjVqdGVNRnh6ak94cTltdGFYRnhKeWIxNGV5QTRPSTJCTFN6ejNJaHJ0TXlyWVk1dlExSUVEZWwvN2VCVzdFYWYxNWRLbXZxNGljcjNZd2pNOEN0clpRdm9EdlJDMFNRNWp6THFBeGJ3Q0Y0L0ZRVDdKRHg2WEpISGg0NFl3VzhYSXJwUEduY01MS09MS0NsTFN2aWF4Y0ZUVC91U1hDVE11Yk1jYkwxaUdvR0xiN05sTTVjd0I1ZUtReldxcmtXUTdRb1dqTmYrQjlSWUl6OVJmUFpiM1FONmZGZ1lNSEZINXgrZi9YM2lJQzUvRi8welcxNk9RWUJZZW1WYlZPaENwU1JBL0pUcmhNbVJNSnQwNWJZdTQ1TnhUU0FFQlA5eFpxbHZSSi94Q1hOMFV3QjJFQXVpcldDZFNYRjlzU0ZvMldyajJCNzVNM2JSY2U3aCtoYjdnWGVYMVFHMnB4emNKZVlPaStBcnNkNHFsZmxmZ1JTdWlSMU95a1g2T1hBRGhMSkI4RGptVHNJbmZXY2ZKKytZdEJDcXhQR241d0JNZVYvWjJNalczOUp0QTdza3FWZEx4NXE4VHpqRlpta2JUb2dleHRCeHVKN2dKblE5QzJOTnlidXZHZW41UG5ic3lEcWY0M0NieFpzMnhZblNrQ2ROaTgrdFhoVDlSUERVQnVXRzcrWEFkd3ZMUFNMaG1CTjVtWXpZR2pOUlZlcndxbnl4cnh6dllIeVJkRE5PNDlBOUxmWEx6T2JwUEtSa2d2aGh2OFZYRWl2S0Y3a0FDMVdoa0JpZWJJTE51QjJRVEU3WmFCWUVHcmEzMllTdlVWck1mNzlHUUJycDIwRFVLUjVXcStxM2JwZkFHNVdCaVpMTDBLblRoU0hVMWs4ZzVhbExLMUZRb0EvazhXN2MxQms0bnMzdDczQ0FVaE9PRjNsVjRQeldYd0hoamg5STFGWXpZc09RTUtMUDVaT3pSdnZ1U085YnI3VWtWS0Y2V2x1eUU5NnlQRVpxWTF0L094ZmNxZU9KelZra2JmVE1rU2Fad1hEcHFqV0M4aUJpL0czSXVMNnlteXpGWXRUb1Z6MkI5SjZBSmZxWWhyYVlJVlNvdTAyZGcvYStMakswVCtOQW9FdFpIRWFmZHFiby9RRVcydU0rcFYrZHJ1ZGlYNVBwSi90ajg1a3h3WFdCMTZHNzJ6M1p2RndZWTRUaE5sOG5HQko0eUFrMGdSVEtOM2gxd00vNjM2dGZOR0FmdTVUeGwzVnhxS0ZYS211YkNGb1p3TlkwcEVhMjJCampmMEdGSlZZYnZqYU1Dc3JFNWFuTFlTS08yTHp5bG9md0JlY0liUE5ucW1sWlh0dUY1aitVVDcwQzNrdmdjSWFpa3hkN08rbk91Nm5KWG1tSUVjY2Y3Q2JHN2U3eXhVRVpRelIrZXFUMjJlNjdXdnpEUi84aGY3anI3eFcxQUFaTlF6RHhVM3ZhUTZVdTNKc0o2TXJtditBeTRLNG5yWkJUTjQrbTA4V3lHYVdRbWFiSUhScWtXSS84cTZZQisvaE5EeWFxWGpvcnY2UldQNlZvYzllNkJ2eVpSUDYyTGgwSzA2RW9GaFJxS1laZGd2bDFBc0RzMWc1THNxZEh1UHh4M09yWjBZaVk0MGZsWldKM0YyS0pHTUJ3bERjK1ovN1MxTVVldkZhQ3hSc2ZGMUp6NmVSMlVpYzdSUURCTTFRaFQ5TzRPS2ZMWVIzL3p5SEQvcGo4VFNqZjJteDNaZG50cGlEZlhKUXV3dGQ0UlBjdkp4TER6dWdObG5vNWpjbVIrTWRxTFlqa0xwbVpteCtmWkRxK2dvQmpvcEg2M3FWN25vUTdhUjd4RFU1YlNtRURGNnJNTHZEWTQ4UDVVMFpvNFFOcFF5M2lsTkh0dU5ucllUd2pLdWlUUjZ3dz09OjodFdceUW2V68t9dfL6h7MA\"\/><input type=\"hidden\" id=\"_acf_nonce\" name=\"_acf_nonce\" value=\"0d4167337f\"\/><input type=\"hidden\" id=\"_acf_changed\" name=\"_acf_changed\" value=\"0\"\/><input type=\"hidden\" id=\"_acf_location[post_id]\" name=\"_acf_location[post_id]\" value=\"89\"\/>\t<\/div>\n\t<div class=\"acf-fields acf-form-fields -top\"><div class=\"acf-field acf-field-text acf-field--validate-email\" style=\"display:none !important;\" data-name=\"_validate_email\" data-type=\"text\" data-key=\"_validate_email\">\n<div class=\"acf-label\">\n<label for=\"acf-_validate_email\">Validar e-mail<\/label><\/div>\n<div class=\"acf-input\">\n<div class=\"acf-input-wrap\"><input type=\"text\" id=\"acf-_validate_email\" name=\"acf[_validate_email]\"\/><\/div><\/div>\n<\/div>\n<fieldset>\r\n    <div class=\"acf-field acf-field-text acf-field-66b52261e58f0 is-required\" data-name=\"name\" data-type=\"text\" data-key=\"field_66b52261e58f0\" data-required=\"1\">\n<div class=\"acf-label\">\n<label for=\"acf-field_66b52261e58f0\">{ :en }First name{ : }{ :mx }Nombre de pila{ : }{ :br }Primeiro nome{ : } <span class=\"acf-required\">*<\/span><\/label><\/div>\n<div class=\"acf-input\">\n<div class=\"acf-input-wrap\"><input type=\"text\" id=\"acf-field_66b52261e58f0\" name=\"acf[field_66b52261e58f0]\" required=\"required\"\/><\/div><\/div>\n<\/div>\n\r\n    <div class=\"acf-field acf-field-text acf-field-66b524beecb68 is-required\" data-name=\"surname\" data-type=\"text\" data-key=\"field_66b524beecb68\" data-required=\"1\">\n<div class=\"acf-label\">\n<label for=\"acf-field_66b524beecb68\">{ :en }Last name{ : }{ :mx }Apellido{ : }{ :br }Sobrenome{ : } <span class=\"acf-required\">*<\/span><\/label><\/div>\n<div class=\"acf-input\">\n<div class=\"acf-input-wrap\"><input type=\"text\" id=\"acf-field_66b524beecb68\" name=\"acf[field_66b524beecb68]\" required=\"required\"\/><\/div><\/div>\n<\/div>\n\r\n<\/fieldset>\r\n<div class=\"acf-field acf-field-text acf-field-66b524d4621b7 is-required\" data-name=\"country\" data-type=\"text\" data-key=\"field_66b524d4621b7\" data-required=\"1\">\n<div class=\"acf-label\">\n<label for=\"acf-field_66b524d4621b7\">{ :en }What is your country of origin?{ : }{ :mx }\u00bfCual es tu pa\u00eds de origen?{ : }{ :br }Qual \u00e9 seu pa\u00eds de origem?{ : } <span class=\"acf-required\">*<\/span><\/label><\/div>\n<div class=\"acf-input\">\n<div class=\"acf-input-wrap\"><input type=\"text\" id=\"acf-field_66b524d4621b7\" name=\"acf[field_66b524d4621b7]\" required=\"required\"\/><\/div><\/div>\n<\/div>\n\r\n<div class=\"acf-field acf-field-email acf-field-66b557f3f64b4 is-required\" data-name=\"email\" data-type=\"email\" data-key=\"field_66b557f3f64b4\" data-required=\"1\">\n<div class=\"acf-label\">\n<label for=\"acf-field_66b557f3f64b4\">{ :en }Email address{ : }{ :mx }Direcci\u00f3n de correo electr\u00f3nico{ : }{ :br }Endere\u00e7o de email{ : } <span class=\"acf-required\">*<\/span><\/label><\/div>\n<div class=\"acf-input\">\n<div class=\"acf-input-wrap\"><input type=\"email\" id=\"acf-field_66b557f3f64b4\" name=\"acf[field_66b557f3f64b4]\" required=\"required\"\/><\/div><\/div>\n<\/div>\n\r\n<div class=\"acf-field acf-field-text acf-field-66b55806f64b5 is-required\" data-name=\"phone\" data-type=\"text\" data-key=\"field_66b55806f64b5\" data-required=\"1\">\n<div class=\"acf-label\">\n<label for=\"acf-field_66b55806f64b5\">{ :en }Phone number{ : }{ :mx }N\u00famero de tel\u00e9fono{ : }{ :br }N\u00famero de telefone{ : } <span class=\"acf-required\">*<\/span><\/label><\/div>\n<div class=\"acf-input\">\n<div class=\"acf-input-wrap\"><input type=\"text\" id=\"acf-field_66b55806f64b5\" name=\"acf[field_66b55806f64b5]\" required=\"required\"\/><\/div><\/div>\n<\/div>\n<\/div>            <div class=\"acf-form-submit\">\r\n                \r\n                                \r\n            <\/div>\r\n        <\/form>\n","protected":false},"excerpt":{"rendered":"<p>Por favor, preencha suas informa\u00e7\u00f5es de contato para que possamos registrar sua conta.<\/p>\n","protected":false},"author":7,"featured_media":0,"parent":0,"menu_order":1,"comment_status":"closed","ping_status":"closed","template":"","meta":{"_acf_changed":false,"footnotes":""},"class_list":["post-89","page","type-page","status-publish","hentry"],"translation":{"provider":"WPGlobus","version":"3.0.0","language":"br","enabled_languages":["en","mx","br"],"languages":{"en":{"title":true,"content":true,"excerpt":false},"mx":{"title":true,"content":true,"excerpt":false},"br":{"title":true,"content":true,"excerpt":false}}},"acf":[],"jetpack_sharing_enabled":true,"_links":{"self":[{"href":"https:\/\/app.chicagobilingualnurse.org\/br\/wp-json\/wp\/v2\/pages\/89","targetHints":{"allow":["GET"]}}],"collection":[{"href":"https:\/\/app.chicagobilingualnurse.org\/br\/wp-json\/wp\/v2\/pages"}],"about":[{"href":"https:\/\/app.chicagobilingualnurse.org\/br\/wp-json\/wp\/v2\/types\/page"}],"author":[{"embeddable":true,"href":"https:\/\/app.chicagobilingualnurse.org\/br\/wp-json\/wp\/v2\/users\/7"}],"replies":[{"embeddable":true,"href":"https:\/\/app.chicagobilingualnurse.org\/br\/wp-json\/wp\/v2\/comments?post=89"}],"version-history":[{"count":7,"href":"https:\/\/app.chicagobilingualnurse.org\/br\/wp-json\/wp\/v2\/pages\/89\/revisions"}],"predecessor-version":[{"id":754,"href":"https:\/\/app.chicagobilingualnurse.org\/br\/wp-json\/wp\/v2\/pages\/89\/revisions\/754"}],"wp:attachment":[{"href":"https:\/\/app.chicagobilingualnurse.org\/br\/wp-json\/wp\/v2\/media?parent=89"}],"curies":[{"name":"wp","href":"https:\/\/api.w.org\/{rel}","templated":true}]}}