{"id":93,"date":"2024-08-13T01:12:44","date_gmt":"2024-08-13T01:12:12","guid":{"rendered":"https:\/\/app.chicagonurse.org\/?page_id=93"},"modified":"2024-10-08T00:47:09","modified_gmt":"2024-10-08T00:47:09","slug":"evaluate","status":"publish","type":"page","link":"https:\/\/app.chicagobilingualnurse.org\/br\/steps\/evaluate\/","title":{"rendered":"Avaliar suas credenciais com a CGFNS"},"content":{"rendered":"\n<p>Sugerimos que voc\u00ea avalie suas credenciais com a Comiss\u00e3o de Graduados de Escolas de Enfermagem Estrangeiras (<strong>CGFNS<\/strong>) pois somos agentes autorizados por essa organiza\u00e7\u00e3o e podemos ajud\u00e1-lo nesse processo. As taxas da CGFNS s\u00e3o de US$ 485 mais US$ 85 para cada p\u00e1gina que voc\u00ea precisa traduzir (Diploma, Licen\u00e7a e transcri\u00e7\u00e3o de cr\u00e9ditos). O custo total para esta etapa \u00e9 de US$ <strong>740<\/strong>.<\/p>\n\n\n\n<p>Voc\u00ea ter\u00e1 um ano para enviar sua inscri\u00e7\u00e3o assim que abrir sua conta. Alternativas ao CGFNS incluem isto <a href=\"https:\/\/www.eres.com\">Education Records evaluation Services<\/a>, <a href=\"https:\/\/www.jsilny.org\">Josef Silny and associates<\/a>, <a href=\"https:\/\/spantran.com\">The Evaluation Company<\/a>, e <a href=\"https:\/\/myiee.org\">International Education Evaluations<\/a>.<\/p>\n","protected":false},"excerpt":{"rendered":"<p>Sugerimos que voc\u00ea avalie suas credenciais com a Comiss\u00e3o de Graduados de Escolas de Enfermagem Estrangeiras (CGFNS) pois somos agentes autorizados por essa organiza\u00e7\u00e3o e podemos ajud\u00e1-lo nesse processo. As taxas da CGFNS s\u00e3o de US$ 485 mais US$ 85 para cada p\u00e1gina que voc\u00ea precisa traduzir (Diploma, Licen\u00e7a e transcri\u00e7\u00e3o de cr\u00e9ditos). O custo [&hellip;]<\/p>\n","protected":false},"author":7,"featured_media":0,"parent":91,"menu_order":0,"comment_status":"closed","ping_status":"closed","template":"","meta":{"_acf_changed":false,"footnotes":""},"class_list":["post-93","page","type-page","status-publish","hentry"],"translation":{"provider":"WPGlobus","version":"3.0.0","language":"br","enabled_languages":["en","mx","br"],"languages":{"en":{"title":true,"content":true,"excerpt":false},"mx":{"title":true,"content":true,"excerpt":false},"br":{"title":true,"content":true,"excerpt":false}}},"acf":[],"jetpack_sharing_enabled":true,"_links":{"self":[{"href":"https:\/\/app.chicagobilingualnurse.org\/br\/wp-json\/wp\/v2\/pages\/93","targetHints":{"allow":["GET"]}}],"collection":[{"href":"https:\/\/app.chicagobilingualnurse.org\/br\/wp-json\/wp\/v2\/pages"}],"about":[{"href":"https:\/\/app.chicagobilingualnurse.org\/br\/wp-json\/wp\/v2\/types\/page"}],"author":[{"embeddable":true,"href":"https:\/\/app.chicagobilingualnurse.org\/br\/wp-json\/wp\/v2\/users\/7"}],"replies":[{"embeddable":true,"href":"https:\/\/app.chicagobilingualnurse.org\/br\/wp-json\/wp\/v2\/comments?post=93"}],"version-history":[{"count":34,"href":"https:\/\/app.chicagobilingualnurse.org\/br\/wp-json\/wp\/v2\/pages\/93\/revisions"}],"predecessor-version":[{"id":804,"href":"https:\/\/app.chicagobilingualnurse.org\/br\/wp-json\/wp\/v2\/pages\/93\/revisions\/804"}],"up":[{"embeddable":true,"href":"https:\/\/app.chicagobilingualnurse.org\/br\/wp-json\/wp\/v2\/pages\/91"}],"wp:attachment":[{"href":"https:\/\/app.chicagobilingualnurse.org\/br\/wp-json\/wp\/v2\/media?parent=93"}],"curies":[{"name":"wp","href":"https:\/\/api.w.org\/{rel}","templated":true}]}}