{"id":95,"date":"2024-08-13T01:12:44","date_gmt":"2024-08-13T01:12:48","guid":{"rendered":"https:\/\/app.chicagonurse.org\/?page_id=95"},"modified":"2024-10-04T20:00:06","modified_gmt":"2024-10-04T20:00:06","slug":"translate","status":"publish","type":"page","link":"https:\/\/app.chicagobilingualnurse.org\/br\/steps\/translate\/","title":{"rendered":"Traduzir suas credenciais para o ingl\u00eas"},"content":{"rendered":"\n<p>Agora que voc\u00ea enviou seu perfil para o CGFNS, eles ir\u00e3o analisar e pedir qualquer informa\u00e7\u00e3o adicional. Depois de comprar sua aplica\u00e7\u00e3o, voc\u00ea a ver\u00e1 listada em <a href=\"https:\/\/applicants.cgfns.org\/portal\/view\/dashboard\">seu painel<\/a> como \u201c<strong>Credentials Evaluation Service (CES) \u2013 CES Professional Report Application<\/strong>\u201c. Siga esse link e role para baixo at\u00e9 \u201cPrimary Source Documents\u201d e voc\u00ea encontrar\u00e1 dois documentos em PDF:<\/p>\n\n\n\n<ol class=\"wp-block-list\">\n<li><strong>Nursing Education form<\/strong>, e<\/li>\n\n\n\n<li><strong>Request for License \/ Registration \/ Diploma \u2013 Nurse<\/strong><\/li>\n<\/ol>\n\n\n\n<p>Imprima <strong>ambos<\/strong> os documentos e <strong>assine<\/strong> a <strong>primeira p\u00e1gina<\/strong> de ambos. Voc\u00ea deve enviar o primeiro formul\u00e1rio para sua universidade e o segundo para a autoridade reguladora\/licenciadora de enfermagem em seu pa\u00eds de origem.<\/p>\n\n\n\n<p>Dentro de cada envelope, voc\u00ea pode incluir um envelope de retorno endere\u00e7ado e selado para ir ao CGFNS. Isso pode agilizar o processo. Certifique-se de que o envelope de retorno esteja endere\u00e7ado ao seguinte local:<\/p>\n\n\n\n<p><strong>CGFNS International, Inc.<br><\/strong>3600 Market Street, Suite 400<br>Philadelphia, PA 19104-2651<br>United States<\/p>\n\n\n\n<p>E os endere\u00e7os \u201cde\u201d devem ser sua escola e a autoridade de licenciamento, respectivamente.<\/p>\n\n\n\n<p>Depois que essas organiza\u00e7\u00f5es enviarem os formul\u00e1rios preenchidos, o CGFNS entrar\u00e1 em contato com cada uma para verifica\u00e7\u00e3o. Pode levar de 2 a 3 meses para o CGFNS concluir esse processo e devolver as credenciais traduzidas. Enquanto isso, voc\u00ea deve considerar fazer o exame de profici\u00eancia.<\/p>\n","protected":false},"excerpt":{"rendered":"<p>Agora que voc\u00ea enviou seu perfil para o CGFNS, eles ir\u00e3o analisar e pedir qualquer informa\u00e7\u00e3o adicional. Depois de comprar sua aplica\u00e7\u00e3o, voc\u00ea a ver\u00e1 listada em seu painel como \u201cCredentials Evaluation Service (CES) \u2013 CES Professional Report Application\u201c. Siga esse link e role para baixo at\u00e9 \u201cPrimary Source Documents\u201d e voc\u00ea encontrar\u00e1 dois documentos [&hellip;]<\/p>\n","protected":false},"author":7,"featured_media":552,"parent":91,"menu_order":1,"comment_status":"closed","ping_status":"closed","template":"","meta":{"_acf_changed":false,"footnotes":""},"class_list":["post-95","page","type-page","status-publish","has-post-thumbnail","hentry"],"translation":{"provider":"WPGlobus","version":"3.0.0","language":"br","enabled_languages":["en","mx","br"],"languages":{"en":{"title":true,"content":true,"excerpt":false},"mx":{"title":true,"content":true,"excerpt":false},"br":{"title":true,"content":true,"excerpt":false}}},"acf":[],"jetpack_sharing_enabled":true,"_links":{"self":[{"href":"https:\/\/app.chicagobilingualnurse.org\/br\/wp-json\/wp\/v2\/pages\/95","targetHints":{"allow":["GET"]}}],"collection":[{"href":"https:\/\/app.chicagobilingualnurse.org\/br\/wp-json\/wp\/v2\/pages"}],"about":[{"href":"https:\/\/app.chicagobilingualnurse.org\/br\/wp-json\/wp\/v2\/types\/page"}],"author":[{"embeddable":true,"href":"https:\/\/app.chicagobilingualnurse.org\/br\/wp-json\/wp\/v2\/users\/7"}],"replies":[{"embeddable":true,"href":"https:\/\/app.chicagobilingualnurse.org\/br\/wp-json\/wp\/v2\/comments?post=95"}],"version-history":[{"count":14,"href":"https:\/\/app.chicagobilingualnurse.org\/br\/wp-json\/wp\/v2\/pages\/95\/revisions"}],"predecessor-version":[{"id":779,"href":"https:\/\/app.chicagobilingualnurse.org\/br\/wp-json\/wp\/v2\/pages\/95\/revisions\/779"}],"up":[{"embeddable":true,"href":"https:\/\/app.chicagobilingualnurse.org\/br\/wp-json\/wp\/v2\/pages\/91"}],"wp:featuredmedia":[{"embeddable":true,"href":"https:\/\/app.chicagobilingualnurse.org\/br\/wp-json\/wp\/v2\/media\/552"}],"wp:attachment":[{"href":"https:\/\/app.chicagobilingualnurse.org\/br\/wp-json\/wp\/v2\/media?parent=95"}],"curies":[{"name":"wp","href":"https:\/\/api.w.org\/{rel}","templated":true}]}}