{"id":99,"date":"2024-08-13T01:13:44","date_gmt":"2024-08-13T01:13:40","guid":{"rendered":"https:\/\/app.chicagonurse.org\/?page_id=99"},"modified":"2024-10-04T19:58:36","modified_gmt":"2024-10-04T19:58:36","slug":"cna","status":"publish","type":"page","link":"https:\/\/app.chicagobilingualnurse.org\/br\/steps\/or\/cna\/","title":{"rendered":"Candidate-se para se tornar um CNA"},"content":{"rendered":"\n<p>Como alternativa ao NCLEX, voc\u00ea pode fazer um teste para se tornar um CNA (Assistente de Enfermagem Certificado) em Illinois. Isso lhe d\u00e1 uma oportunidade de trabalhar na \u00e1rea da sa\u00fade enquanto voc\u00ea se prepara, e uma pr\u00e9via de como \u00e9 a enfermagem em Illinois. Voc\u00ea poder\u00e1 fazer networking com outros enfermeiros e ter a chance de fazer trabalho de enfermagem sob supervis\u00e3o at\u00e9 obter sua licen\u00e7a.<\/p>\n\n\n\n<p>Para concluir esta etapa, voc\u00ea pode preencher o PDF incorporado e usar o bot\u00e3o de download no canto superior direito para salvar o documento \u2018com altera\u00e7\u00f5es\u2019. Voc\u00ea precisar\u00e1 de uma <strong>impressora<\/strong> para esta etapa porque precisa assinar o documento.<\/p>\n\n\n\n<p>Voc\u00ea tamb\u00e9m precisar\u00e1 fornecer v\u00e1rios documentos:<\/p>\n\n\n\n<ul class=\"wp-block-list\">\n<li>Voc\u00ea precisar\u00e1 incluir seu <strong>diploma<\/strong> de enfermagem, ou outra prova de que concluiu um programa de enfermagem, traduzido para o ingl\u00eas.<\/li>\n\n\n\n<li>Voc\u00ea precisar\u00e1 enviar seu <strong>hist\u00f3rico escolar oficial<\/strong>, traduzido para o ingl\u00eas. O documento deve incluir o total de horas cl\u00ednicas de treinamento que voc\u00ea recebeu para cada curso.<\/li>\n\n\n\n<li>Voc\u00ea precisar\u00e1 anexar uma c\u00f3pia do <strong>Cart\u00e3o de Seguro Social (SSN)<\/strong>.<\/li>\n<\/ul>\n\n\n\n<div data-wp-interactive=\"core\/file\" class=\"wp-block-file\"><object data-wp-bind--hidden=\"!state.hasPdfPreview\" hidden class=\"wp-block-file__embed\" data=\"\/assets\/cna.pdf\" type=\"application\/pdf\" style=\"width:100%;height:600px\" aria-label=\"Incorporar PDF\"><\/object><\/div>\n\n\n\n<p>Ap\u00f3s preencher o formul\u00e1rio, voc\u00ea pode digitaliz\u00e1-lo e <a href=\"mailto:dph.hcwr@illinois.gov\">envi\u00e1-lo por e-mail para dph.hcwr@illinois.gov<\/a> junto com os outros documentos listados acima. Se aceito, o IDFPR enviar\u00e1 por e-mail as instru\u00e7\u00f5es para se registrar para o exame de compet\u00eancia escrito. Enquanto isso, voc\u00ea pode se preparar fazendo um <a href=\"https:\/\/cna.plus\/cna-practice-test\/\">teste pr\u00e1tico<\/a>.<\/p>\n\n\n\n<p>Note que esta \u00e9 uma <strong>chance \u00fanica<\/strong>. Se voc\u00ea n\u00e3o enviar a inscri\u00e7\u00e3o corretamente, n\u00e3o comparecer ao teste ou se n\u00e3o for aprovado no exame, n\u00e3o poder\u00e1 tentar novamente.<\/p>\n","protected":false},"excerpt":{"rendered":"<p>Como alternativa ao NCLEX, voc\u00ea pode fazer um teste para se tornar um CNA (Assistente de Enfermagem Certificado) em Illinois. Isso lhe d\u00e1 uma oportunidade de trabalhar na \u00e1rea da sa\u00fade enquanto voc\u00ea se prepara, e uma pr\u00e9via de como \u00e9 a enfermagem em Illinois. Voc\u00ea poder\u00e1 fazer networking com outros enfermeiros e ter a [&hellip;]<\/p>\n","protected":false},"author":7,"featured_media":0,"parent":113,"menu_order":0,"comment_status":"closed","ping_status":"closed","template":"","meta":{"_acf_changed":false,"footnotes":""},"class_list":["post-99","page","type-page","status-publish","hentry"],"translation":{"provider":"WPGlobus","version":"3.0.0","language":"br","enabled_languages":["en","mx","br"],"languages":{"en":{"title":true,"content":true,"excerpt":false},"mx":{"title":true,"content":true,"excerpt":false},"br":{"title":true,"content":true,"excerpt":false}}},"acf":[],"jetpack_sharing_enabled":true,"_links":{"self":[{"href":"https:\/\/app.chicagobilingualnurse.org\/br\/wp-json\/wp\/v2\/pages\/99","targetHints":{"allow":["GET"]}}],"collection":[{"href":"https:\/\/app.chicagobilingualnurse.org\/br\/wp-json\/wp\/v2\/pages"}],"about":[{"href":"https:\/\/app.chicagobilingualnurse.org\/br\/wp-json\/wp\/v2\/types\/page"}],"author":[{"embeddable":true,"href":"https:\/\/app.chicagobilingualnurse.org\/br\/wp-json\/wp\/v2\/users\/7"}],"replies":[{"embeddable":true,"href":"https:\/\/app.chicagobilingualnurse.org\/br\/wp-json\/wp\/v2\/comments?post=99"}],"version-history":[{"count":28,"href":"https:\/\/app.chicagobilingualnurse.org\/br\/wp-json\/wp\/v2\/pages\/99\/revisions"}],"predecessor-version":[{"id":777,"href":"https:\/\/app.chicagobilingualnurse.org\/br\/wp-json\/wp\/v2\/pages\/99\/revisions\/777"}],"up":[{"embeddable":true,"href":"https:\/\/app.chicagobilingualnurse.org\/br\/wp-json\/wp\/v2\/pages\/113"}],"wp:attachment":[{"href":"https:\/\/app.chicagobilingualnurse.org\/br\/wp-json\/wp\/v2\/media?parent=99"}],"curies":[{"name":"wp","href":"https:\/\/api.w.org\/{rel}","templated":true}]}}