{"id":101,"date":"2024-08-13T01:13:44","date_gmt":"2024-08-13T01:13:54","guid":{"rendered":"https:\/\/app.chicagonurse.org\/?page_id=101"},"modified":"2024-10-04T20:02:58","modified_gmt":"2024-10-04T20:02:58","slug":"review","status":"publish","type":"page","link":"https:\/\/app.chicagobilingualnurse.org\/mx\/steps\/options\/review\/","title":{"rendered":"Iniciar un curso de revisi\u00f3n del NCLEX"},"content":{"rendered":"\n<p>El curso de repaso del NCLEX es necesario para realizar el examen NCLEX. Los cursos pueden durar entre 2 y 7 semanas, seg\u00fan el lugar donde los realices.<\/p>\n\n\n\n<p>Nos asociamos con <strong>CBNCLEX<\/strong>, a quien puede contactar al (331) 472-9641. Ofrecen cursos por la ma\u00f1ana (de 9 a 12 del mediod\u00eda) y por la tarde (de 4 a 7).<\/p>\n\n\n\n<ul class=\"wp-block-list\">\n<li>Su Programa Integral (Volviendo a lo B\u00e1sico) es un programa de 7 semanas, cuatro veces por semana, y cuesta <strong>$1,500<\/strong>.<\/li>\n\n\n\n<li>El programa Fast Track (Repetici\u00f3n de todo de forma destacada) es un programa de 2 semanas y cuesta <strong>$500<\/strong>.<\/li>\n<\/ul>\n\n\n\n<p>CBNCLEX ofrece planes de pago: $500 al momento de la inscripci\u00f3n, luego $500 cada dos semanas hasta recibir el pago completo.<\/p>\n\n\n\n<p>Tambi\u00e9n se ofrecen cursos de revisi\u00f3n en l\u00ednea a trav\u00e9s de <a href=\"https:\/\/www.kaptest.com\/nclex\/courses\/nclex-courses\">Kaplan<\/a>,\u00a0<a href=\"https:\/\/nursing.uworld.com\/nclex-rn\/\">U-World<\/a>,\u00a0<a href=\"https:\/\/study.remarnurse.com\/vit\/\">Remar<\/a>, y\u00a0<a href=\"https:\/\/simplenursing.com\/nclex\/\">Simple Nursing NCLEX-RN<\/a>.<\/p>\n\n\n\n<h3 class=\"wp-block-heading\">Otras formas de prepararse para el examen NCLEX<\/h3>\n\n\n\n<ul class=\"wp-block-list\">\n<li><a href=\"https:\/\/ncsbn.qualtrics.com\/jfe\/form\/SV_3vCOaqQakTbaOwu\">Descargue el paquete de muestra del NCLEX<\/a>.<\/li>\n\n\n\n<li><a href=\"https:\/\/ncsbn.qualtrics.com\/jfe\/form\/SV_8dDCtk2JFOKpjCu\">Descargue una vista previa del examen<\/a>.<\/li>\n\n\n\n<li>Revise los <a href=\"https:\/\/www.nclex.com\/acceptable-id.page\">requisitos de NCLEX para una identificaci\u00f3n aceptable<\/a>.<\/li>\n\n\n\n<li>Obtenga m\u00e1s informaci\u00f3n sobre las <a href=\"https:\/\/www.nclex.com\/computerized-adaptive-testing.page\">pruebas adaptativas por computadora<\/a> y las reglas de aprobaci\u00f3n\/reprobaci\u00f3n del NCLEX.<\/li>\n<\/ul>\n","protected":false},"excerpt":{"rendered":"<p>El curso de repaso del NCLEX es necesario para realizar el examen NCLEX. Los cursos pueden durar entre 2 y 7 semanas, seg\u00fan el lugar donde los realices. Nos asociamos con CBNCLEX, a quien puede contactar al (331) 472-9641. Ofrecen cursos por la ma\u00f1ana (de 9 a 12 del mediod\u00eda) y por la tarde (de [&hellip;]<\/p>\n","protected":false},"author":7,"featured_media":0,"parent":111,"menu_order":0,"comment_status":"closed","ping_status":"closed","template":"","meta":{"_acf_changed":false,"footnotes":""},"class_list":["post-101","page","type-page","status-publish","hentry"],"translation":{"provider":"WPGlobus","version":"3.0.0","language":"mx","enabled_languages":["en","mx","br"],"languages":{"en":{"title":true,"content":true,"excerpt":false},"mx":{"title":true,"content":true,"excerpt":false},"br":{"title":true,"content":true,"excerpt":false}}},"acf":[],"jetpack_sharing_enabled":true,"_links":{"self":[{"href":"https:\/\/app.chicagobilingualnurse.org\/mx\/wp-json\/wp\/v2\/pages\/101","targetHints":{"allow":["GET"]}}],"collection":[{"href":"https:\/\/app.chicagobilingualnurse.org\/mx\/wp-json\/wp\/v2\/pages"}],"about":[{"href":"https:\/\/app.chicagobilingualnurse.org\/mx\/wp-json\/wp\/v2\/types\/page"}],"author":[{"embeddable":true,"href":"https:\/\/app.chicagobilingualnurse.org\/mx\/wp-json\/wp\/v2\/users\/7"}],"replies":[{"embeddable":true,"href":"https:\/\/app.chicagobilingualnurse.org\/mx\/wp-json\/wp\/v2\/comments?post=101"}],"version-history":[{"count":23,"href":"https:\/\/app.chicagobilingualnurse.org\/mx\/wp-json\/wp\/v2\/pages\/101\/revisions"}],"predecessor-version":[{"id":784,"href":"https:\/\/app.chicagobilingualnurse.org\/mx\/wp-json\/wp\/v2\/pages\/101\/revisions\/784"}],"up":[{"embeddable":true,"href":"https:\/\/app.chicagobilingualnurse.org\/mx\/wp-json\/wp\/v2\/pages\/111"}],"wp:attachment":[{"href":"https:\/\/app.chicagobilingualnurse.org\/mx\/wp-json\/wp\/v2\/media?parent=101"}],"curies":[{"name":"wp","href":"https:\/\/api.w.org\/{rel}","templated":true}]}}