{"id":105,"date":"2024-08-13T01:30:44","date_gmt":"2024-08-13T01:30:44","guid":{"rendered":"https:\/\/app.chicagonurse.org\/?page_id=105"},"modified":"2024-10-08T00:40:25","modified_gmt":"2024-10-08T00:40:25","slug":"begin","status":"publish","type":"page","link":"https:\/\/app.chicagobilingualnurse.org\/mx\/begin\/","title":{"rendered":"Aplicaci\u00f3n de Enfermer\u00eda"},"content":{"rendered":"\n<p>Esta herramienta te ayudar\u00e1 a transferir tus credenciales de enfermeria de tu pais para que puedas ejercer como RN en Illinois. Aqui te explica en forma muy simple el proceso para obtener tu licencia de RN. Una vez que hayas completado las tareas, puedes volver al mismo navegador y este recordar\u00e1 tu progreso. Esta aplicaci\u00f3n no almacenar\u00e1 ninguna de sus informaciones personales directamente, salvo para pasar su nombre, correo electr\u00f3nico, n\u00famero de tel\u00e9fono, idioma y pa\u00eds de origen a nuestra oficina. Comencemos por verificar tu primer idioma:<\/p>\n","protected":false},"excerpt":{"rendered":"<p>Esta herramienta te ayudar\u00e1 a transferir tus credenciales de enfermeria de tu pais para que puedas ejercer como RN en Illinois. Aqui te explica en forma muy simple el proceso para obtener tu licencia de RN. Una vez que hayas completado las tareas, puedes volver al mismo navegador y este recordar\u00e1 tu progreso. Esta aplicaci\u00f3n [&hellip;]<\/p>\n","protected":false},"author":7,"featured_media":0,"parent":0,"menu_order":4,"comment_status":"closed","ping_status":"closed","template":"","meta":{"_acf_changed":false,"footnotes":""},"class_list":["post-105","page","type-page","status-publish","hentry"],"translation":{"provider":"WPGlobus","version":"3.0.0","language":"mx","enabled_languages":["en","mx","br"],"languages":{"en":{"title":true,"content":true,"excerpt":false},"mx":{"title":true,"content":true,"excerpt":false},"br":{"title":true,"content":true,"excerpt":false}}},"acf":[],"jetpack_sharing_enabled":true,"_links":{"self":[{"href":"https:\/\/app.chicagobilingualnurse.org\/mx\/wp-json\/wp\/v2\/pages\/105","targetHints":{"allow":["GET"]}}],"collection":[{"href":"https:\/\/app.chicagobilingualnurse.org\/mx\/wp-json\/wp\/v2\/pages"}],"about":[{"href":"https:\/\/app.chicagobilingualnurse.org\/mx\/wp-json\/wp\/v2\/types\/page"}],"author":[{"embeddable":true,"href":"https:\/\/app.chicagobilingualnurse.org\/mx\/wp-json\/wp\/v2\/users\/7"}],"replies":[{"embeddable":true,"href":"https:\/\/app.chicagobilingualnurse.org\/mx\/wp-json\/wp\/v2\/comments?post=105"}],"version-history":[{"count":13,"href":"https:\/\/app.chicagobilingualnurse.org\/mx\/wp-json\/wp\/v2\/pages\/105\/revisions"}],"predecessor-version":[{"id":801,"href":"https:\/\/app.chicagobilingualnurse.org\/mx\/wp-json\/wp\/v2\/pages\/105\/revisions\/801"}],"wp:attachment":[{"href":"https:\/\/app.chicagobilingualnurse.org\/mx\/wp-json\/wp\/v2\/media?parent=105"}],"curies":[{"name":"wp","href":"https:\/\/api.w.org\/{rel}","templated":true}]}}