{"id":193,"date":"2024-08-14T00:51:44","date_gmt":"2024-08-14T00:51:04","guid":{"rendered":"https:\/\/app.chicagonurse.org\/?page_id=193"},"modified":"2024-09-11T21:10:24","modified_gmt":"2024-09-11T21:10:24","slug":"authorize","status":"publish","type":"page","link":"https:\/\/app.chicagobilingualnurse.org\/mx\/steps\/options\/nclex\/authorize\/","title":{"rendered":"Autorizar CBNC con IDFPR"},"content":{"rendered":"\n<p>Deber\u00e1 otorgarle a CBNC su poder notarial ante el Departamento de Regulaci\u00f3n Financiera y Profesional de Illinois. Esto nos permitir\u00e1 defenderlo eficazmente ante el estado.<\/p>\n\n\n\n<p>Termine de rellenar el formulario que aparece a continuaci\u00f3n.<\/p>\n\n\n\n<div data-wp-interactive=\"core\/file\" class=\"wp-block-file\"><object data-wp-bind--hidden=\"!state.hasPdfPreview\" hidden class=\"wp-block-file__embed\" data=\"\/assets\/idfpr.pdf\" type=\"application\/pdf\" style=\"width:100%;height:600px\" aria-label=\"PDF incrustado\"><\/object><\/div>\n\n\n\n<p>Luego deber\u00e1 imprimirlo y hacer que lo firme un <a href=\"https:\/\/www.findanotary.com\/\">notario p\u00fablico<\/a>. Una vez certificado, escanee o fotograf\u00ede el documento y <a href=\"mailto:FPR.ThirdPartyAuth@illinois.gov\">env\u00edelo por correo electr\u00f3nico a FPR.ThirdPartyAuth@illinois.gov<\/a> o env\u00edelo por correo postal a la siguiente direcci\u00f3n:<\/p>\n\n\n\n<p><strong>IDFPR<\/strong><br>320 W. Washington St.<br>Springfield, IL 62786<\/p>\n","protected":false},"excerpt":{"rendered":"<p>Deber\u00e1 otorgarle a CBNC su poder notarial ante el Departamento de Regulaci\u00f3n Financiera y Profesional de Illinois. Esto nos permitir\u00e1 defenderlo eficazmente ante el estado. Termine de rellenar el formulario que aparece a continuaci\u00f3n. Luego deber\u00e1 imprimirlo y hacer que lo firme un notario p\u00fablico. Una vez certificado, escanee o fotograf\u00ede el documento y env\u00edelo [&hellip;]<\/p>\n","protected":false},"author":7,"featured_media":0,"parent":103,"menu_order":1,"comment_status":"closed","ping_status":"closed","template":"","meta":{"_acf_changed":false,"footnotes":""},"class_list":["post-193","page","type-page","status-publish","hentry"],"translation":{"provider":"WPGlobus","version":"3.0.0","language":"mx","enabled_languages":["en","mx","br"],"languages":{"en":{"title":true,"content":true,"excerpt":false},"mx":{"title":true,"content":true,"excerpt":false},"br":{"title":true,"content":true,"excerpt":false}}},"acf":[],"jetpack_sharing_enabled":true,"_links":{"self":[{"href":"https:\/\/app.chicagobilingualnurse.org\/mx\/wp-json\/wp\/v2\/pages\/193","targetHints":{"allow":["GET"]}}],"collection":[{"href":"https:\/\/app.chicagobilingualnurse.org\/mx\/wp-json\/wp\/v2\/pages"}],"about":[{"href":"https:\/\/app.chicagobilingualnurse.org\/mx\/wp-json\/wp\/v2\/types\/page"}],"author":[{"embeddable":true,"href":"https:\/\/app.chicagobilingualnurse.org\/mx\/wp-json\/wp\/v2\/users\/7"}],"replies":[{"embeddable":true,"href":"https:\/\/app.chicagobilingualnurse.org\/mx\/wp-json\/wp\/v2\/comments?post=193"}],"version-history":[{"count":7,"href":"https:\/\/app.chicagobilingualnurse.org\/mx\/wp-json\/wp\/v2\/pages\/193\/revisions"}],"predecessor-version":[{"id":687,"href":"https:\/\/app.chicagobilingualnurse.org\/mx\/wp-json\/wp\/v2\/pages\/193\/revisions\/687"}],"up":[{"embeddable":true,"href":"https:\/\/app.chicagobilingualnurse.org\/mx\/wp-json\/wp\/v2\/pages\/103"}],"wp:attachment":[{"href":"https:\/\/app.chicagobilingualnurse.org\/mx\/wp-json\/wp\/v2\/media?parent=193"}],"curies":[{"name":"wp","href":"https:\/\/api.w.org\/{rel}","templated":true}]}}