{"id":212,"date":"2024-08-14T01:01:44","date_gmt":"2024-08-14T01:01:39","guid":{"rendered":"https:\/\/app.chicagonurse.org\/?page_id=212"},"modified":"2024-10-04T20:04:14","modified_gmt":"2024-10-04T20:04:14","slug":"continental","status":"publish","type":"page","link":"https:\/\/app.chicagobilingualnurse.org\/mx\/steps\/options\/nclex\/continental\/","title":{"rendered":"Aplicar a trav\u00e9s de Continental"},"content":{"rendered":"\n<p>Continental proporciona la solicitud para presentarse al examen. Una vez que Continental reciba su solicitud, la revisar\u00e1 y puede solicitar documentaci\u00f3n adicional si no se proporciona alguna.<\/p>\n\n\n\n<p>Si se aprueba la solicitud, Continental se pondr\u00e1 en contacto con Pearson Vue para obtener la aprobaci\u00f3n. Si tambi\u00e9n se present\u00f3 en Pearson Vue y su solicitud fue aceptada, Pearson le enviar\u00e1 un correo electr\u00f3nico con la aprobaci\u00f3n y estar\u00e1 listo para programar su examen.<\/p>\n\n\n\n<ul class=\"wp-block-list\">\n<li><a href=\"https:\/\/www.continentaltesting.net\/Application\/Index\/10\">Solicite en l\u00ednea<\/a> la realizaci\u00f3n del examen. Para ello, deber\u00e1 proporcionar la siguiente informaci\u00f3n:\n<ul class=\"wp-block-list\">\n<li><strong>Nombre<\/strong> y <strong>apellido<\/strong>, y \u201c<strong>given surname<\/strong>\u201d (probablemente el mismo que su apellido)<\/li>\n\n\n\n<li><strong>N\u00famero de seguro social<\/strong><\/li>\n\n\n\n<li><strong>Direcci\u00f3n<\/strong> de envio<\/li>\n\n\n\n<li><strong>Fecha<\/strong> y <strong>lugar de nacimiento<\/strong><\/li>\n\n\n\n<li><strong>Edad<\/strong> y <strong>g\u00e9nero<\/strong><\/li>\n\n\n\n<li>Al menos un n\u00famero de <strong>tel\u00e9fono<\/strong><\/li>\n<\/ul>\n<\/li>\n\n\n\n<li>Tambi\u00e9n necesitar\u00e1s ingresar mucha informaci\u00f3n que ya ingresaste en CGFNS, como por ejemplo:\n<ul class=\"wp-block-list\">\n<li>Historia de la <strong>educaci\u00f3n<\/strong><\/li>\n\n\n\n<li><strong>Especialidades<\/strong><\/li>\n\n\n\n<li>Registros de <strong>licencias<\/strong> y <strong>ex\u00e1menes<\/strong><\/li>\n<\/ul>\n<\/li>\n\n\n\n<li>Continental tambi\u00e9n le preguntar\u00e1 sobre sus antecedentes <strong>militares<\/strong>, de <strong>salud<\/strong> y <strong>penales<\/strong>, incluidas condenas por delitos graves anteriores.<\/li>\n\n\n\n<li>Se le pedir\u00e1 que verifique que no est\u00e1 atrasado en el pago de <strong>impuestos sobre la renta<\/strong> o de <strong>manutenci\u00f3n infantil<\/strong>.<\/li>\n<\/ul>\n\n\n\n<p>Esta solicitud costar\u00e1 <strong>$107<\/strong>. Una vez que env\u00ede su solicitud, tendr\u00e1 <strong>60 d\u00edas<\/strong> para someterse a una verificaci\u00f3n de antecedentes del Departamento de Polic\u00eda de Illinois. Por este motivo, debe tomarse las huellas digitales lo antes posible.<\/p>\n","protected":false},"excerpt":{"rendered":"<p>Continental proporciona la solicitud para presentarse al examen. Una vez que Continental reciba su solicitud, la revisar\u00e1 y puede solicitar documentaci\u00f3n adicional si no se proporciona alguna. Si se aprueba la solicitud, Continental se pondr\u00e1 en contacto con Pearson Vue para obtener la aprobaci\u00f3n. Si tambi\u00e9n se present\u00f3 en Pearson Vue y su solicitud fue [&hellip;]<\/p>\n","protected":false},"author":7,"featured_media":412,"parent":103,"menu_order":5,"comment_status":"closed","ping_status":"closed","template":"","meta":{"_acf_changed":false,"footnotes":""},"class_list":["post-212","page","type-page","status-publish","has-post-thumbnail","hentry"],"translation":{"provider":"WPGlobus","version":"3.0.0","language":"mx","enabled_languages":["en","mx","br"],"languages":{"en":{"title":true,"content":true,"excerpt":false},"mx":{"title":true,"content":true,"excerpt":false},"br":{"title":true,"content":true,"excerpt":false}}},"acf":[],"jetpack_sharing_enabled":true,"_links":{"self":[{"href":"https:\/\/app.chicagobilingualnurse.org\/mx\/wp-json\/wp\/v2\/pages\/212","targetHints":{"allow":["GET"]}}],"collection":[{"href":"https:\/\/app.chicagobilingualnurse.org\/mx\/wp-json\/wp\/v2\/pages"}],"about":[{"href":"https:\/\/app.chicagobilingualnurse.org\/mx\/wp-json\/wp\/v2\/types\/page"}],"author":[{"embeddable":true,"href":"https:\/\/app.chicagobilingualnurse.org\/mx\/wp-json\/wp\/v2\/users\/7"}],"replies":[{"embeddable":true,"href":"https:\/\/app.chicagobilingualnurse.org\/mx\/wp-json\/wp\/v2\/comments?post=212"}],"version-history":[{"count":17,"href":"https:\/\/app.chicagobilingualnurse.org\/mx\/wp-json\/wp\/v2\/pages\/212\/revisions"}],"predecessor-version":[{"id":786,"href":"https:\/\/app.chicagobilingualnurse.org\/mx\/wp-json\/wp\/v2\/pages\/212\/revisions\/786"}],"up":[{"embeddable":true,"href":"https:\/\/app.chicagobilingualnurse.org\/mx\/wp-json\/wp\/v2\/pages\/103"}],"wp:featuredmedia":[{"embeddable":true,"href":"https:\/\/app.chicagobilingualnurse.org\/mx\/wp-json\/wp\/v2\/media\/412"}],"wp:attachment":[{"href":"https:\/\/app.chicagobilingualnurse.org\/mx\/wp-json\/wp\/v2\/media?parent=212"}],"curies":[{"name":"wp","href":"https:\/\/api.w.org\/{rel}","templated":true}]}}