{"id":217,"date":"2024-08-14T01:07:44","date_gmt":"2024-08-14T01:07:08","guid":{"rendered":"https:\/\/app.chicagonurse.org\/?page_id=217"},"modified":"2024-09-11T21:49:26","modified_gmt":"2024-09-11T21:49:26","slug":"results","status":"publish","type":"page","link":"https:\/\/app.chicagobilingualnurse.org\/mx\/steps\/options\/nclex\/results\/","title":{"rendered":"Espere los resultados"},"content":{"rendered":"\n<p>Una vez que realice el examen, Pearson Vue enviar\u00e1 los resultados a Continental Testing Services (CTS). Si aprueba el examen, CTS enviar\u00e1 sus resultados por correo al IDFPR y le enviar\u00e1 una carta de aprobaci\u00f3n.<\/p>\n\n\n\n<ul class=\"wp-block-list\">\n<li>Si no aprueba el examen, deber\u00e1 volver a presentar su solicitud en <a href=\"https:\/\/app.chicagobilingualnurse.org\/#continental\">Continental<\/a> y <a href=\"https:\/\/app.chicagobilingualnurse.org\/#pearson\">Pearson Vue<\/a>.<\/li>\n\n\n\n<li>Si aprueba el examen, CTS enviar\u00e1 autom\u00e1ticamente su aprobaci\u00f3n al IDFPR y le enviar\u00e1n por correo electr\u00f3nico instrucciones para buscar e imprimir su licencia de RN.<\/li>\n<\/ul>\n","protected":false},"excerpt":{"rendered":"<p>Una vez que realice el examen, Pearson Vue enviar\u00e1 los resultados a Continental Testing Services (CTS). Si aprueba el examen, CTS enviar\u00e1 sus resultados por correo al IDFPR y le enviar\u00e1 una carta de aprobaci\u00f3n.<\/p>\n","protected":false},"author":7,"featured_media":0,"parent":103,"menu_order":8,"comment_status":"closed","ping_status":"closed","template":"","meta":{"_acf_changed":false,"footnotes":""},"class_list":["post-217","page","type-page","status-publish","hentry"],"translation":{"provider":"WPGlobus","version":"3.0.0","language":"mx","enabled_languages":["en","mx","br"],"languages":{"en":{"title":true,"content":true,"excerpt":false},"mx":{"title":true,"content":true,"excerpt":false},"br":{"title":true,"content":true,"excerpt":false}}},"acf":[],"jetpack_sharing_enabled":true,"_links":{"self":[{"href":"https:\/\/app.chicagobilingualnurse.org\/mx\/wp-json\/wp\/v2\/pages\/217","targetHints":{"allow":["GET"]}}],"collection":[{"href":"https:\/\/app.chicagobilingualnurse.org\/mx\/wp-json\/wp\/v2\/pages"}],"about":[{"href":"https:\/\/app.chicagobilingualnurse.org\/mx\/wp-json\/wp\/v2\/types\/page"}],"author":[{"embeddable":true,"href":"https:\/\/app.chicagobilingualnurse.org\/mx\/wp-json\/wp\/v2\/users\/7"}],"replies":[{"embeddable":true,"href":"https:\/\/app.chicagobilingualnurse.org\/mx\/wp-json\/wp\/v2\/comments?post=217"}],"version-history":[{"count":7,"href":"https:\/\/app.chicagobilingualnurse.org\/mx\/wp-json\/wp\/v2\/pages\/217\/revisions"}],"predecessor-version":[{"id":717,"href":"https:\/\/app.chicagobilingualnurse.org\/mx\/wp-json\/wp\/v2\/pages\/217\/revisions\/717"}],"up":[{"embeddable":true,"href":"https:\/\/app.chicagobilingualnurse.org\/mx\/wp-json\/wp\/v2\/pages\/103"}],"wp:attachment":[{"href":"https:\/\/app.chicagobilingualnurse.org\/mx\/wp-json\/wp\/v2\/media?parent=217"}],"curies":[{"name":"wp","href":"https:\/\/api.w.org\/{rel}","templated":true}]}}