{"id":229,"date":"2024-08-14T01:27:44","date_gmt":"2024-08-14T01:27:21","guid":{"rendered":"https:\/\/app.chicagonurse.org\/?page_id=229"},"modified":"2024-09-11T21:16:07","modified_gmt":"2024-09-11T21:16:07","slug":"proof2","status":"publish","type":"page","link":"https:\/\/app.chicagobilingualnurse.org\/mx\/steps\/options\/nclex\/proof2\/","title":{"rendered":"Enviar comprobante de estudios al IDFPR"},"content":{"rendered":"\n<p>Antes de solicitar tomar el examen NCLEX, deber\u00e1 obtener la siguiente informaci\u00f3n:<\/p>\n\n\n\n<ul class=\"wp-block-list\">\n<li><a href=\"https:\/\/app.chicagobilingualnurse.org\/assets\/ED_NUR.pdf\">Descargue el formulario ED-NUR<\/a> y complete la primera secci\u00f3n, bajo \u201capplicant\u201d.<\/li>\n\n\n\n<li>Env\u00ede el formulario a su escuela, siguiendo el mismo proceso que utiliz\u00f3 antes para enviar el ED-NUR a CGFNS.<\/li>\n\n\n\n<li>Luego, la escuela debe completar el resto del formulario, firmarlo y enviarlo por correo al IDFPR a la siguiente direcci\u00f3n:<br><br><strong>Illinois Department of Financial and Professional Regulation<br><\/strong>320 West Washington Street, 3rd Floor<br>Springfield, Illinois 62786<br><br>Como antes, puede llenar previamente un sobre dirigido a IDFPR, incluyendo la direcci\u00f3n de remitente y el franqueo de la escuela, e incluir este sobre dentro del que les env\u00ede.<\/li>\n<\/ul>\n\n\n\n<p>Simult\u00e1neamente, CGFNS enviar\u00e1 su informe de evaluaci\u00f3n CES directamente al IDFPR.<\/p>\n","protected":false},"excerpt":{"rendered":"<p>Antes de solicitar tomar el examen NCLEX, deber\u00e1 obtener la siguiente informaci\u00f3n: Simult\u00e1neamente, CGFNS enviar\u00e1 su informe de evaluaci\u00f3n CES directamente al IDFPR.<\/p>\n","protected":false},"author":7,"featured_media":0,"parent":103,"menu_order":2,"comment_status":"closed","ping_status":"closed","template":"","meta":{"_acf_changed":false,"footnotes":""},"class_list":["post-229","page","type-page","status-publish","hentry"],"translation":{"provider":"WPGlobus","version":"3.0.0","language":"mx","enabled_languages":["en","mx","br"],"languages":{"en":{"title":true,"content":true,"excerpt":false},"mx":{"title":true,"content":true,"excerpt":false},"br":{"title":true,"content":true,"excerpt":false}}},"acf":[],"jetpack_sharing_enabled":true,"_links":{"self":[{"href":"https:\/\/app.chicagobilingualnurse.org\/mx\/wp-json\/wp\/v2\/pages\/229","targetHints":{"allow":["GET"]}}],"collection":[{"href":"https:\/\/app.chicagobilingualnurse.org\/mx\/wp-json\/wp\/v2\/pages"}],"about":[{"href":"https:\/\/app.chicagobilingualnurse.org\/mx\/wp-json\/wp\/v2\/types\/page"}],"author":[{"embeddable":true,"href":"https:\/\/app.chicagobilingualnurse.org\/mx\/wp-json\/wp\/v2\/users\/7"}],"replies":[{"embeddable":true,"href":"https:\/\/app.chicagobilingualnurse.org\/mx\/wp-json\/wp\/v2\/comments?post=229"}],"version-history":[{"count":12,"href":"https:\/\/app.chicagobilingualnurse.org\/mx\/wp-json\/wp\/v2\/pages\/229\/revisions"}],"predecessor-version":[{"id":691,"href":"https:\/\/app.chicagobilingualnurse.org\/mx\/wp-json\/wp\/v2\/pages\/229\/revisions\/691"}],"up":[{"embeddable":true,"href":"https:\/\/app.chicagobilingualnurse.org\/mx\/wp-json\/wp\/v2\/pages\/103"}],"wp:attachment":[{"href":"https:\/\/app.chicagobilingualnurse.org\/mx\/wp-json\/wp\/v2\/media?parent=229"}],"curies":[{"name":"wp","href":"https:\/\/api.w.org\/{rel}","templated":true}]}}