{"id":231,"date":"2024-08-14T01:28:29","date_gmt":"2024-08-14T01:28:29","guid":{"rendered":"https:\/\/app.chicagonurse.org\/?page_id=231"},"modified":"2024-09-11T21:42:05","modified_gmt":"2024-09-11T21:42:05","slug":"fingerprints","status":"publish","type":"page","link":"https:\/\/app.chicagobilingualnurse.org\/mx\/steps\/options\/nclex\/fingerprints\/","title":{"rendered":"Tomarse las huellas dactilares"},"content":{"rendered":"\n<p>Los solicitantes de RPN deber\u00e1n obtener una prueba de la toma de huellas dactilares por parte de un <a href=\"https:\/\/idfprapps.illinois.gov\/licenselookup\/fingerprintlist.asp\">proveedor de huellas dactilares Live Scan de Illinois<\/a> autorizado. Una vez que le tomen las huellas dactilares, el proveedor le entregar\u00e1 un recibo con un n\u00famero de control de transacci\u00f3n (TCN). Adem\u00e1s, transferir\u00e1n sus huellas a la Polic\u00eda Estatal de Illinois para realizar la verificaci\u00f3n de antecedentes. Una vez que la polic\u00eda estatal complete su verificaci\u00f3n, enviar\u00e1 los resultados al IDFPR.<\/p>\n\n\n\n<p><strong>Conserve su recibo<\/strong> en caso de que haya una falla en el proceso desde el proveedor hasta la polic\u00eda y luego el IDFPR.<\/p>\n","protected":false},"excerpt":{"rendered":"<p>Los solicitantes de RPN deber\u00e1n obtener una prueba de la toma de huellas dactilares por parte de un proveedor de huellas dactilares Live Scan de Illinois autorizado. Una vez que le tomen las huellas dactilares, el proveedor le entregar\u00e1 un recibo con un n\u00famero de control de transacci\u00f3n (TCN). Adem\u00e1s, transferir\u00e1n sus huellas a la [&hellip;]<\/p>\n","protected":false},"author":7,"featured_media":0,"parent":103,"menu_order":6,"comment_status":"closed","ping_status":"closed","template":"","meta":{"_acf_changed":false,"footnotes":""},"class_list":["post-231","page","type-page","status-publish","hentry"],"translation":{"provider":"WPGlobus","version":"3.0.0","language":"mx","enabled_languages":["en","mx","br"],"languages":{"en":{"title":true,"content":true,"excerpt":false},"mx":{"title":true,"content":true,"excerpt":false},"br":{"title":true,"content":true,"excerpt":false}}},"acf":[],"jetpack_sharing_enabled":true,"_links":{"self":[{"href":"https:\/\/app.chicagobilingualnurse.org\/mx\/wp-json\/wp\/v2\/pages\/231","targetHints":{"allow":["GET"]}}],"collection":[{"href":"https:\/\/app.chicagobilingualnurse.org\/mx\/wp-json\/wp\/v2\/pages"}],"about":[{"href":"https:\/\/app.chicagobilingualnurse.org\/mx\/wp-json\/wp\/v2\/types\/page"}],"author":[{"embeddable":true,"href":"https:\/\/app.chicagobilingualnurse.org\/mx\/wp-json\/wp\/v2\/users\/7"}],"replies":[{"embeddable":true,"href":"https:\/\/app.chicagobilingualnurse.org\/mx\/wp-json\/wp\/v2\/comments?post=231"}],"version-history":[{"count":15,"href":"https:\/\/app.chicagobilingualnurse.org\/mx\/wp-json\/wp\/v2\/pages\/231\/revisions"}],"predecessor-version":[{"id":708,"href":"https:\/\/app.chicagobilingualnurse.org\/mx\/wp-json\/wp\/v2\/pages\/231\/revisions\/708"}],"up":[{"embeddable":true,"href":"https:\/\/app.chicagobilingualnurse.org\/mx\/wp-json\/wp\/v2\/pages\/103"}],"wp:attachment":[{"href":"https:\/\/app.chicagobilingualnurse.org\/mx\/wp-json\/wp\/v2\/media?parent=231"}],"curies":[{"name":"wp","href":"https:\/\/api.w.org\/{rel}","templated":true}]}}