{"id":319,"date":"2024-08-15T01:10:16","date_gmt":"2024-08-15T01:10:16","guid":{"rendered":"https:\/\/app.chicagonurse.org\/?page_id=319"},"modified":"2024-10-04T19:59:12","modified_gmt":"2024-10-04T19:59:12","slug":"competency","status":"publish","type":"page","link":"https:\/\/app.chicagobilingualnurse.org\/mx\/steps\/or\/competency\/","title":{"rendered":"Realice el examen de competencia de asistente de enfermer\u00eda"},"content":{"rendered":"\n<p>Una vez que reciba un correo electr\u00f3nico de aprobaci\u00f3n del Departamento de Salud de Illinois, deber\u00e1 completar lo siguiente:<\/p>\n\n\n\n<ul class=\"wp-block-list\">\n<li><a href=\"https:\/\/inace.nurseaidetesting.com\/core\/profile\/verify_eligibility\/\">Verifique su elegibilidad para registrarse<\/a> ingresando su n\u00famero de seguro social y fecha de nacimiento.<\/li>\n\n\n\n<li>Contin\u00faa creando tu nombre de usuario y contrase\u00f1a.<\/li>\n\n\n\n<li>Una vez que te hayas registrado, podr\u00e1s <a href=\"https:\/\/inace.nurseaidetesting.com\/core\/\">iniciar sesi\u00f3n<\/a> y comenzar a realizar el examen.<\/li>\n<\/ul>\n\n\n\n<p>Puede realizar este examen en l\u00ednea o en persona, siguiendo los pasos que se indican en el sitio web de SIU. Recibir\u00e1 una respuesta por correo electr\u00f3nico en aproximadamente una semana y la Southern Illinois University enviar\u00e1 su aprobaci\u00f3n al Departamento de Salud P\u00fablica de Illinois para recibir su certificaci\u00f3n de CNA.<\/p>\n","protected":false},"excerpt":{"rendered":"<p>Una vez que reciba un correo electr\u00f3nico de aprobaci\u00f3n del Departamento de Salud de Illinois, deber\u00e1 completar lo siguiente: Puede realizar este examen en l\u00ednea o en persona, siguiendo los pasos que se indican en el sitio web de SIU. Recibir\u00e1 una respuesta por correo electr\u00f3nico en aproximadamente una semana y la Southern Illinois University [&hellip;]<\/p>\n","protected":false},"author":7,"featured_media":396,"parent":113,"menu_order":1,"comment_status":"closed","ping_status":"closed","template":"","meta":{"_acf_changed":false,"footnotes":""},"class_list":["post-319","page","type-page","status-publish","has-post-thumbnail","hentry"],"translation":{"provider":"WPGlobus","version":"3.0.0","language":"mx","enabled_languages":["en","mx","br"],"languages":{"en":{"title":true,"content":true,"excerpt":false},"mx":{"title":true,"content":true,"excerpt":false},"br":{"title":true,"content":true,"excerpt":false}}},"acf":[],"jetpack_sharing_enabled":true,"_links":{"self":[{"href":"https:\/\/app.chicagobilingualnurse.org\/mx\/wp-json\/wp\/v2\/pages\/319","targetHints":{"allow":["GET"]}}],"collection":[{"href":"https:\/\/app.chicagobilingualnurse.org\/mx\/wp-json\/wp\/v2\/pages"}],"about":[{"href":"https:\/\/app.chicagobilingualnurse.org\/mx\/wp-json\/wp\/v2\/types\/page"}],"author":[{"embeddable":true,"href":"https:\/\/app.chicagobilingualnurse.org\/mx\/wp-json\/wp\/v2\/users\/7"}],"replies":[{"embeddable":true,"href":"https:\/\/app.chicagobilingualnurse.org\/mx\/wp-json\/wp\/v2\/comments?post=319"}],"version-history":[{"count":10,"href":"https:\/\/app.chicagobilingualnurse.org\/mx\/wp-json\/wp\/v2\/pages\/319\/revisions"}],"predecessor-version":[{"id":778,"href":"https:\/\/app.chicagobilingualnurse.org\/mx\/wp-json\/wp\/v2\/pages\/319\/revisions\/778"}],"up":[{"embeddable":true,"href":"https:\/\/app.chicagobilingualnurse.org\/mx\/wp-json\/wp\/v2\/pages\/113"}],"wp:featuredmedia":[{"embeddable":true,"href":"https:\/\/app.chicagobilingualnurse.org\/mx\/wp-json\/wp\/v2\/media\/396"}],"wp:attachment":[{"href":"https:\/\/app.chicagobilingualnurse.org\/mx\/wp-json\/wp\/v2\/media?parent=319"}],"curies":[{"name":"wp","href":"https:\/\/api.w.org\/{rel}","templated":true}]}}