{"id":325,"date":"2024-08-15T01:34:11","date_gmt":"2024-08-15T01:34:11","guid":{"rendered":"https:\/\/app.chicagonurse.org\/?page_id=325"},"modified":"2024-09-11T21:46:05","modified_gmt":"2024-09-11T21:46:05","slug":"locate","status":"publish","type":"page","link":"https:\/\/app.chicagobilingualnurse.org\/mx\/steps\/options\/nclex\/locate\/","title":{"rendered":"Programa tu examen"},"content":{"rendered":"\n<p>Para programar su examen NCLEX, siga estos pasos:<\/p>\n\n\n\n<ul class=\"wp-block-list\">\n<li><a href=\"https:\/\/wsr.pearsonvue.com\/testtaker\/signin\/SignInPage\/NCLEXTESTING\">Vuelva a iniciar sesi\u00f3n en Pearson Vue<\/a>.<\/li>\n\n\n\n<li><a href=\"https:\/\/wsr.pearsonvue.com\/testtaker\/registration\/SelectTestCenterProximity\/NCLEXTESTING?conversationId=118755\">Busque un lugar de examen por su \u00e1rea<\/a>. Elija \u201cRN\u201d como el examen, \u201cUnited States\u201d como el pa\u00eds e \u201cIllinois\u201d como el estado. Para la ciudad, puede elegir la m\u00e1s cercana a usted.<\/li>\n\n\n\n<li>Al hacer clic en &#8220;Search&#8221;, obtendr\u00e1 una lista de resultados. Seleccione el examen en el que desea realizar la prueba.<\/li>\n<\/ul>\n\n\n\n<p>Deber\u00e1s llevar una <strong>identificaci\u00f3n oficial v\u00e1lida<\/strong> y llegar al menos <strong>30 minutos<\/strong> antes del examen. Este examen cuesta <strong>$200<\/strong>.<\/p>\n","protected":false},"excerpt":{"rendered":"<p>Para programar su examen NCLEX, siga estos pasos: Deber\u00e1s llevar una identificaci\u00f3n oficial v\u00e1lida y llegar al menos 30 minutos antes del examen. Este examen cuesta $200.<\/p>\n","protected":false},"author":7,"featured_media":411,"parent":103,"menu_order":7,"comment_status":"closed","ping_status":"closed","template":"","meta":{"_acf_changed":false,"footnotes":""},"class_list":["post-325","page","type-page","status-publish","has-post-thumbnail","hentry"],"translation":{"provider":"WPGlobus","version":"3.0.0","language":"mx","enabled_languages":["en","mx","br"],"languages":{"en":{"title":true,"content":true,"excerpt":false},"mx":{"title":true,"content":true,"excerpt":false},"br":{"title":true,"content":true,"excerpt":false}}},"acf":[],"jetpack_sharing_enabled":true,"_links":{"self":[{"href":"https:\/\/app.chicagobilingualnurse.org\/mx\/wp-json\/wp\/v2\/pages\/325","targetHints":{"allow":["GET"]}}],"collection":[{"href":"https:\/\/app.chicagobilingualnurse.org\/mx\/wp-json\/wp\/v2\/pages"}],"about":[{"href":"https:\/\/app.chicagobilingualnurse.org\/mx\/wp-json\/wp\/v2\/types\/page"}],"author":[{"embeddable":true,"href":"https:\/\/app.chicagobilingualnurse.org\/mx\/wp-json\/wp\/v2\/users\/7"}],"replies":[{"embeddable":true,"href":"https:\/\/app.chicagobilingualnurse.org\/mx\/wp-json\/wp\/v2\/comments?post=325"}],"version-history":[{"count":10,"href":"https:\/\/app.chicagobilingualnurse.org\/mx\/wp-json\/wp\/v2\/pages\/325\/revisions"}],"predecessor-version":[{"id":713,"href":"https:\/\/app.chicagobilingualnurse.org\/mx\/wp-json\/wp\/v2\/pages\/325\/revisions\/713"}],"up":[{"embeddable":true,"href":"https:\/\/app.chicagobilingualnurse.org\/mx\/wp-json\/wp\/v2\/pages\/103"}],"wp:featuredmedia":[{"embeddable":true,"href":"https:\/\/app.chicagobilingualnurse.org\/mx\/wp-json\/wp\/v2\/media\/411"}],"wp:attachment":[{"href":"https:\/\/app.chicagobilingualnurse.org\/mx\/wp-json\/wp\/v2\/media?parent=325"}],"curies":[{"name":"wp","href":"https:\/\/api.w.org\/{rel}","templated":true}]}}