{"id":327,"date":"2024-08-15T12:08:00","date_gmt":"2024-08-15T12:08:00","guid":{"rendered":"https:\/\/app.chicagonurse.org\/?page_id=327"},"modified":"2024-10-04T19:44:05","modified_gmt":"2024-10-04T19:44:05","slug":"prep","status":"publish","type":"page","link":"https:\/\/app.chicagobilingualnurse.org\/mx\/prep\/","title":{"rendered":"Preparaci\u00f3n"},"content":{"rendered":"\n<p>Antes de comenzar este proceso, tenga en cuenta que va a necesitar muchos elementos y diferente informaci\u00f3n para completarlo. Aseg\u00farese de tener lo siguiente a mano, si es posible, antes de comenzar.<\/p>\n\n\n\n<ul class=\"wp-block-list\">\n<li>Necesitar\u00e1 tener acceso a una <strong>tarjeta de cr\u00e9dito<\/strong>. La mayor\u00eda de estos servicios ofrecen la opci\u00f3n de enviar pago por correo, pero esto retrasaria significativamente el proceso. Como alternativa, puede utilizar una tarjeta de d\u00e9bito o comprar una tarjeta de regalo prepagada en cualquiera tienda. Tenga en cuenta que este proceso probablemente costar\u00e1 <strong>m\u00e1s de $2000<\/strong> en total.<\/li>\n\n\n\n<li>Necesitar\u00e1 sobres y sellos postales para enviar documentaci\u00f3n al pais donde estudio. Puede comprar sellos <a href=\"https:\/\/store.usps.com\/store\/stamps\">en l\u00ednea<\/a> o en cualquier oficina postal.<\/li>\n\n\n\n<li>Deber\u00e1 ingresar <strong>informaci\u00f3n personal<\/strong> extensa para la documentaci\u00f3n requerida, incluyendo su n\u00famero de Seguro Social y pasaporte, los detalles de todas sus certificaciones y licencias profesionales, junto con las fechas en las que empezo y termino su education y la informaci\u00f3n de contacto de varias instituciones como escuelas y agencias gubernamentales donde obtuvo su licencia de enfermeria. Puede omitir este paso y leer los pasos de esta aplicaci\u00f3n para obtener ayuda para recopilar esta informaci\u00f3n.<\/li>\n\n\n\n<li>Tendr\u00e1s que comunicarte con tu escuela para obtener los <strong>expedientes acad\u00e9micos oficiales varias veces<\/strong>. Tendr\u00e1s que conseguir estos documentos t\u00fa mismo si a\u00fan no los tienes, y tambi\u00e9n tendr\u00e1s que enviarlos directamente a varias agencias.<\/li>\n\n\n\n<li>Debes hablar, leer y escribir ingl\u00e9s con fluidez. Si el ingl\u00e9s no es tu lengua materna, debes tener un nivel 7-8 de clases de ESL. Puedes <a href=\"https:\/\/ccc.edu\/\">inscribirte en clases de ESL con City Colleges of Chicago<\/a>.<\/li>\n\n\n\n<li>Necesitar\u00e1 tener acceso a una <strong>impresora<\/strong> y un <strong>esc\u00e1ner<\/strong>. Tenga en cuenta que los iPhone pueden escanear desde la aplicaci\u00f3n de notas y que las c\u00e1maras de muchos tel\u00e9fonos Android tambi\u00e9n tienen esta funci\u00f3n.<\/li>\n<\/ul>\n\n\n\n<figure class=\"wp-block-image size-full\"><img loading=\"lazy\" decoding=\"async\" width=\"394\" height=\"700\" src=\"\/assets\/ios_scan1.jpg\" alt=\"\" class=\"wp-image-345\"\/><img loading=\"lazy\" decoding=\"async\" width=\"394\" height=\"700\" src=\"\/assets\/ios_scan2.jpg\" alt=\"\" class=\"wp-image-346\"\/><figcaption>Un tel\u00e9fono iOS puede escanear documentos con la aplicaci\u00f3n Notas.<\/figcaption><\/figure>\n\n\n\n<figure class=\"wp-block-image size-full\"><img loading=\"lazy\" decoding=\"async\" width=\"721\" height=\"1437\" src=\"\/assets\/android_scan1.jpg\" alt=\"\" class=\"wp-image-343\"\/><img loading=\"lazy\" decoding=\"async\" width=\"721\" height=\"1437\" src=\"\/assets\/android_scan2.jpg\" alt=\"\" class=\"wp-image-344\"\/><figcaption>Muchos tel\u00e9fonos Android tienen una funci\u00f3n de escaneo en la configuraci\u00f3n de la c\u00e1mara.<\/figcaption><\/figure>\n\n\n\n<p>Once you have these items, you can proceed.<\/p>\n","protected":false},"excerpt":{"rendered":"<p>Antes de comenzar este proceso, tenga en cuenta que va a necesitar muchos elementos y diferente informaci\u00f3n para completarlo. Aseg\u00farese de tener lo siguiente a mano, si es posible, antes de comenzar. Un tel\u00e9fono iOS puede escanear documentos con la aplicaci\u00f3n Notas. Muchos tel\u00e9fonos Android tienen una funci\u00f3n de escaneo en la configuraci\u00f3n de la [&hellip;]<\/p>\n","protected":false},"author":7,"featured_media":0,"parent":0,"menu_order":2,"comment_status":"closed","ping_status":"closed","template":"","meta":{"_acf_changed":false,"footnotes":""},"class_list":["post-327","page","type-page","status-publish","hentry"],"translation":{"provider":"WPGlobus","version":"3.0.0","language":"mx","enabled_languages":["en","mx","br"],"languages":{"en":{"title":true,"content":true,"excerpt":false},"mx":{"title":true,"content":true,"excerpt":false},"br":{"title":true,"content":true,"excerpt":false}}},"acf":[],"jetpack_sharing_enabled":true,"_links":{"self":[{"href":"https:\/\/app.chicagobilingualnurse.org\/mx\/wp-json\/wp\/v2\/pages\/327","targetHints":{"allow":["GET"]}}],"collection":[{"href":"https:\/\/app.chicagobilingualnurse.org\/mx\/wp-json\/wp\/v2\/pages"}],"about":[{"href":"https:\/\/app.chicagobilingualnurse.org\/mx\/wp-json\/wp\/v2\/types\/page"}],"author":[{"embeddable":true,"href":"https:\/\/app.chicagobilingualnurse.org\/mx\/wp-json\/wp\/v2\/users\/7"}],"replies":[{"embeddable":true,"href":"https:\/\/app.chicagobilingualnurse.org\/mx\/wp-json\/wp\/v2\/comments?post=327"}],"version-history":[{"count":33,"href":"https:\/\/app.chicagobilingualnurse.org\/mx\/wp-json\/wp\/v2\/pages\/327\/revisions"}],"predecessor-version":[{"id":756,"href":"https:\/\/app.chicagobilingualnurse.org\/mx\/wp-json\/wp\/v2\/pages\/327\/revisions\/756"}],"wp:attachment":[{"href":"https:\/\/app.chicagobilingualnurse.org\/mx\/wp-json\/wp\/v2\/media?parent=327"}],"curies":[{"name":"wp","href":"https:\/\/api.w.org\/{rel}","templated":true}]}}