{"id":338,"date":"2024-08-15T17:53:07","date_gmt":"2024-08-15T17:53:07","guid":{"rendered":"https:\/\/app.chicagonurse.org\/?page_id=338"},"modified":"2024-09-11T18:23:56","modified_gmt":"2024-09-11T18:23:56","slug":"register","status":"publish","type":"page","link":"https:\/\/app.chicagobilingualnurse.org\/mx\/steps\/evaluate\/register\/","title":{"rendered":"Reg\u00edstrese en CGFNS"},"content":{"rendered":"\n<p>Necesitar\u00e1 <a href=\"https:\/\/applicants.cgfns.org\/portal\/view\/login?ref=start_app_create\">crear una cuenta<\/a> para continuar. Esto es lo que necesitar\u00e1 para completar esta secci\u00f3n:<\/p>\n\n\n\n<ul class=\"wp-block-list\">\n<li><strong>Informaci\u00f3n b\u00e1sica<\/strong> (nombre y apellido, fecha de nacimiento);<\/li>\n\n\n\n<li>Te pedir\u00e1n el <strong>n\u00famero de tu pasaporte<\/strong> y el pa\u00eds de emisi\u00f3n. Esto es opcional, pero avanzar\u00e1s m\u00e1s r\u00e1pido en el proceso si tienes esta informaci\u00f3n ahora.<\/li>\n\n\n\n<li>Tambi\u00e9n te pedir\u00e1n una <strong>Licencia de Profesi\u00f3n de la Salud vigente<\/strong>.<\/li>\n\n\n\n<li>Te pedir\u00e1n tu historial educativo. Ten preparado <strong>el nombre de tu colegio o universidad y el a\u00f1o en que te graduaste<\/strong>.<\/li>\n<\/ul>\n","protected":false},"excerpt":{"rendered":"<p>Necesitar\u00e1 crear una cuenta para continuar. Esto es lo que necesitar\u00e1 para completar esta secci\u00f3n:<\/p>\n","protected":false},"author":7,"featured_media":369,"parent":93,"menu_order":0,"comment_status":"closed","ping_status":"closed","template":"","meta":{"_acf_changed":false,"footnotes":""},"class_list":["post-338","page","type-page","status-publish","has-post-thumbnail","hentry"],"translation":{"provider":"WPGlobus","version":"3.0.0","language":"mx","enabled_languages":["en","mx","br"],"languages":{"en":{"title":true,"content":true,"excerpt":false},"mx":{"title":true,"content":true,"excerpt":false},"br":{"title":true,"content":true,"excerpt":false}}},"acf":[],"jetpack_sharing_enabled":true,"_links":{"self":[{"href":"https:\/\/app.chicagobilingualnurse.org\/mx\/wp-json\/wp\/v2\/pages\/338","targetHints":{"allow":["GET"]}}],"collection":[{"href":"https:\/\/app.chicagobilingualnurse.org\/mx\/wp-json\/wp\/v2\/pages"}],"about":[{"href":"https:\/\/app.chicagobilingualnurse.org\/mx\/wp-json\/wp\/v2\/types\/page"}],"author":[{"embeddable":true,"href":"https:\/\/app.chicagobilingualnurse.org\/mx\/wp-json\/wp\/v2\/users\/7"}],"replies":[{"embeddable":true,"href":"https:\/\/app.chicagobilingualnurse.org\/mx\/wp-json\/wp\/v2\/comments?post=338"}],"version-history":[{"count":9,"href":"https:\/\/app.chicagobilingualnurse.org\/mx\/wp-json\/wp\/v2\/pages\/338\/revisions"}],"predecessor-version":[{"id":612,"href":"https:\/\/app.chicagobilingualnurse.org\/mx\/wp-json\/wp\/v2\/pages\/338\/revisions\/612"}],"up":[{"embeddable":true,"href":"https:\/\/app.chicagobilingualnurse.org\/mx\/wp-json\/wp\/v2\/pages\/93"}],"wp:featuredmedia":[{"embeddable":true,"href":"https:\/\/app.chicagobilingualnurse.org\/mx\/wp-json\/wp\/v2\/media\/369"}],"wp:attachment":[{"href":"https:\/\/app.chicagobilingualnurse.org\/mx\/wp-json\/wp\/v2\/media?parent=338"}],"curies":[{"name":"wp","href":"https:\/\/api.w.org\/{rel}","templated":true}]}}