{"id":477,"date":"2024-08-21T15:54:22","date_gmt":"2024-08-21T15:54:22","guid":{"rendered":"https:\/\/app.chicagonurse.org\/?page_id=477"},"modified":"2024-09-16T16:01:53","modified_gmt":"2024-09-16T16:01:53","slug":"idh","status":"publish","type":"page","link":"https:\/\/app.chicagobilingualnurse.org\/mx\/steps\/or\/idh\/","title":{"rendered":"Consulte el Registro de trabajadores del IDPH"},"content":{"rendered":"\n<p>Una vez que la Southern Illinois University haya enviado su aprobaci\u00f3n al Departamento de Salud P\u00fablica de Illinois, el IDPH lo incluir\u00e1 en su registro de trabajadores. <a href=\"https:\/\/hcwrpub.dph.illinois.gov\/Search.aspx\">Busque en el registro<\/a> ingresando su nombre y apellido. Si no ve su nombre en el registro, puede <a href=\"dph.hcwr@illinois.gov\">comunicarse con el IDPH<\/a> para obtener ayuda.<\/p>\n","protected":false},"excerpt":{"rendered":"<p>Una vez que la Southern Illinois University haya enviado su aprobaci\u00f3n al Departamento de Salud P\u00fablica de Illinois, el IDPH lo incluir\u00e1 en su registro de trabajadores. Busque en el registro ingresando su nombre y apellido. Si no ve su nombre en el registro, puede comunicarse con el IDPH para obtener ayuda.<\/p>\n","protected":false},"author":7,"featured_media":0,"parent":113,"menu_order":3,"comment_status":"closed","ping_status":"closed","template":"","meta":{"_acf_changed":false,"footnotes":""},"class_list":["post-477","page","type-page","status-publish","hentry"],"translation":{"provider":"WPGlobus","version":"3.0.0","language":"mx","enabled_languages":["en","mx","br"],"languages":{"en":{"title":true,"content":true,"excerpt":false},"mx":{"title":true,"content":true,"excerpt":false},"br":{"title":true,"content":true,"excerpt":false}}},"acf":[],"jetpack_sharing_enabled":true,"_links":{"self":[{"href":"https:\/\/app.chicagobilingualnurse.org\/mx\/wp-json\/wp\/v2\/pages\/477","targetHints":{"allow":["GET"]}}],"collection":[{"href":"https:\/\/app.chicagobilingualnurse.org\/mx\/wp-json\/wp\/v2\/pages"}],"about":[{"href":"https:\/\/app.chicagobilingualnurse.org\/mx\/wp-json\/wp\/v2\/types\/page"}],"author":[{"embeddable":true,"href":"https:\/\/app.chicagobilingualnurse.org\/mx\/wp-json\/wp\/v2\/users\/7"}],"replies":[{"embeddable":true,"href":"https:\/\/app.chicagobilingualnurse.org\/mx\/wp-json\/wp\/v2\/comments?post=477"}],"version-history":[{"count":6,"href":"https:\/\/app.chicagobilingualnurse.org\/mx\/wp-json\/wp\/v2\/pages\/477\/revisions"}],"predecessor-version":[{"id":743,"href":"https:\/\/app.chicagobilingualnurse.org\/mx\/wp-json\/wp\/v2\/pages\/477\/revisions\/743"}],"up":[{"embeddable":true,"href":"https:\/\/app.chicagobilingualnurse.org\/mx\/wp-json\/wp\/v2\/pages\/113"}],"wp:attachment":[{"href":"https:\/\/app.chicagobilingualnurse.org\/mx\/wp-json\/wp\/v2\/media?parent=477"}],"curies":[{"name":"wp","href":"https:\/\/api.w.org\/{rel}","templated":true}]}}