{"id":557,"date":"2024-09-09T22:10:02","date_gmt":"2024-09-09T22:10:02","guid":{"rendered":"https:\/\/app.chicagobilingualnurse.org\/?page_id=557"},"modified":"2024-09-16T16:00:19","modified_gmt":"2024-09-16T16:00:19","slug":"background","status":"publish","type":"page","link":"https:\/\/app.chicagobilingualnurse.org\/mx\/steps\/or\/background\/","title":{"rendered":"Someterse a una verificaci\u00f3n de antecedentes"},"content":{"rendered":"\n<p>Los solicitantes de CNA deber\u00e1n obtener un comprobante de toma de huellas dactilares de un proveedor de huellas dactilares <a href=\"https:\/\/idfprapps.illinois.gov\/licenselookup\/fingerprintlist.asp\">Live Scan de Illinois autorizado<\/a>. Una vez que le tomen las huellas dactilares, el proveedor le entregar\u00e1 un recibo con un n\u00famero de control de transacci\u00f3n (TCN). Adem\u00e1s, transferir\u00e1n sus huellas a la Polic\u00eda Estatal de Illinois para realizar la verificaci\u00f3n de antecedentes. Una vez que la polic\u00eda estatal complete su verificaci\u00f3n, enviar\u00e1 los resultados al IDPH.<\/p>\n\n\n\n<p><strong>Conserve su recibo<\/strong> en caso de que haya una falla en el proceso desde el proveedor hasta la polic\u00eda y luego al IDPH.<\/p>\n","protected":false},"excerpt":{"rendered":"<p>Los solicitantes de CNA deber\u00e1n obtener un comprobante de toma de huellas dactilares de un proveedor de huellas dactilares Live Scan de Illinois autorizado. Una vez que le tomen las huellas dactilares, el proveedor le entregar\u00e1 un recibo con un n\u00famero de control de transacci\u00f3n (TCN). Adem\u00e1s, transferir\u00e1n sus huellas a la Polic\u00eda Estatal de [&hellip;]<\/p>\n","protected":false},"author":7,"featured_media":0,"parent":113,"menu_order":2,"comment_status":"closed","ping_status":"closed","template":"","meta":{"_acf_changed":false,"footnotes":""},"class_list":["post-557","page","type-page","status-publish","hentry"],"translation":{"provider":"WPGlobus","version":"3.0.0","language":"mx","enabled_languages":["en","mx","br"],"languages":{"en":{"title":true,"content":true,"excerpt":false},"mx":{"title":true,"content":true,"excerpt":false},"br":{"title":true,"content":true,"excerpt":false}}},"acf":[],"jetpack_sharing_enabled":true,"_links":{"self":[{"href":"https:\/\/app.chicagobilingualnurse.org\/mx\/wp-json\/wp\/v2\/pages\/557","targetHints":{"allow":["GET"]}}],"collection":[{"href":"https:\/\/app.chicagobilingualnurse.org\/mx\/wp-json\/wp\/v2\/pages"}],"about":[{"href":"https:\/\/app.chicagobilingualnurse.org\/mx\/wp-json\/wp\/v2\/types\/page"}],"author":[{"embeddable":true,"href":"https:\/\/app.chicagobilingualnurse.org\/mx\/wp-json\/wp\/v2\/users\/7"}],"replies":[{"embeddable":true,"href":"https:\/\/app.chicagobilingualnurse.org\/mx\/wp-json\/wp\/v2\/comments?post=557"}],"version-history":[{"count":5,"href":"https:\/\/app.chicagobilingualnurse.org\/mx\/wp-json\/wp\/v2\/pages\/557\/revisions"}],"predecessor-version":[{"id":741,"href":"https:\/\/app.chicagobilingualnurse.org\/mx\/wp-json\/wp\/v2\/pages\/557\/revisions\/741"}],"up":[{"embeddable":true,"href":"https:\/\/app.chicagobilingualnurse.org\/mx\/wp-json\/wp\/v2\/pages\/113"}],"wp:attachment":[{"href":"https:\/\/app.chicagobilingualnurse.org\/mx\/wp-json\/wp\/v2\/media?parent=557"}],"curies":[{"name":"wp","href":"https:\/\/api.w.org\/{rel}","templated":true}]}}