{"id":64,"date":"2024-08-13T00:48:44","date_gmt":"2024-08-13T00:48:50","guid":{"rendered":"https:\/\/app.chicagonurse.org\/?page_id=64"},"modified":"2024-10-04T19:50:13","modified_gmt":"2024-10-04T19:50:13","slug":"profile","status":"publish","type":"page","link":"https:\/\/app.chicagobilingualnurse.org\/mx\/steps\/evaluate\/profile\/","title":{"rendered":"Completa tu perfil"},"content":{"rendered":"\n<p>Una vez creada la cuenta, se le solicitar\u00e1 que ingrese su direcci\u00f3n y n\u00famero de tel\u00e9fono. Aseg\u00farese de <a href=\"https:\/\/applicants.cgfns.org\/portal\/view\/login\">haber iniciado sesi\u00f3n<\/a> y luego <a href=\"https:\/\/applicants.cgfns.org\/portal\/multipage\/page=1\">contin\u00fae con la p\u00e1gina 1 de su perfil<\/a>.<\/p>\n\n\n\n<ul class=\"wp-block-list\">\n<li>Aqu\u00ed deber\u00e1 agregar <strong>sexo<\/strong>, <strong>estado civil<\/strong> y si tiene <strong>n\u00famero de seguro social<\/strong>.<\/li>\n\n\n\n<li>Si alguna vez le han hecho una verificaci\u00f3n de antecedentes, necesitar\u00e1 el <strong>nombre de la agencia<\/strong> que la realiz\u00f3 y <strong>el a\u00f1o en que se realiz\u00f3<\/strong>.<\/li>\n\n\n\n<li>Ingrese su <strong>pa\u00eds de nacimiento<\/strong> y una lista de los pa\u00edses donde tiene ciudadan\u00eda.<\/li>\n\n\n\n<li>Tu <strong>primera lengua<\/strong> y una lista de idiomas que <strong>hablas<\/strong> y <strong>escribes<\/strong> con fluidez.<\/li>\n\n\n\n<li>Una lista de <strong>profesiones<\/strong> para las que recibi\u00f3 educaci\u00f3n formal.<\/li>\n<\/ul>\n","protected":false},"excerpt":{"rendered":"<p>Una vez creada la cuenta, se le solicitar\u00e1 que ingrese su direcci\u00f3n y n\u00famero de tel\u00e9fono. Aseg\u00farese de haber iniciado sesi\u00f3n y luego contin\u00fae con la p\u00e1gina 1 de su perfil.<\/p>\n","protected":false},"author":7,"featured_media":371,"parent":93,"menu_order":1,"comment_status":"closed","ping_status":"closed","template":"","meta":{"_acf_changed":false,"footnotes":""},"class_list":["post-64","page","type-page","status-publish","has-post-thumbnail","hentry"],"translation":{"provider":"WPGlobus","version":"3.0.0","language":"mx","enabled_languages":["en","mx","br"],"languages":{"en":{"title":true,"content":true,"excerpt":false},"mx":{"title":true,"content":true,"excerpt":false},"br":{"title":true,"content":true,"excerpt":false}}},"acf":[],"jetpack_sharing_enabled":true,"_links":{"self":[{"href":"https:\/\/app.chicagobilingualnurse.org\/mx\/wp-json\/wp\/v2\/pages\/64","targetHints":{"allow":["GET"]}}],"collection":[{"href":"https:\/\/app.chicagobilingualnurse.org\/mx\/wp-json\/wp\/v2\/pages"}],"about":[{"href":"https:\/\/app.chicagobilingualnurse.org\/mx\/wp-json\/wp\/v2\/types\/page"}],"author":[{"embeddable":true,"href":"https:\/\/app.chicagobilingualnurse.org\/mx\/wp-json\/wp\/v2\/users\/7"}],"replies":[{"embeddable":true,"href":"https:\/\/app.chicagobilingualnurse.org\/mx\/wp-json\/wp\/v2\/comments?post=64"}],"version-history":[{"count":8,"href":"https:\/\/app.chicagobilingualnurse.org\/mx\/wp-json\/wp\/v2\/pages\/64\/revisions"}],"predecessor-version":[{"id":767,"href":"https:\/\/app.chicagobilingualnurse.org\/mx\/wp-json\/wp\/v2\/pages\/64\/revisions\/767"}],"up":[{"embeddable":true,"href":"https:\/\/app.chicagobilingualnurse.org\/mx\/wp-json\/wp\/v2\/pages\/93"}],"wp:featuredmedia":[{"embeddable":true,"href":"https:\/\/app.chicagobilingualnurse.org\/mx\/wp-json\/wp\/v2\/media\/371"}],"wp:attachment":[{"href":"https:\/\/app.chicagobilingualnurse.org\/mx\/wp-json\/wp\/v2\/media?parent=64"}],"curies":[{"name":"wp","href":"https:\/\/api.w.org\/{rel}","templated":true}]}}