{"id":66,"date":"2024-08-13T00:48:44","date_gmt":"2024-08-13T00:48:21","guid":{"rendered":"https:\/\/app.chicagonurse.org\/?page_id=66"},"modified":"2024-10-04T19:51:21","modified_gmt":"2024-10-04T19:51:21","slug":"photo","status":"publish","type":"page","link":"https:\/\/app.chicagobilingualnurse.org\/mx\/steps\/evaluate\/photo\/","title":{"rendered":"Sube tu foto"},"content":{"rendered":"\n<p>Suponiendo que todav\u00eda est\u00e9 <a href=\"https:\/\/applicants.cgfns.org\/portal\/view\/login\">conectado a CGFNS<\/a>, ahora deber\u00e1 <a href=\"https:\/\/applicants.cgfns.org\/portal\/view\/uploadPhoto\">cargar una foto suya de tama\u00f1o pasaporte<\/a>. La foto debe ser:<\/p>\n\n\n\n<ul class=\"wp-block-list\">\n<li><strong>Cuadrado<\/strong>, Al menos 350px \u00d7 350px;<\/li>\n\n\n\n<li><strong>Sin firmar<\/strong> y <strong>en color<\/strong>;<\/li>\n\n\n\n<li>Tomada dentro de los \u00faltimos <strong>6 meses<\/strong>;<\/li>\n\n\n\n<li>Delante de un fondo <strong>blanco liso<\/strong> (o blanquecino);<\/li>\n\n\n\n<li>Tomada de <strong>frente<\/strong>, directamente frente a la c\u00e1mara, sola (no recortada de una foto grupal), de modo que la cabeza y los hombros ocupen la mayor parte de la foto;<\/li>\n\n\n\n<li>Con <strong>expresi\u00f3n neutra<\/strong>, con <strong>ropa de diario<\/strong>, con ambos ojos abiertos;<\/li>\n\n\n\n<li>No use un velo que cubra su cabello, a menos que trabaje con fines religiosos.<\/li>\n\n\n\n<li>Si normalmente usas <strong>anteojos<\/strong> o <strong>aud\u00edfonos<\/strong>, \u00fasalos en la foto. Aseg\u00farate de que los anteojos no est\u00e9n tintados y que no reflejen reflejos en la foto.<\/li>\n<\/ul>\n","protected":false},"excerpt":{"rendered":"<p>Suponiendo que todav\u00eda est\u00e9 conectado a CGFNS, ahora deber\u00e1 cargar una foto suya de tama\u00f1o pasaporte. La foto debe ser:<\/p>\n","protected":false},"author":7,"featured_media":40,"parent":93,"menu_order":2,"comment_status":"closed","ping_status":"closed","template":"","meta":{"_acf_changed":false,"footnotes":""},"class_list":["post-66","page","type-page","status-publish","has-post-thumbnail","hentry"],"translation":{"provider":"WPGlobus","version":"3.0.0","language":"mx","enabled_languages":["en","mx","br"],"languages":{"en":{"title":true,"content":true,"excerpt":false},"mx":{"title":true,"content":true,"excerpt":false},"br":{"title":true,"content":true,"excerpt":false}}},"acf":[],"jetpack_sharing_enabled":true,"_links":{"self":[{"href":"https:\/\/app.chicagobilingualnurse.org\/mx\/wp-json\/wp\/v2\/pages\/66","targetHints":{"allow":["GET"]}}],"collection":[{"href":"https:\/\/app.chicagobilingualnurse.org\/mx\/wp-json\/wp\/v2\/pages"}],"about":[{"href":"https:\/\/app.chicagobilingualnurse.org\/mx\/wp-json\/wp\/v2\/types\/page"}],"author":[{"embeddable":true,"href":"https:\/\/app.chicagobilingualnurse.org\/mx\/wp-json\/wp\/v2\/users\/7"}],"replies":[{"embeddable":true,"href":"https:\/\/app.chicagobilingualnurse.org\/mx\/wp-json\/wp\/v2\/comments?post=66"}],"version-history":[{"count":10,"href":"https:\/\/app.chicagobilingualnurse.org\/mx\/wp-json\/wp\/v2\/pages\/66\/revisions"}],"predecessor-version":[{"id":768,"href":"https:\/\/app.chicagobilingualnurse.org\/mx\/wp-json\/wp\/v2\/pages\/66\/revisions\/768"}],"up":[{"embeddable":true,"href":"https:\/\/app.chicagobilingualnurse.org\/mx\/wp-json\/wp\/v2\/pages\/93"}],"wp:featuredmedia":[{"embeddable":true,"href":"https:\/\/app.chicagobilingualnurse.org\/mx\/wp-json\/wp\/v2\/media\/40"}],"wp:attachment":[{"href":"https:\/\/app.chicagobilingualnurse.org\/mx\/wp-json\/wp\/v2\/media?parent=66"}],"curies":[{"name":"wp","href":"https:\/\/api.w.org\/{rel}","templated":true}]}}