{"id":68,"date":"2024-08-13T00:49:44","date_gmt":"2024-08-13T00:49:05","guid":{"rendered":"https:\/\/app.chicagonurse.org\/?page_id=68"},"modified":"2024-10-04T19:52:41","modified_gmt":"2024-10-04T19:52:41","slug":"agent","status":"publish","type":"page","link":"https:\/\/app.chicagobilingualnurse.org\/mx\/steps\/evaluate\/agent\/","title":{"rendered":"A\u00f1ade CBNC a tu cuenta"},"content":{"rendered":"\n<p>Los dos pasos siguientes requerir\u00e1n que agregue a CBNC como su agente y representante autorizado ante CGFNS. <a href=\"https:\/\/applicants.cgfns.org\/portal\/view\/login\">Inicie sesi\u00f3n<\/a> si a\u00fan no lo ha hecho y <a href=\"https:\/\/applicants.cgfns.org\/portal\/view\/sponsor\/viewSponsorAdvocate\">contin\u00fae hasta la secci\u00f3n de defensor\u00eda de patrocinadores<\/a>.<\/p>\n\n\n\n<ul class=\"wp-block-list\">\n<li>Necesitar\u00e1 <strong>agregar a CBNC como su agente autorizado<\/strong>:\n<ul class=\"wp-block-list\">\n<li>En \u201cAuthorized Agent Search Type\u201d, marque \u201cAuthorized Agent ID or Name Search\u201d<\/li>\n\n\n\n<li>En \u201cAuthorized Agent ID or Name\u201d, ingrese \u201c<strong>Chicago Bilingual Nurse Consortium<\/strong>\u201d<\/li>\n\n\n\n<li>Marque la casilla que comienza con \u2018I authorize CGFNS\u2026\u2019<\/li>\n<\/ul>\n<\/li>\n\n\n\n<li>Querr\u00e1s agregar a <strong>Neyda Mucha como tu representante autorizada<\/strong>:\n<ul class=\"wp-block-list\">\n<li>Neyda Mucha<\/li>\n\n\n\n<li>2800 S. Western Avenue, #1202, Chicago, Illinois, United States of America<\/li>\n\n\n\n<li>cbnc247@gmail.com<\/li>\n\n\n\n<li>1-773-838-1870<\/li>\n<\/ul>\n<\/li>\n<\/ul>\n","protected":false},"excerpt":{"rendered":"<p>Los dos pasos siguientes requerir\u00e1n que agregue a CBNC como su agente y representante autorizado ante CGFNS. Inicie sesi\u00f3n si a\u00fan no lo ha hecho y contin\u00fae hasta la secci\u00f3n de defensor\u00eda de patrocinadores.<\/p>\n","protected":false},"author":7,"featured_media":372,"parent":93,"menu_order":3,"comment_status":"closed","ping_status":"closed","template":"","meta":{"_acf_changed":false,"footnotes":""},"class_list":["post-68","page","type-page","status-publish","has-post-thumbnail","hentry"],"translation":{"provider":"WPGlobus","version":"3.0.0","language":"mx","enabled_languages":["en","mx","br"],"languages":{"en":{"title":true,"content":true,"excerpt":false},"mx":{"title":true,"content":true,"excerpt":false},"br":{"title":true,"content":true,"excerpt":false}}},"acf":[],"jetpack_sharing_enabled":true,"_links":{"self":[{"href":"https:\/\/app.chicagobilingualnurse.org\/mx\/wp-json\/wp\/v2\/pages\/68","targetHints":{"allow":["GET"]}}],"collection":[{"href":"https:\/\/app.chicagobilingualnurse.org\/mx\/wp-json\/wp\/v2\/pages"}],"about":[{"href":"https:\/\/app.chicagobilingualnurse.org\/mx\/wp-json\/wp\/v2\/types\/page"}],"author":[{"embeddable":true,"href":"https:\/\/app.chicagobilingualnurse.org\/mx\/wp-json\/wp\/v2\/users\/7"}],"replies":[{"embeddable":true,"href":"https:\/\/app.chicagobilingualnurse.org\/mx\/wp-json\/wp\/v2\/comments?post=68"}],"version-history":[{"count":10,"href":"https:\/\/app.chicagobilingualnurse.org\/mx\/wp-json\/wp\/v2\/pages\/68\/revisions"}],"predecessor-version":[{"id":770,"href":"https:\/\/app.chicagobilingualnurse.org\/mx\/wp-json\/wp\/v2\/pages\/68\/revisions\/770"}],"up":[{"embeddable":true,"href":"https:\/\/app.chicagobilingualnurse.org\/mx\/wp-json\/wp\/v2\/pages\/93"}],"wp:featuredmedia":[{"embeddable":true,"href":"https:\/\/app.chicagobilingualnurse.org\/mx\/wp-json\/wp\/v2\/media\/372"}],"wp:attachment":[{"href":"https:\/\/app.chicagobilingualnurse.org\/mx\/wp-json\/wp\/v2\/media?parent=68"}],"curies":[{"name":"wp","href":"https:\/\/api.w.org\/{rel}","templated":true}]}}