{"id":70,"date":"2024-08-13T00:50:45","date_gmt":"2024-08-13T00:50:45","guid":{"rendered":"https:\/\/app.chicagonurse.org\/?page_id=70"},"modified":"2024-09-11T19:18:34","modified_gmt":"2024-09-11T19:18:34","slug":"employment","status":"publish","type":"page","link":"https:\/\/app.chicagobilingualnurse.org\/mx\/steps\/evaluate\/employment\/","title":{"rendered":"Empleo"},"content":{"rendered":"\n<p>Ingresa tu informaci\u00f3n laboral en la <a href=\"https:\/\/applicants.cgfns.org\/portal\/view\/personalProfile\/page=3\">p\u00e1gina tres de tu perfil<\/a>. <a href=\"https:\/\/applicants.cgfns.org\/portal\/view\/login\">Inicia sesi\u00f3n en CGFNS<\/a> si a\u00fan no lo has hecho e ingresa lo siguiente:<\/p>\n\n\n\n<ul class=\"wp-block-list\">\n<li>El nombre de la <strong>organizaci\u00f3n<\/strong>;<\/li>\n\n\n\n<li>Su <strong>puesto de trabajo<\/strong>;<\/li>\n\n\n\n<li>El nombre y t\u00edtulo \/ cargo de su <strong>supervisor<\/strong>;<\/li>\n\n\n\n<li>La <strong>ubicaci\u00f3n<\/strong> del empleador: pa\u00eds, direcci\u00f3n, estado y c\u00f3digo postal;<\/li>\n\n\n\n<li>La <strong>fecha<\/strong> en que comenz\u00f3 el empleo;<\/li>\n\n\n\n<li>Ya sea que <strong>todav\u00eda est\u00e9 empleado<\/strong> aqu\u00ed o si su trabajo est\u00e1 relacionado con la atenci\u00f3n m\u00e9dica;<\/li>\n\n\n\n<li>El <strong>idioma que se habla<\/strong> all\u00ed. Si no tiene los detalles de este registro, deber\u00e1 explicar por qu\u00e9 haciendo clic en el bot\u00f3n que dice &#8220;Agregar explicaci\u00f3n&#8221;.<\/li>\n<\/ul>\n","protected":false},"excerpt":{"rendered":"<p>Ingresa tu informaci\u00f3n laboral en la p\u00e1gina tres de tu perfil. Inicia sesi\u00f3n en CGFNS si a\u00fan no lo has hecho e ingresa lo siguiente:<\/p>\n","protected":false},"author":7,"featured_media":373,"parent":93,"menu_order":4,"comment_status":"closed","ping_status":"closed","template":"","meta":{"_acf_changed":false,"footnotes":""},"class_list":["post-70","page","type-page","status-publish","has-post-thumbnail","hentry"],"translation":{"provider":"WPGlobus","version":"3.0.0","language":"mx","enabled_languages":["en","mx","br"],"languages":{"en":{"title":true,"content":true,"excerpt":false},"mx":{"title":true,"content":true,"excerpt":false},"br":{"title":true,"content":true,"excerpt":false}}},"acf":[],"jetpack_sharing_enabled":true,"_links":{"self":[{"href":"https:\/\/app.chicagobilingualnurse.org\/mx\/wp-json\/wp\/v2\/pages\/70","targetHints":{"allow":["GET"]}}],"collection":[{"href":"https:\/\/app.chicagobilingualnurse.org\/mx\/wp-json\/wp\/v2\/pages"}],"about":[{"href":"https:\/\/app.chicagobilingualnurse.org\/mx\/wp-json\/wp\/v2\/types\/page"}],"author":[{"embeddable":true,"href":"https:\/\/app.chicagobilingualnurse.org\/mx\/wp-json\/wp\/v2\/users\/7"}],"replies":[{"embeddable":true,"href":"https:\/\/app.chicagobilingualnurse.org\/mx\/wp-json\/wp\/v2\/comments?post=70"}],"version-history":[{"count":6,"href":"https:\/\/app.chicagobilingualnurse.org\/mx\/wp-json\/wp\/v2\/pages\/70\/revisions"}],"predecessor-version":[{"id":635,"href":"https:\/\/app.chicagobilingualnurse.org\/mx\/wp-json\/wp\/v2\/pages\/70\/revisions\/635"}],"up":[{"embeddable":true,"href":"https:\/\/app.chicagobilingualnurse.org\/mx\/wp-json\/wp\/v2\/pages\/93"}],"wp:featuredmedia":[{"embeddable":true,"href":"https:\/\/app.chicagobilingualnurse.org\/mx\/wp-json\/wp\/v2\/media\/373"}],"wp:attachment":[{"href":"https:\/\/app.chicagobilingualnurse.org\/mx\/wp-json\/wp\/v2\/media?parent=70"}],"curies":[{"name":"wp","href":"https:\/\/api.w.org\/{rel}","templated":true}]}}