{"id":76,"date":"2024-08-13T00:58:44","date_gmt":"2024-08-13T00:58:24","guid":{"rendered":"https:\/\/app.chicagonurse.org\/?page_id=76"},"modified":"2024-09-11T20:11:34","modified_gmt":"2024-09-11T20:11:34","slug":"record","status":"publish","type":"page","link":"https:\/\/app.chicagobilingualnurse.org\/mx\/steps\/evaluate\/record\/","title":{"rendered":"Registro de examen de licencia\/registro"},"content":{"rendered":"\n<p>Ingrese los detalles de los ex\u00e1menes que realiz\u00f3 para obtener su(s) licencia(s) en la <a href=\"https:\/\/applicants.cgfns.org\/portal\/view\/personalProfile\/page=7\">p\u00e1gina siete<\/a>. Si a\u00fan no lo hizo, <a href=\"https:\/\/applicants.cgfns.org\/portal\/view\/login\">inicie sesi\u00f3n en CGFNS<\/a> e ingrese:<\/p>\n\n\n\n<ul class=\"wp-block-list\">\n<li>Tu <strong>profesi\u00f3n<\/strong>;<\/li>\n\n\n\n<li>El <strong>estado<\/strong> y el <strong>pa\u00eds<\/strong> donde realiz\u00f3 el examen;<\/li>\n\n\n\n<li>El <strong>nombre<\/strong> formal del examen;<\/li>\n\n\n\n<li>Su <strong>n\u00famero de identificaci\u00f3n de candidato de NCLEX<\/strong>, si tiene uno;<\/li>\n\n\n\n<li>La autoridad examinadora;<\/li>\n\n\n\n<li>La direcci\u00f3n del centro de examen; y<\/li>\n\n\n\n<li><strong>Cu\u00e1ntas veces<\/strong> tomaste el examen, si lo aprobaste y cu\u00e1ndo.<\/li>\n<\/ul>\n","protected":false},"excerpt":{"rendered":"<p>Ingrese los detalles de los ex\u00e1menes que realiz\u00f3 para obtener su(s) licencia(s) en la p\u00e1gina siete. Si a\u00fan no lo hizo, inicie sesi\u00f3n en CGFNS e ingrese:<\/p>\n","protected":false},"author":7,"featured_media":376,"parent":93,"menu_order":7,"comment_status":"closed","ping_status":"closed","template":"","meta":{"_acf_changed":false,"footnotes":""},"class_list":["post-76","page","type-page","status-publish","has-post-thumbnail","hentry"],"translation":{"provider":"WPGlobus","version":"3.0.0","language":"mx","enabled_languages":["en","mx","br"],"languages":{"en":{"title":true,"content":true,"excerpt":false},"mx":{"title":true,"content":true,"excerpt":false},"br":{"title":true,"content":true,"excerpt":false}}},"acf":[],"jetpack_sharing_enabled":true,"_links":{"self":[{"href":"https:\/\/app.chicagobilingualnurse.org\/mx\/wp-json\/wp\/v2\/pages\/76","targetHints":{"allow":["GET"]}}],"collection":[{"href":"https:\/\/app.chicagobilingualnurse.org\/mx\/wp-json\/wp\/v2\/pages"}],"about":[{"href":"https:\/\/app.chicagobilingualnurse.org\/mx\/wp-json\/wp\/v2\/types\/page"}],"author":[{"embeddable":true,"href":"https:\/\/app.chicagobilingualnurse.org\/mx\/wp-json\/wp\/v2\/users\/7"}],"replies":[{"embeddable":true,"href":"https:\/\/app.chicagobilingualnurse.org\/mx\/wp-json\/wp\/v2\/comments?post=76"}],"version-history":[{"count":9,"href":"https:\/\/app.chicagobilingualnurse.org\/mx\/wp-json\/wp\/v2\/pages\/76\/revisions"}],"predecessor-version":[{"id":652,"href":"https:\/\/app.chicagobilingualnurse.org\/mx\/wp-json\/wp\/v2\/pages\/76\/revisions\/652"}],"up":[{"embeddable":true,"href":"https:\/\/app.chicagobilingualnurse.org\/mx\/wp-json\/wp\/v2\/pages\/93"}],"wp:featuredmedia":[{"embeddable":true,"href":"https:\/\/app.chicagobilingualnurse.org\/mx\/wp-json\/wp\/v2\/media\/376"}],"wp:attachment":[{"href":"https:\/\/app.chicagobilingualnurse.org\/mx\/wp-json\/wp\/v2\/media?parent=76"}],"curies":[{"name":"wp","href":"https:\/\/api.w.org\/{rel}","templated":true}]}}