{"id":82,"date":"2024-08-13T00:59:44","date_gmt":"2024-08-13T00:59:07","guid":{"rendered":"https:\/\/app.chicagonurse.org\/?page_id=82"},"modified":"2024-10-04T20:01:09","modified_gmt":"2024-10-04T20:01:09","slug":"english","status":"publish","type":"page","link":"https:\/\/app.chicagobilingualnurse.org\/mx\/steps\/english\/","title":{"rendered":"Presentar prueba de dominio del idioma ingl\u00e9s a CGFNS"},"content":{"rendered":"\n<p>Una vez que ETS le env\u00ede por correo electr\u00f3nico los resultados de su examen TOEFL, deber\u00e1 solicitarles que env\u00eden los resultados a CGFNS. Mientras tanto, <a href=\"https:\/\/applicants.cgfns.org\/portal\/view\/login\">vuelva a iniciar sesi\u00f3n<\/a> en CGFNS y luego <a href=\"https:\/\/applicants.cgfns.org\/portal\/multipage\/page=10\">navegue a la p\u00e1gina 10<\/a> e ingrese:<\/p>\n\n\n\n<ul class=\"wp-block-list\">\n<li>El <strong>nombre<\/strong> de la prueba que realizaste;<\/li>\n\n\n\n<li>La <strong>fecha<\/strong> de la prueba;<\/li>\n\n\n\n<li>Su <strong>c\u00f3digo<\/strong> de informe de puntuaci\u00f3n; y<\/li>\n\n\n\n<li>Indique <strong>ETS<\/strong> como la agencia de pruebas, junto con la fecha en que les solicit\u00f3 que enviaran los resultados de su prueba a CGFNS.<\/li>\n<\/ul>\n","protected":false},"excerpt":{"rendered":"<p>Una vez que ETS le env\u00ede por correo electr\u00f3nico los resultados de su examen TOEFL, deber\u00e1 solicitarles que env\u00eden los resultados a CGFNS. Mientras tanto, vuelva a iniciar sesi\u00f3n en CGFNS y luego navegue a la p\u00e1gina 10 e ingrese:<\/p>\n","protected":false},"author":7,"featured_media":380,"parent":91,"menu_order":3,"comment_status":"closed","ping_status":"closed","template":"","meta":{"_acf_changed":false,"footnotes":""},"class_list":["post-82","page","type-page","status-publish","has-post-thumbnail","hentry"],"translation":{"provider":"WPGlobus","version":"3.0.0","language":"mx","enabled_languages":["en","mx","br"],"languages":{"en":{"title":true,"content":true,"excerpt":false},"mx":{"title":true,"content":true,"excerpt":false},"br":{"title":true,"content":true,"excerpt":false}}},"acf":[],"jetpack_sharing_enabled":true,"_links":{"self":[{"href":"https:\/\/app.chicagobilingualnurse.org\/mx\/wp-json\/wp\/v2\/pages\/82","targetHints":{"allow":["GET"]}}],"collection":[{"href":"https:\/\/app.chicagobilingualnurse.org\/mx\/wp-json\/wp\/v2\/pages"}],"about":[{"href":"https:\/\/app.chicagobilingualnurse.org\/mx\/wp-json\/wp\/v2\/types\/page"}],"author":[{"embeddable":true,"href":"https:\/\/app.chicagobilingualnurse.org\/mx\/wp-json\/wp\/v2\/users\/7"}],"replies":[{"embeddable":true,"href":"https:\/\/app.chicagobilingualnurse.org\/mx\/wp-json\/wp\/v2\/comments?post=82"}],"version-history":[{"count":13,"href":"https:\/\/app.chicagobilingualnurse.org\/mx\/wp-json\/wp\/v2\/pages\/82\/revisions"}],"predecessor-version":[{"id":781,"href":"https:\/\/app.chicagobilingualnurse.org\/mx\/wp-json\/wp\/v2\/pages\/82\/revisions\/781"}],"up":[{"embeddable":true,"href":"https:\/\/app.chicagobilingualnurse.org\/mx\/wp-json\/wp\/v2\/pages\/91"}],"wp:featuredmedia":[{"embeddable":true,"href":"https:\/\/app.chicagobilingualnurse.org\/mx\/wp-json\/wp\/v2\/media\/380"}],"wp:attachment":[{"href":"https:\/\/app.chicagobilingualnurse.org\/mx\/wp-json\/wp\/v2\/media?parent=82"}],"curies":[{"name":"wp","href":"https:\/\/api.w.org\/{rel}","templated":true}]}}