{"id":89,"date":"2024-08-13T01:10:44","date_gmt":"2024-08-13T01:10:35","guid":{"rendered":"https:\/\/app.chicagonurse.org\/?page_id=89"},"modified":"2024-10-04T19:32:35","modified_gmt":"2024-10-04T19:32:35","slug":"general","status":"publish","type":"page","link":"https:\/\/app.chicagobilingualnurse.org\/mx\/general\/","title":{"rendered":"Informaci\u00f3n general:"},"content":{"rendered":"\n<p>Env\u00edenos su informaci\u00f3n de contacto b\u00e1sica para que podamos registrar su cuenta.<\/p>\n\n\n<form method=\"post\" class=\"acfe-form\" data-cid=\"69e10dc21a570\">\t<div id=\"acf-form-data\" class=\"acf-hidden\">\n\t\t<input type=\"hidden\" id=\"_acf_screen\" name=\"_acf_screen\" value=\"acfe_form\"\/><input type=\"hidden\" id=\"_acf_post_id\" name=\"_acf_post_id\" value=\"89\"\/><input type=\"hidden\" id=\"_acf_validation\" name=\"_acf_validation\" value=\"1\"\/><input type=\"hidden\" id=\"_acf_form\" name=\"_acf_form\" value=\"ajJ6UG9oQWJua2orN0NpcVBDVGpBaDlHSWVvaWxZaUMwODFScGNNUHdNNTVQeXBoMzFLb3RxVUdXOUlkVUQ2YStUcDVDQW80dzArMSs1Q0pJZEFlWFZtTjE1c1NTSWh4ZEV4b3E3SW9XamswYm1oREVaS3B1MzQ1WWVOK0tHZERZTnVDOXVTSGR3dUYweC8zNWExVnpNYmYzcUsyS2tHQWxDd085MmUvQXRuc0xXTVJwVTBxTU5NK3kvYThHNmJSVW9VSWZrMGJXcjJ3UVAxNklLK1BHT1krNGs1QUlMZUUwam1JNE1CVjJBZFF6R0UxQzZqNG90ZitNdDdqZzZOQ0pvalc3WjdGVmUxVjM0cTNCSGlsUFdrMGpSZ29rdG1sNTU1cFE5TE9XejVuaEkzamZXVlJuTXVFTVNsemJURVNpZGluaERpR1lnNmNQWEIwSG5USUlFUjM1RUw1TXJVQ1hIVnQ1eEptQVVYSTlJbHQ3TjREU0pWQWtGaEVEZjhrYjVmUWVSTDRjUVh0dSt3YzZHcHdYclJoSkl0RWxhNnhXSW8yVUxRYlB0RmpJSS9DWHBIbm9hN3U4aVdWdXFuQzNsZzREV2lucm5WMVBRQXpUckZ4SlEzM0FmOW5xQnFScjlUMHRCZytxaDdkYWY1ZHBLY05QTit0ellncmhqVFBJVDNuQzJiVlZsY0hXRlU4MDhiTXVxbVl0ckg3aXIrZmlGTy93RExzQ25zakk5cTJUSTNOUlY2OS9IbURRTnpHTXUveDQ5ZEcreFRqSTRlVlNnSTR1ZjRNVWNSVFE4WGlCbklMSWh0Q2o0M3ZhN2h4aSt0NTdqTzJjaktwMWJFUHlvWkFmMVRMamVHVGxtU1I4MWlPdEpVS2Fyak9qOEVZdWhMbGt1SUhkelBMVVNPaFkzWDM5UXBmS1hGbTJVRzdyNUNOOWRvRnlQVGs5bmYwcU5LWjArQ2lpNXpEYkVseHpzTDdjQXJpbnBWcGZ6NmozL1ZtWUpmZW96andvT3g0cmQ0YlFEdTlUQ3JRVHJPWkQrSDd4N3Y4K0R5Zk5LdWMrSFpUSzNyaWhVR1ZKUTMvQ254bkNYRmMyREJzWlRPT3lSYkFzRmJHWktFdXkwUzN3a1pYdDFQMkRFYXQrRlVCb2hLWFMvSHd3SzM0WUw4R042V244T2FKaDJuWFE5NlhhbzgrTEt6aUg4OXdkMjFqcmE3aTB2SmRHYlhFd2lkNjNacnJ1VmI4RWJ5M2RkU21XVnY0d2F4TjFhRk9ibW1iakJIZDVhNkRMRFJDTE5vRGNTYjlGR1h0R1gzZllPUCtTR0lrQ1E4NWk3TEF6UVFrUElUWmgycVMrMUVjMlBXSUcwK3NaSlRLTWNtS1V5eGJVRzBLbVVVZnZKeWpaZ1JpaUliVllBSVNxSjB4R3lMY3Yva0tqZmlXYVhCNFFFcmIwZWpZM282NXk0QnFzYW5tZ2lYdVd0dnRBSS9nM24rOVlJOVdBVng2bmhRYmw1eXV0Tm00T1JyNko2QURSbFlybnF5RkpONzFNVjE4UUl3alNEbGRkNEtVYlpuMFJ0NXUwcGZFSDRUQXpxS0xUWmVYNk5RRXRYV25VdDBNUHZFbnZYTWQ2TVJUalM0Q0V4L21KNndMOUhobW1iMEFXc1BRUFBEbU1CODBKY0lUaURzZFN1a0haMlZuVkl6ekhFZGFtK1FreFQrdnZHN2oxTFpTenJVanFULzdVdW5WaStNS0grWU9VQWZUZlJyUldZUnlOTXJYN1ZheEh4YmJ0SXVRdkx5QjVLdzNoeW5KeWI4ckJvN3lLbVYvTDZaTTdrZkx1Y0pmTWtYY0FEYXI0QTFEbHVIcEY1RHBmaTVtTWFrVUFpSU5iaStKcXphanVNazExRTF2VGQ0ODVyNTJDVi9CZEt0eTJNVnQ1OVNZckRxbFU2bGYrS1RGdUtTVVJ3eXJ2cmF3TnJQL0tHY3F5MjUzcmdheFZ4MU1vQWduVWhjUzdnRDFuMk5wL1hwblpmY2ZlckdxeE9BZzRzdDkzWm53QnpjdHBvWThnN20yRGpDZXpxUGhOWER0Y0h2eDQwbVpCRFd2TmYyMWMrb2l2bDdZUkJGdWhadS9CVlM0d3lCY2VVcFFtRzR0aE04YkpSeW95ekJJelVDbkJ0elpOWENzL25uNFFTSUQxdENUZ1MveWZMb3A1WjJvT25OTm5uYmdSVWlUWkg3cjJHZkpkaG1YTUV2cG9DZk1Hd0dQU0N1eVRtNEtmK29iczBZazcrc1BYOTl6VHcvazRlWi9WQW1tUHg2STZVcGk4aWVDRGhFR2RSaE1FVmNHK3RwdGZVV1JHZmFoNjRjZWYySlhnYU1WTHRrUGhqVXF3TUJEMkEyNjc3YlBYcFhielVSZ2d0N1FZQkxCWFhKcG1aUXFqaXVXOFhQWFFJbmRGRXdXWTZyZTRGVnptWFgxTGh3aUdEZWg4TzVqVmN4YU51d29BalhrdERNZUprWTk1bWsvMFNnb09DVGJNMGs1TlcvT1ZNTmpGY0ZHZ1N4eDJyQldnSXVOd2JVN3RnRHk2UnIxZm1lMS9NMCtQM0R6ckwxbjdQbTZOOC80Z1ZVWGFPc2J4NmIwM2twTk5xeTJzWXdZQ21qd0NPQ1BINzdvSzB5SnB2eEpiT2pQNCtBR2tTcHcyYmRmaHlkc2tPdzBLdHNaMHpZdlFaY1pSVERISXVwM1RvZ3NNWTJCdEJuZVJXczdmRXEyS0ZZUEVGNGkwNllKbWY3RFN2bWwwUlhNcHV3N0U5M1hlYUZCSXczV1FnMUlEMGhwc2Y4NWVIY3oxZXR0UGR5UDIvN25oblQwbjRkcTB5VzZrY2NiUzdjYUtMU3ZFRlI2dWZxS0JFU3pySzJtdVhrQi9tZ0xOL2R1NG1mcE50Q3RZUk9RLzBObDZUWUwvNFZnVmY2SWw5NlY5STNPQXBTaWQwMElDSXlNdm0vZUc0OEE0MnF5NTduM1pTMnhEdXZKcEh0dkdUMmowMitLdVlnV0ZQTGRIV3VSVTJYUDdNSDVjTHFBSytlbVNBVFkwODdmQk1pbjRpWnJvR05aTjFjNUthRUpmVjN2N1Mzcy9SdzdYdnpxcEx6UTFEcExJMkxST04xeEU3eXpJNmpyY3d2Q2NRdmZUeFl2dVR3SmpyaUZQY2JGazl5blRuMXVObWxJSDFhMHpPQk1YVWh0TGJJTlVaRmZpaXdwYjZMLzBqQkI1ZVNXN0pheXhGd1dMbVQwbEcrL2xGSTlmYlg1TTlMOFRiV2pCWlgrankzcHJNc2J3aHZ5cFZCb2oyd3MrdE5LZ2hLUitvak1kQ0ZQT2lmbnZQUGxEZklWT3RQNE15S28rT2dOQlNjbjJlWWczWVVSdHpLR2paK0JVYVhpTFI3dnNwSXEwL0IveVNadHFZMis3dU9XSkR1KzVzZXJzT0ZvK1FadDN4STRZUEQvM3J0QTBtVlcyclZNeW1kUTBYWU9ucVNvNTh2UTFqQkNLemszUEpEMWJWL2NTNmlXaVhBZGtzZTllVWJWdTJGQUlaSWRNTmVERmUzZ09jMHhBM0VUMXFueDBCVE5tTTFpbEhvSXZVTk1IMVlLdytHZHdwaEJOajFtbFRoVkZTUzdBRXBVRkNpWi9KUjVkOVpXaGR2UitIVnJVTlNmYnpxL1NDMkFVVXhqM25ZWGhuK2JUaXdENEZUeW1EOFBldkJPTDExcjBDSzJydFljT2x6eTBTdHNKSStCOFhNcUczOWJTUXd6YVEySUdNMVdqd0FNaTl1aXdYU2ZLQVZpUXJHOWMyS0FkRmw5eXFna1p5d29FNkNnQkRKSUc2MW5xL2FkV295VUJFQ3hQQXJHNDZQUXBlLyt2dm9oTUVhYUR1V1BzYmx6d1kwdmRManV3ejgwS0NKNkkyMnRVVWdIZk1lU2dmeGtNRVI0QWMrZ0JuT0ZoMFBHbDhKOS9LQnBKMW0wcmFucC80VXJuVThYOTNMTVR4eE53UU5mQkpOWmRhYzNCUW82VEhIellyME5XK3F2Uzd5bUFTV1NsVmpySWZ1MkxZbERHS2NXS01NZ1E1djFYdVhIQVJ2U0YzZWpsOXlQRHRheHhOK3BZaVFkLzlwNkhXUVQ0MmtQdUlZMFNDVFdRMEJ5MStQbDZ1bFNiWVV5MnJNcUhxUldDVVk0R29ucE9vdk0vSUJoemNhTXp3eUZ5VVlPTnFncGFmcXJ6cmNIenowNUFBdWFMNzBmS3d4RjF1VmY1cjVpa0RPTFV0MXdGbk5ReEs3bjM4eTZ3a1h2dXFTbnBuM0toVlZIcllkZzR2cHhxdFFpd0NGSXZHYnZFWmxVcWhyZ1JzWVpxYVhyQTRSTzlwbTc0eG1jdkVFQjRtblcyREIxWnBmK1MzOStkZGwxdFJhWkE0V3YwbWVUemRCNGhMWlRoQmFSTW9ERlgzSnlHbU1Qb0JMajNRUllGS0J2a2xtUTRFbXdMN3lUMlYzMFlFOW8rc2pnanlUa3Y3NGFNSlVTUGczNmpTRVpOMTM1Qm03VjhCSWgrMS9IeGx3MXZERDNMY0oxT01xRFkyN0NGUVpYYXI1MWdYZFIyRkI5MWZNNFBKUG12eFhvOW9wUDJsOVdKUFpMQUxhbGFqWWJLWUtZdldwNmtpY2tzVmtyZWlveHpuWkhJTExadytsWXBoekJkdlpqZGVtL1oxV0tyUUFpNlZzTUI0WHdZYlFKdjNxeFZCTTRoRmZBOU1abnlNZU9PUm1HYWp4L05yMkxUZ3NsUzkzWXR6Y0ZxeEw4djhFZ0pnOUlVb1ZBc3FXZlFILzJ2dnc2Tm1EQlRxb1ViNERBQUs4elYyY29QWE9YcHZQaFpmZkw0TGdBK3Robm10bXc5RS9JZW9yV0ZFbXNKWmpMNmdoUXI0b053ZVZqVGJjWm90NkpMK3p1ZTdWY0Fnam93djlhbWNhdHFidU56M2Z4TkdMRlpXZXVlSkUrdDlXQk93TnpjVVRiblZOeXZtOHBJQ2tscFUxNXcycWxhem5aYU9vSXBYRTZoVlFIUkk2WEx4VHpQcDduSllBNnhKVUZVNDgvZEdqNFhtTFVsZWpHNVNkUGFzbmlNOUFIN2pmak1MNFJkdkRGbnZxendIb2Rvb0tZc2taWmtDZHM5KzUvOHU1cE1ZTDNFSmRKUDRPTENIcHpSdG9xSXRhY3lEVUs0RGZEdGFNR2NGa2tSVDVZQnF3c3gvVzViNklOQUFwendFb25Xcnc0OEtCSkIyZDVsNXFPVGR5ZTFPRHBKcndqbkd4THZZY25FZEZ3elM1amRySVhSZ1M2bnd1RWh3a2VGTzRlMlBpcEZnSHcyMC9EM3UrdWdkak8xZW9LNGZTdUp4emY5WUtnOGxQZ1lwd1BVZUIvSVNNVytzc0lNb3NlNUhIY0NwSjJLcUFORUtWNmladVBVanV3MnpISmducGF2dGNXVFFPWmZGYUVpVGRzWVBMRm1sb2FkeEYraDJyNDBqR0E1cTdObEtEZDlGZDRLaUxtRjFKcDhkNEg1cE9iM3VERVFDeTZpclJVWlJ0bkNhUHZIOEhmRGJSeWY5VHdtcEVrNW5SaUJGYklXdStSd2k3QXI3eWNPQUZ3NG1nZm1mQlpJdHlQNi9xQkpTZjJhZ3M3TldyZTlMY1l3WitWUjV1Q2UzRVUyeXY3QU5kbEhGd2pCa1Y4MWxPaHpHMEs2bGJrZ1pHZWp3QXpsMmJVK2pLTW0wTzJrZ1JLdFpXOUJuOFptV3pRUzNUMURtWWdGWkE0VFhDc0pEZHJPYVY2SmNuSGN4cGRuM2xmNDdGTkw4SUV2TnpuMDQ2aXBnbW9vNFo3VTYyd1h2Rys4Y1UwUHV3RW56YWxJZ0dnY3IvZVpReDNiRHZoODYvV3hRemVNUDN3QjkxL01sTyszMk1VdHI5cGYwUzk3bjZsVU4wSHF3dlpud0cxZStjY2U2Ykh4NUVZdDZvZmRDblVKdnpCVGQxZWRaMFlQN2JNcWIvV3lRTDlWamc3ODBlekx6Rm82TEdPVkM3UEwwUVhoK2R5SVNMaWpBR2hYSXFoK3hRTmdBMHdlREV5SmY3Z2lSNlJsZ1lBTzhRdGxhS2YwWmxlYW03a1lkaVozMHExUWY4RHI4ZVlibGVKeHJ3M00vbDhCM3RDQktFWHpsNlhvYnpCcDE1RlEwK0ZqMVlvODdxVGp4cHdmejM5Zkk0ZWVSRTRSemVPbjdERjRTQ0F6bUlVSzU3b3lYRzZyS1NOa3QxTjFtSFhUQkFselpTVWJFckJTRDd0TXhSYXQ2ZW1PaUI5dEtOSm9HemQwcWpEYzdIdWVDRmE2MXdSV3Bwd0ZoQU9wekJPaEZtb3kzb2paWFdMUmZLV0lBYmdKbVdFcG56NENPZVg3V1VkRGJFNFY4VWMyRUh3bkFCdko2Y0pyUWRRY0ZCSGh4Z1d0ZGlXT21xSEhQU1JONlpvWTUyMWhpYzVKZzc4NlYwdlNqb2lHSElzN3BiRHBIRGJUTG00cmRWMDIzc3VSTXdFbjA5bStKaDNOTUxwZTFxZVNYYWkweUNOM04zR1dGa3RYUzZ4aGlYQnlyeDZzbUtKM3ozUnNhWERTM3UzdERsaTJ1QytoT1N5TytuQlUrZURJS000WHB3RENjbzlzZUNxMlBLRkw5WEVpanFSSjZaNDRGVkdmTTMySm03NVUySFhSN0VxRzB1a2ROczZYZmFxakR0V2g5V0FyN2J0OHhrL3YyMHNXZ0RiWmRtQ1NucktiMXZuanIva2ZaT1dTNk1VUDcvY0JPU1MwaHZ1cjdWWnR4OURkd0FmS2xHeTJCQ0MrU1JYVFdIUEZaUHBGVXZ6eGlSUkpKendoNkNTVEJqTXV4OVpmVCtJSFZBL1Y0R0FLSGlBNnFEM1AwOUxQTTNZbnFyZU42U1FienNjZHR5OWhBZU94UDBhSGIyNWIybDV0bjI5Slg0MEVPMEpaM2JIQTN4aTJmakFORmEvMDBuWUVjQnZ0Qnp2aDcvQUxHU1hhamdCcE5CZTJ1QW1vdWhKNFZrWVJVZkJhUHc5QWJPekpTZWZ5ZGVwc1dnbi8wZHNNRlg2dlE1SkpYSVdxRms1N3NZT2Yyd0R5YlRHVm5jSFNjWVJ2a2orM2xBVzVJelI2VWlwNlpaSmtjTzBFNFZkNEZHdnc0TmhNU3VvbGw4bDJCMy9weHc5VjIwanZaZ1h3UEdzOEN5bHNmSXFvaVdBMU9sb3p2NE1mbXJHbW1Jd2ZqeVdlUVdsb1pNaUpPZXdSL1VTdVJsN1RGK1VRd2syY0ZQZXp5NEdFSHJDY1F4Y0lZYUUzYTRpZm9WeHFHa1Q2Q3JBejRRTmpreG43M1N6VFpRZFpjdjRHVWJ1VVVTMEQxbXpjeVBmK2cxN1NyMGd1VkZJNzRvc2NvcnNxSU9yRXp0UElYeGZ2dz09Ojp6Z0cRBSrSraIQOr\/1Uck\/\"\/><input type=\"hidden\" id=\"_acf_nonce\" name=\"_acf_nonce\" value=\"0d4167337f\"\/><input type=\"hidden\" id=\"_acf_changed\" name=\"_acf_changed\" value=\"0\"\/><input type=\"hidden\" id=\"_acf_location[post_id]\" name=\"_acf_location[post_id]\" value=\"89\"\/>\t<\/div>\n\t<div class=\"acf-fields acf-form-fields -top\"><div class=\"acf-field acf-field-text acf-field--validate-email\" style=\"display:none !important;\" data-name=\"_validate_email\" data-type=\"text\" data-key=\"_validate_email\">\n<div class=\"acf-label\">\n<label for=\"acf-_validate_email\">Validar correo electr\u00f3nico<\/label><\/div>\n<div class=\"acf-input\">\n<div class=\"acf-input-wrap\"><input type=\"text\" id=\"acf-_validate_email\" name=\"acf[_validate_email]\"\/><\/div><\/div>\n<\/div>\n<fieldset>\r\n    <div class=\"acf-field acf-field-text acf-field-66b52261e58f0 is-required\" data-name=\"name\" data-type=\"text\" data-key=\"field_66b52261e58f0\" data-required=\"1\">\n<div class=\"acf-label\">\n<label for=\"acf-field_66b52261e58f0\">{ :en }First name{ : }{ :mx }Nombre de pila{ : }{ :br }Primeiro nome{ : } <span class=\"acf-required\">*<\/span><\/label><\/div>\n<div class=\"acf-input\">\n<div class=\"acf-input-wrap\"><input type=\"text\" id=\"acf-field_66b52261e58f0\" name=\"acf[field_66b52261e58f0]\" required=\"required\"\/><\/div><\/div>\n<\/div>\n\r\n    <div class=\"acf-field acf-field-text acf-field-66b524beecb68 is-required\" data-name=\"surname\" data-type=\"text\" data-key=\"field_66b524beecb68\" data-required=\"1\">\n<div class=\"acf-label\">\n<label for=\"acf-field_66b524beecb68\">{ :en }Last name{ : }{ :mx }Apellido{ : }{ :br }Sobrenome{ : } <span class=\"acf-required\">*<\/span><\/label><\/div>\n<div class=\"acf-input\">\n<div class=\"acf-input-wrap\"><input type=\"text\" id=\"acf-field_66b524beecb68\" name=\"acf[field_66b524beecb68]\" required=\"required\"\/><\/div><\/div>\n<\/div>\n\r\n<\/fieldset>\r\n<div class=\"acf-field acf-field-text acf-field-66b524d4621b7 is-required\" data-name=\"country\" data-type=\"text\" data-key=\"field_66b524d4621b7\" data-required=\"1\">\n<div class=\"acf-label\">\n<label for=\"acf-field_66b524d4621b7\">{ :en }What is your country of origin?{ : }{ :mx }\u00bfCual es tu pa\u00eds de origen?{ : }{ :br }Qual \u00e9 seu pa\u00eds de origem?{ : } <span class=\"acf-required\">*<\/span><\/label><\/div>\n<div class=\"acf-input\">\n<div class=\"acf-input-wrap\"><input type=\"text\" id=\"acf-field_66b524d4621b7\" name=\"acf[field_66b524d4621b7]\" required=\"required\"\/><\/div><\/div>\n<\/div>\n\r\n<div class=\"acf-field acf-field-email acf-field-66b557f3f64b4 is-required\" data-name=\"email\" data-type=\"email\" data-key=\"field_66b557f3f64b4\" data-required=\"1\">\n<div class=\"acf-label\">\n<label for=\"acf-field_66b557f3f64b4\">{ :en }Email address{ : }{ :mx }Direcci\u00f3n de correo electr\u00f3nico{ : }{ :br }Endere\u00e7o de email{ : } <span class=\"acf-required\">*<\/span><\/label><\/div>\n<div class=\"acf-input\">\n<div class=\"acf-input-wrap\"><input type=\"email\" id=\"acf-field_66b557f3f64b4\" name=\"acf[field_66b557f3f64b4]\" required=\"required\"\/><\/div><\/div>\n<\/div>\n\r\n<div class=\"acf-field acf-field-text acf-field-66b55806f64b5 is-required\" data-name=\"phone\" data-type=\"text\" data-key=\"field_66b55806f64b5\" data-required=\"1\">\n<div class=\"acf-label\">\n<label for=\"acf-field_66b55806f64b5\">{ :en }Phone number{ : }{ :mx }N\u00famero de tel\u00e9fono{ : }{ :br }N\u00famero de telefone{ : } <span class=\"acf-required\">*<\/span><\/label><\/div>\n<div class=\"acf-input\">\n<div class=\"acf-input-wrap\"><input type=\"text\" id=\"acf-field_66b55806f64b5\" name=\"acf[field_66b55806f64b5]\" required=\"required\"\/><\/div><\/div>\n<\/div>\n<\/div>            <div class=\"acf-form-submit\">\r\n                \r\n                                \r\n            <\/div>\r\n        <\/form>\n","protected":false},"excerpt":{"rendered":"<p>Env\u00edenos su informaci\u00f3n de contacto b\u00e1sica para que podamos registrar su cuenta.<\/p>\n","protected":false},"author":7,"featured_media":0,"parent":0,"menu_order":1,"comment_status":"closed","ping_status":"closed","template":"","meta":{"_acf_changed":false,"footnotes":""},"class_list":["post-89","page","type-page","status-publish","hentry"],"translation":{"provider":"WPGlobus","version":"3.0.0","language":"mx","enabled_languages":["en","mx","br"],"languages":{"en":{"title":true,"content":true,"excerpt":false},"mx":{"title":true,"content":true,"excerpt":false},"br":{"title":true,"content":true,"excerpt":false}}},"acf":[],"jetpack_sharing_enabled":true,"_links":{"self":[{"href":"https:\/\/app.chicagobilingualnurse.org\/mx\/wp-json\/wp\/v2\/pages\/89","targetHints":{"allow":["GET"]}}],"collection":[{"href":"https:\/\/app.chicagobilingualnurse.org\/mx\/wp-json\/wp\/v2\/pages"}],"about":[{"href":"https:\/\/app.chicagobilingualnurse.org\/mx\/wp-json\/wp\/v2\/types\/page"}],"author":[{"embeddable":true,"href":"https:\/\/app.chicagobilingualnurse.org\/mx\/wp-json\/wp\/v2\/users\/7"}],"replies":[{"embeddable":true,"href":"https:\/\/app.chicagobilingualnurse.org\/mx\/wp-json\/wp\/v2\/comments?post=89"}],"version-history":[{"count":7,"href":"https:\/\/app.chicagobilingualnurse.org\/mx\/wp-json\/wp\/v2\/pages\/89\/revisions"}],"predecessor-version":[{"id":754,"href":"https:\/\/app.chicagobilingualnurse.org\/mx\/wp-json\/wp\/v2\/pages\/89\/revisions\/754"}],"wp:attachment":[{"href":"https:\/\/app.chicagobilingualnurse.org\/mx\/wp-json\/wp\/v2\/media?parent=89"}],"curies":[{"name":"wp","href":"https:\/\/api.w.org\/{rel}","templated":true}]}}