{"id":93,"date":"2024-08-13T01:12:44","date_gmt":"2024-08-13T01:12:12","guid":{"rendered":"https:\/\/app.chicagonurse.org\/?page_id=93"},"modified":"2024-10-08T00:47:09","modified_gmt":"2024-10-08T00:47:09","slug":"evaluate","status":"publish","type":"page","link":"https:\/\/app.chicagobilingualnurse.org\/mx\/steps\/evaluate\/","title":{"rendered":"Eval\u00fae sus credenciales con CGFNS"},"content":{"rendered":"\n<p>Le sugerimos que eval\u00fae sus credenciales con la Comisi\u00f3n de Graduados de Escuelas de Enfermer\u00eda Extranjeras (<strong>CGFNS<\/strong>, por sus siglas en ingl\u00e9s), ya que somos agentes autorizados de su organizaci\u00f3n y podemos ayudarlo en ese proceso. Las tarifas de CGFNS son de $485 m\u00e1s $85 por cada p\u00e1gina que necesite traducir (diploma, licencia y transcripci\u00f3n de cr\u00e9ditos). El costo total de este paso es de <strong>$740<\/strong>.<\/p>\n\n\n\n<p>Tendr\u00e1 un a\u00f1o para presentar su solicitud una vez que abra su cuenta. Las alternativas a CGFNS incluyen <a href=\"https:\/\/www.eres.com\">Education Records evaluation Services<\/a>, <a href=\"https:\/\/www.jsilny.org\">Josef Silny and associates<\/a>, <a href=\"https:\/\/spantran.com\">The Evaluation Company<\/a>, y <a href=\"https:\/\/myiee.org\">International Education Evaluations<\/a>.<\/p>\n","protected":false},"excerpt":{"rendered":"<p>Le sugerimos que eval\u00fae sus credenciales con la Comisi\u00f3n de Graduados de Escuelas de Enfermer\u00eda Extranjeras (CGFNS, por sus siglas en ingl\u00e9s), ya que somos agentes autorizados de su organizaci\u00f3n y podemos ayudarlo en ese proceso. Las tarifas de CGFNS son de $485 m\u00e1s $85 por cada p\u00e1gina que necesite traducir (diploma, licencia y transcripci\u00f3n [&hellip;]<\/p>\n","protected":false},"author":7,"featured_media":0,"parent":91,"menu_order":0,"comment_status":"closed","ping_status":"closed","template":"","meta":{"_acf_changed":false,"footnotes":""},"class_list":["post-93","page","type-page","status-publish","hentry"],"translation":{"provider":"WPGlobus","version":"3.0.0","language":"mx","enabled_languages":["en","mx","br"],"languages":{"en":{"title":true,"content":true,"excerpt":false},"mx":{"title":true,"content":true,"excerpt":false},"br":{"title":true,"content":true,"excerpt":false}}},"acf":[],"jetpack_sharing_enabled":true,"_links":{"self":[{"href":"https:\/\/app.chicagobilingualnurse.org\/mx\/wp-json\/wp\/v2\/pages\/93","targetHints":{"allow":["GET"]}}],"collection":[{"href":"https:\/\/app.chicagobilingualnurse.org\/mx\/wp-json\/wp\/v2\/pages"}],"about":[{"href":"https:\/\/app.chicagobilingualnurse.org\/mx\/wp-json\/wp\/v2\/types\/page"}],"author":[{"embeddable":true,"href":"https:\/\/app.chicagobilingualnurse.org\/mx\/wp-json\/wp\/v2\/users\/7"}],"replies":[{"embeddable":true,"href":"https:\/\/app.chicagobilingualnurse.org\/mx\/wp-json\/wp\/v2\/comments?post=93"}],"version-history":[{"count":34,"href":"https:\/\/app.chicagobilingualnurse.org\/mx\/wp-json\/wp\/v2\/pages\/93\/revisions"}],"predecessor-version":[{"id":804,"href":"https:\/\/app.chicagobilingualnurse.org\/mx\/wp-json\/wp\/v2\/pages\/93\/revisions\/804"}],"up":[{"embeddable":true,"href":"https:\/\/app.chicagobilingualnurse.org\/mx\/wp-json\/wp\/v2\/pages\/91"}],"wp:attachment":[{"href":"https:\/\/app.chicagobilingualnurse.org\/mx\/wp-json\/wp\/v2\/media?parent=93"}],"curies":[{"name":"wp","href":"https:\/\/api.w.org\/{rel}","templated":true}]}}