{"id":95,"date":"2024-08-13T01:12:44","date_gmt":"2024-08-13T01:12:48","guid":{"rendered":"https:\/\/app.chicagonurse.org\/?page_id=95"},"modified":"2024-10-04T20:00:06","modified_gmt":"2024-10-04T20:00:06","slug":"translate","status":"publish","type":"page","link":"https:\/\/app.chicagobilingualnurse.org\/mx\/steps\/translate\/","title":{"rendered":"Traduce tus credenciales al ingl\u00e9s"},"content":{"rendered":"\n<p>Ahora que ha enviado su perfil a CGFNS, lo revisar\u00e1n y le solicitar\u00e1n informaci\u00f3n adicional. Una vez que haya comprado su solicitud, la ver\u00e1 en <a href=\"https:\/\/applicants.cgfns.org\/portal\/view\/dashboard\">su panel<\/a> de control como \u201c<strong>Credentials Evaluation Service (CES) \u2013 CES Professional Report Application<\/strong>\u201d. Siga ese enlace y despl\u00e1cese hacia abajo hasta \u201cDocumentos de fuentes primarias\u201d y encontrar\u00e1 dos documentos PDF:<\/p>\n\n\n\n<ol class=\"wp-block-list\">\n<li><strong>Nursing Education form<\/strong>, y<\/li>\n\n\n\n<li><strong>Request for License \/ Registration \/ Diploma \u2013 Nurse<\/strong><\/li>\n<\/ol>\n\n\n\n<p>Imprima <strong>ambos<\/strong> documentos y <strong>firme<\/strong> la <strong>primera p\u00e1gina<\/strong> de ambos. Debe enviar por correo el primer formulario a su escuela y el segundo a la autoridad reguladora\/autorizadora de enfermer\u00eda de su pa\u00eds de origen.<\/p>\n\n\n\n<p>Dentro de cada sobre, puede incluir un sobre de devoluci\u00f3n con direcci\u00f3n y sello para enviar a CGFNS. Esto podr\u00eda acelerar el proceso. Aseg\u00farese de que el sobre de devoluci\u00f3n est\u00e9 dirigido a la siguiente direcci\u00f3n:<\/p>\n\n\n\n<p><strong>CGFNS International, Inc.<br><\/strong>3600 Market Street, Suite 400<br>Philadelphia, PA 19104-2651<br>United States<\/p>\n\n\n\n<p>Y las direcciones \u201cde\u201d deben ser su escuela y la autoridad de licencias, respectivamente.<\/p>\n\n\n\n<p>Una vez que estas organizaciones env\u00eden por correo los formularios completos, CGFNS se comunicar\u00e1 con cada una de ellas para verificarlos. CGFNS puede tardar entre <strong>2<\/strong> y <strong>3<\/strong> meses en completar este proceso y devolver las credenciales traducidas. Mientras tanto, deber\u00eda considerar realizar el examen de competencia.<\/p>\n","protected":false},"excerpt":{"rendered":"<p>Ahora que ha enviado su perfil a CGFNS, lo revisar\u00e1n y le solicitar\u00e1n informaci\u00f3n adicional. Una vez que haya comprado su solicitud, la ver\u00e1 en su panel de control como \u201cCredentials Evaluation Service (CES) \u2013 CES Professional Report Application\u201d. Siga ese enlace y despl\u00e1cese hacia abajo hasta \u201cDocumentos de fuentes primarias\u201d y encontrar\u00e1 dos documentos [&hellip;]<\/p>\n","protected":false},"author":7,"featured_media":552,"parent":91,"menu_order":1,"comment_status":"closed","ping_status":"closed","template":"","meta":{"_acf_changed":false,"footnotes":""},"class_list":["post-95","page","type-page","status-publish","has-post-thumbnail","hentry"],"translation":{"provider":"WPGlobus","version":"3.0.0","language":"mx","enabled_languages":["en","mx","br"],"languages":{"en":{"title":true,"content":true,"excerpt":false},"mx":{"title":true,"content":true,"excerpt":false},"br":{"title":true,"content":true,"excerpt":false}}},"acf":[],"jetpack_sharing_enabled":true,"_links":{"self":[{"href":"https:\/\/app.chicagobilingualnurse.org\/mx\/wp-json\/wp\/v2\/pages\/95","targetHints":{"allow":["GET"]}}],"collection":[{"href":"https:\/\/app.chicagobilingualnurse.org\/mx\/wp-json\/wp\/v2\/pages"}],"about":[{"href":"https:\/\/app.chicagobilingualnurse.org\/mx\/wp-json\/wp\/v2\/types\/page"}],"author":[{"embeddable":true,"href":"https:\/\/app.chicagobilingualnurse.org\/mx\/wp-json\/wp\/v2\/users\/7"}],"replies":[{"embeddable":true,"href":"https:\/\/app.chicagobilingualnurse.org\/mx\/wp-json\/wp\/v2\/comments?post=95"}],"version-history":[{"count":14,"href":"https:\/\/app.chicagobilingualnurse.org\/mx\/wp-json\/wp\/v2\/pages\/95\/revisions"}],"predecessor-version":[{"id":779,"href":"https:\/\/app.chicagobilingualnurse.org\/mx\/wp-json\/wp\/v2\/pages\/95\/revisions\/779"}],"up":[{"embeddable":true,"href":"https:\/\/app.chicagobilingualnurse.org\/mx\/wp-json\/wp\/v2\/pages\/91"}],"wp:featuredmedia":[{"embeddable":true,"href":"https:\/\/app.chicagobilingualnurse.org\/mx\/wp-json\/wp\/v2\/media\/552"}],"wp:attachment":[{"href":"https:\/\/app.chicagobilingualnurse.org\/mx\/wp-json\/wp\/v2\/media?parent=95"}],"curies":[{"name":"wp","href":"https:\/\/api.w.org\/{rel}","templated":true}]}}